{"id":752446,"date":"2025-08-28T05:16:25","date_gmt":"2025-08-28T02:16:25","guid":{"rendered":"https:\/\/roveyayinevi.com.tr\/index.php\/urun\/gonul-eczanesi\/"},"modified":"2026-04-16T03:05:55","modified_gmt":"2026-04-16T00:05:55","slug":"gonul-eczanesi","status":"publish","type":"product","link":"https:\/\/roveyayinevi.com.tr\/index.php\/urun\/gonul-eczanesi\/","title":{"rendered":"G\u00f6n\u00fcl Eczanesi"},"content":{"rendered":"<p>\u201cBir otob\u00fcs\u00fc s\u00fcr\u00fcyorum. Evet, \u015fu s\u00fcr\u00fcc\u00fc ben de\u011fil miyim? Benim. Peki, otob\u00fcs\u00fcn arkas\u0131ndan ko\u015fan kim? Bir saniye. Evet, o da benim. Otob\u00fcs\u00fc yakalamaya \u00e7al\u0131\u015f\u0131yorum kan ter i\u00e7inde. Ayakkab\u0131lar\u0131m\u0131n i\u00e7i yan\u0131yor. K\u0131zg\u0131n ayakkab\u0131lar\u0131mdan dumanlar \u00e7\u0131k\u0131yor. Y\u00fcz\u00fcm ac\u0131yla gerilmi\u015f. Di\u015flerimi s\u0131k\u0131yorum ko\u015farken. Biraz da a\u011flamakl\u0131 gibiyim sanki. Otob\u00fcs\u00fcn ortas\u0131ndaki ne? Bu bir camdan tabut. R\u00fcyan\u0131n i\u00e7inde r\u00fcya g\u00f6r\u00fcyorum sanki. Aman tanr\u0131m tabutun i\u00e7inde iki ki\u015fi var ve hareket ediyorlar. Olamaz! G\u00f6zlerime inanam\u0131yorum. Biri annem \u00f6b\u00fcr\u00fc de sensin Selim&#8230;\u201d   Ben G\u00f6n\u00fcl. N\u00f6bet\u00e7i eczane G\u00f6n\u00fcl, asl\u0131na bak\u0131l\u0131rsa \u201cPansumanc\u0131 G\u00f6n\u00fcl\u201d de denilebilir. Bug\u00fcnden ge\u00e7mi\u015fime bakt\u0131\u011f\u0131mda, anl\u0131yorum ki engellenmi\u015f bir ka\u00e7a\u011f\u0131m ben\u2026 Sana ka\u00e7 defa; ya\u015fanan onca \u015feyden sonra \u201cBeni bana b\u0131rakma,\u201d demi\u015ftim. \u015eimdi ge\u00e7 de olsa anl\u0131yorum ki seninle bu karanl\u0131k ve u\u011fursuz geceye ad\u0131m ad\u0131m yakla\u015fm\u0131\u015f\u0131z. Art\u0131k d\u00f6n\u00fc\u015f\u00fc yok, ba\u015fl\u0131yoruz\u2026 <\/p>\n","protected":false},"excerpt":{"rendered":"<p>\u201cBir otob\u00fcs\u00fc s\u00fcr\u00fcyorum. Evet, \u015fu s\u00fcr\u00fcc\u00fc ben de\u011fil miyim? Benim. Peki, otob\u00fcs\u00fcn arkas\u0131ndan ko\u015fan kim? Bir saniye. Evet, o da benim. Otob\u00fcs\u00fc yakalamaya \u00e7al\u0131\u015f\u0131yorum kan ter<span class=\"excerpt-hellip\"> [\u2026]<\/span><\/p>\n","protected":false},"featured_media":0,"template":"","meta":{"_monsterinsights_skip_tracking":false,"_monsterinsights_sitenote_active":false,"_monsterinsights_sitenote_note":"","_monsterinsights_sitenote_category":0},"product_brand":[],"product_cat":[12291,12711],"product_tag":[],"class_list":{"0":"post-752446","1":"product","2":"type-product","3":"status-publish","5":"product_cat-edebiyat","6":"product_cat-roman-oyku","7":"pa_cilt-ciltsiz","8":"pa_tur-kitap","9":"pa_yayinevi-dokuz-yayinlari","10":"pa_yazar-cezmi-ersoz","12":"first","13":"instock","14":"sale","15":"shipping-taxable","16":"purchasable","17":"product-type-simple"},"_links":{"self":[{"href":"https:\/\/roveyayinevi.com.tr\/index.php\/wp-json\/wp\/v2\/product\/752446","targetHints":{"allow":["GET"]}}],"collection":[{"href":"https:\/\/roveyayinevi.com.tr\/index.php\/wp-json\/wp\/v2\/product"}],"about":[{"href":"https:\/\/roveyayinevi.com.tr\/index.php\/wp-json\/wp\/v2\/types\/product"}],"wp:attachment":[{"href":"https:\/\/roveyayinevi.com.tr\/index.php\/wp-json\/wp\/v2\/media?parent=752446"}],"wp:term":[{"taxonomy":"product_brand","embeddable":true,"href":"https:\/\/roveyayinevi.com.tr\/index.php\/wp-json\/wp\/v2\/product_brand?post=752446"},{"taxonomy":"product_cat","embeddable":true,"href":"https:\/\/roveyayinevi.com.tr\/index.php\/wp-json\/wp\/v2\/product_cat?post=752446"},{"taxonomy":"product_tag","embeddable":true,"href":"https:\/\/roveyayinevi.com.tr\/index.php\/wp-json\/wp\/v2\/product_tag?post=752446"}],"curies":[{"name":"wp","href":"https:\/\/api.w.org\/{rel}","templated":true}]}}