{"id":752440,"date":"2025-08-28T05:16:16","date_gmt":"2025-08-28T02:16:16","guid":{"rendered":"https:\/\/roveyayinevi.com.tr\/index.php\/urun\/bir-sarki-gibiydi\/"},"modified":"2026-04-16T03:05:55","modified_gmt":"2026-04-16T00:05:55","slug":"bir-sarki-gibiydi","status":"publish","type":"product","link":"https:\/\/roveyayinevi.com.tr\/index.php\/urun\/bir-sarki-gibiydi\/","title":{"rendered":"Bir \u015eark\u0131 Gibiydi"},"content":{"rendered":"<p>Tarihe d\u00f6n\u00fc\u015fen insan, insana d\u00f6n\u00fc\u015fen tarih, sevinci, ac\u0131y\u0131, ince alay\u0131 i\u00e7 i\u00e7e ya\u015far. Selimo\u011flu\u2019nun yaratt\u0131\u011f\u0131 \u00f6yk\u00fcsel be\u011feni de bu \u00f6\u011felerle olu\u015fur. \u00c7evreyi belirleyen nesneleri, insan\u0131n karakterini derinli\u011fine irdeler gibi alg\u0131lar Selimo\u011flu. \u00d6yk\u00fclerini, derinden alg\u0131lay\u0131c\u0131 be\u011feniyle kurgulad\u0131\u011f\u0131 g\u00f6r\u00fcl\u00fcyor. Denizin orta yerinde, \u201cinsan\u201d denen varl\u0131\u011f\u0131n en \u00f6nemsenmez gibi g\u00f6r\u00fcnen ser\u00fcvenlerini bu be\u011feniyle ilgin\u00e7 k\u0131l\u0131yor. Denizlerin kara g\u00f6r\u00fcnmeyen b\u00f6lgelerinde bir f\u0131nd\u0131kkabu\u011fu gibi k\u0131m\u0131lday\u0131p duran \u201cgemi\u201d ad\u0131ndaki nokta mek\u00e2nlarda, tek bir insan\u0131n evreni dolduran ser\u00fcveniyle de, insanl\u0131\u011f\u0131n bir tek insanda ac\u0131ya d\u00f6n\u00fc\u015fen ger\u00e7e\u011fiyle de bulu\u015fturuyor okurunu Selimo\u011flu. Adnan Binyazar   Zeyyat Selimo\u011flu kendi \u00f6yk\u00fc co\u011frafyas\u0131n\u0131 kuran bir anlat\u0131c\u0131. Her bir anlat\u0131s\u0131na yans\u0131yan insan\/do\u011fa, yer\/mek\u00e2n ger\u00e7ekli\u011finde ba\u015fat \u00f6ge bu kez Bir \u015eark\u0131 Gibiydi \u00f6yk\u00fclerinde birbirine eklemlenen duygu durumlar\u0131yla kar\u015f\u0131m\u0131za \u00e7\u0131kar. \u0130nsan\u0131n zaman\u0131n burgac\u0131ndan ge\u00e7en ruh hali, d\u00fc\u015fle ger\u00e7ek aras\u0131nda ya\u015fad\u0131\u011f\u0131 gel-gitler, ya\u015fanan yaln\u0131z durumlar\u0131n\u0131n ger\u00e7ekli\u011fi ironik bi\u00e7imde \u00f6yk\u00fclerde yer al\u0131r. Onun gezgin bak\u0131\u015f\u0131, yaratt\u0131\u011f\u0131 \u201cdeniz co\u011frafyas\u0131\u201dn\u0131n renkleri Bir \u015eark\u0131 Gibiydi kitab\u0131n\u0131n \u00f6yk\u00fcsel boyutunu zenginle\u015ftirdi\u011fi gibi, \u00f6yk\u00fcc\u00fcl\u00fc\u011f\u00fcm\u00fcze de ufuk a\u00e7an birikim olarak de\u011ferlendirilmeli.   Adnan Binyazar\u2019\u0131n sunu\u015f yaz\u0131s\u0131yla <\/p>\n","protected":false},"excerpt":{"rendered":"<p>Tarihe d\u00f6n\u00fc\u015fen insan, insana d\u00f6n\u00fc\u015fen tarih, sevinci, ac\u0131y\u0131, ince alay\u0131 i\u00e7 i\u00e7e ya\u015far. Selimo\u011flu\u2019nun yaratt\u0131\u011f\u0131 \u00f6yk\u00fcsel be\u011feni de bu \u00f6\u011felerle olu\u015fur. \u00c7evreyi belirleyen nesneleri, insan\u0131n karakterini<span class=\"excerpt-hellip\"> [\u2026]<\/span><\/p>\n","protected":false},"featured_media":0,"template":"","meta":{"_monsterinsights_skip_tracking":false,"_monsterinsights_sitenote_active":false,"_monsterinsights_sitenote_note":"","_monsterinsights_sitenote_category":0},"product_brand":[],"product_cat":[12291,18202],"product_tag":[],"class_list":{"0":"post-752440","1":"product","2":"type-product","3":"status-publish","5":"product_cat-edebiyat","6":"product_cat-hikaye","7":"pa_cilt-ciltsiz","8":"pa_tur-kitap","9":"pa_yayinevi-eksik-parca-yayinlari","10":"pa_yazar-zeyyat-selimoglu","12":"first","13":"instock","14":"sale","15":"shipping-taxable","16":"purchasable","17":"product-type-simple"},"_links":{"self":[{"href":"https:\/\/roveyayinevi.com.tr\/index.php\/wp-json\/wp\/v2\/product\/752440","targetHints":{"allow":["GET"]}}],"collection":[{"href":"https:\/\/roveyayinevi.com.tr\/index.php\/wp-json\/wp\/v2\/product"}],"about":[{"href":"https:\/\/roveyayinevi.com.tr\/index.php\/wp-json\/wp\/v2\/types\/product"}],"wp:attachment":[{"href":"https:\/\/roveyayinevi.com.tr\/index.php\/wp-json\/wp\/v2\/media?parent=752440"}],"wp:term":[{"taxonomy":"product_brand","embeddable":true,"href":"https:\/\/roveyayinevi.com.tr\/index.php\/wp-json\/wp\/v2\/product_brand?post=752440"},{"taxonomy":"product_cat","embeddable":true,"href":"https:\/\/roveyayinevi.com.tr\/index.php\/wp-json\/wp\/v2\/product_cat?post=752440"},{"taxonomy":"product_tag","embeddable":true,"href":"https:\/\/roveyayinevi.com.tr\/index.php\/wp-json\/wp\/v2\/product_tag?post=752440"}],"curies":[{"name":"wp","href":"https:\/\/api.w.org\/{rel}","templated":true}]}}