{"id":752439,"date":"2025-08-28T05:16:14","date_gmt":"2025-08-28T02:16:14","guid":{"rendered":"https:\/\/roveyayinevi.com.tr\/index.php\/urun\/dijital-dunyada-medyanin-yapisal-donusumu\/"},"modified":"2026-04-16T03:05:55","modified_gmt":"2026-04-16T00:05:55","slug":"dijital-dunyada-medyanin-yapisal-donusumu","status":"publish","type":"product","link":"https:\/\/roveyayinevi.com.tr\/index.php\/urun\/dijital-dunyada-medyanin-yapisal-donusumu\/","title":{"rendered":"Dijital D\u00fcnyada Medyan\u0131n Yap\u0131sal D\u00f6n\u00fc\u015f\u00fcm\u00fc"},"content":{"rendered":"<p>Tarih boyunca insano\u011flunun ya\u015fad\u0131\u011f\u0131 d\u00f6nemler ya\u015fanan geli\u015fmelere ba\u011fl\u0131 olarak farkl\u0131 isimlerle tan\u0131mland\u0131. Ta\u015f\u0131n yontulmas\u0131, tekerle\u011fin icad\u0131, yerle\u015fik hayata ge\u00e7i\u015f, end\u00fcstri devrimi gibi t\u00fcm geli\u015fmeler ya\u015fanan \u00e7a\u011flar\u0131 tan\u0131mlad\u0131. \u015eimdi ise; hepimiz dijital bir \u00e7a\u011fda ya\u015f\u0131yoruz. Bu \u00e7a\u011f; sa\u011fl\u0131ktan tar\u0131ma, ileti\u015fimden \u00fcretim ara\u00e7lar\u0131na, savunma sanayinden yapay zek\u00e2 uygulamalar\u0131na kadar t\u00fcm sekt\u00f6rlere damgas\u0131n\u0131 vurdu ve vurmaya devam ediyor. Dijitalle\u015fmenin getirdi\u011fi de\u011fi\u015fimler belki de tarihin hi\u00e7bir d\u00f6neminde g\u00f6r\u00fclmeyen bi\u00e7imde insan hayat\u0131n\u0131, ya\u015fam modellerini, be\u015fer\u00ee ili\u015fkileri etkiledi. Sosyoloji ve psikoloji gibi bilim dallar\u0131 art\u0131k \u00e7\u00f6z\u00fcmleme yaparken dijitalle\u015fmenin gerek insan gerekse toplum \u00fczerindeki etkilerini g\u00f6z ard\u0131 edemiyor. Ancak dijitalle\u015fmenin etkiledi\u011fi alanlar\u0131n ba\u015f\u0131nda hi\u00e7 \u015f\u00fcphesiz \u2018\u2019ileti\u015fim\u2019\u2019 geliyor. Art\u0131k bir \u2018\u2019t\u0131k\u2019\u2019la herkesin d\u00fcnyan\u0131n di\u011fer ucuna ba\u011flanabildi\u011fi; ak\u0131ll\u0131 telefonu olan herkesin birer \u2018\u2019muhabir\u2019\u2019 oldu\u011fu, TV haber b\u00fcltenlerinin WhatsApp hatlar\u0131n\u0131 \u2018\u2019haber kayna\u011f\u0131\u2019\u2019 olarak kulland\u0131\u011f\u0131 bu d\u00f6nemde dijital \u00e7a\u011f, ileti\u015fim ve yeni medyay\u0131 ba\u015ftan sona evrimle\u015ftiriyor. Sosyal medya hesaplar\u0131n\u0131n birer \u2018\u2019kimlik\u2019\u2019 haline geldi\u011fi bu d\u00f6nemde; yap\u0131lan payla\u015f\u0131mlar, kullan\u0131lan foto\u011fraflar, yaz\u0131lan i\u00e7erikler birer \u201cgazete\u2019\u2019 gibi anlam kazan\u0131yor. B\u00f6ylesine radikal de\u011fi\u015fimlerin ya\u015fand\u0131\u011f\u0131 bu d\u00f6nemde medyada yap\u0131sal d\u00f6n\u00fc\u015f\u00fcm\u00fcn ya\u015fanmamas\u0131 m\u00fcmk\u00fcn de\u011fil.  \u0130\u015fte bu yeni alana katk\u0131 sunmak vesilesiyle sevgili \u00f6\u011frencim ve meslekta\u015f\u0131m Dr. \u00d6\u011fr. \u00dcyesi Murat ERDO\u011eAN edit\u00f6rl\u00fc\u011f\u00fcnde \u2018\u2018D\u0130J\u0130TAL D\u00dcNYADA MEDYANIN YAPISAL D\u00d6N\u00dc\u015e\u00dcM\u00dc\u2019\u2019 ba\u015fl\u0131\u011f\u0131 alt\u0131nda haz\u0131rlanan bu eser, her ileti\u015fimcinin ba\u015fucu kitab\u0131 olacak; bug\u00fcn\u00fc ve yar\u0131n\u0131 daha iyi \u00e7\u00f6z\u00fcmleyecektir. Bu ama\u00e7la, birbirinden de\u011ferli ve \u00e7arp\u0131c\u0131 makaleleri kaleme alan de\u011ferli meslekta\u015flar\u0131m, Prof. Dr. Orhan Baytar\u2019a, Do\u00e7. Dr. Mesut Aytekin\u2019e, Ba\u015fak A. Ku\u015f\u2019a, Dr. \u00d6\u011fr. \u00dcyesi Erkan Turan\u2019a, Dr. \u00d6\u011fr. \u00dcyesi Murat Erdo\u011fan\u2019a, Dr. \u00d6\u011fr. \u00dcyesi Eda Mezda\u2019ya, Dr. \u00d6\u011fr. \u00dcyesi G\u00fclcennet \u00d6zt\u00fcrk \u00c7elebi\u2019ye, Dr. \u00d6\u011fr. \u00dcyesi Ufuk T\u00f6r\u00fcn\u2019e, Dr. \u00d6\u011fr. \u00dcyesi Seda Akta\u015f\u2019a, Ar. G\u00f6r. Serhat Kaya\u2019ya, \u00d6\u011fr. G\u00f6r. Seda Korkmaz\u2019a, \u00d6\u011fr. G\u00f6r. Sel\u00e7uk Kahraman\u2019a, Ar\u015f. G\u00f6r. Batuhan Av\u015faro\u011flu\u2019na ve Ara\u015f. G\u00f6r. Melisa Minaz\u2019a te\u015fekk\u00fcr ediyorum. Prof. Dr. Erg\u00fcn YOLCU<\/p>\n","protected":false},"excerpt":{"rendered":"<p>Tarih boyunca insano\u011flunun ya\u015fad\u0131\u011f\u0131 d\u00f6nemler ya\u015fanan geli\u015fmelere ba\u011fl\u0131 olarak farkl\u0131 isimlerle tan\u0131mland\u0131. Ta\u015f\u0131n yontulmas\u0131, tekerle\u011fin icad\u0131, yerle\u015fik hayata ge\u00e7i\u015f, end\u00fcstri devrimi gibi t\u00fcm geli\u015fmeler ya\u015fanan \u00e7a\u011flar\u0131<span class=\"excerpt-hellip\"> [\u2026]<\/span><\/p>\n","protected":false},"featured_media":0,"template":"","meta":{"_monsterinsights_skip_tracking":false,"_monsterinsights_sitenote_active":false,"_monsterinsights_sitenote_note":"","_monsterinsights_sitenote_category":0},"product_brand":[],"product_cat":[12573,12566],"product_tag":[],"class_list":{"0":"post-752439","1":"product","2":"type-product","3":"status-publish","5":"product_cat-akademik-kitaplar","6":"product_cat-egitim","7":"pa_cilt-ciltsiz","8":"pa_tur-kitap","9":"pa_yayinevi-platanus-publishing","10":"pa_yazar-kolektif","12":"first","13":"instock","14":"sale","15":"shipping-taxable","16":"purchasable","17":"product-type-simple"},"_links":{"self":[{"href":"https:\/\/roveyayinevi.com.tr\/index.php\/wp-json\/wp\/v2\/product\/752439","targetHints":{"allow":["GET"]}}],"collection":[{"href":"https:\/\/roveyayinevi.com.tr\/index.php\/wp-json\/wp\/v2\/product"}],"about":[{"href":"https:\/\/roveyayinevi.com.tr\/index.php\/wp-json\/wp\/v2\/types\/product"}],"wp:attachment":[{"href":"https:\/\/roveyayinevi.com.tr\/index.php\/wp-json\/wp\/v2\/media?parent=752439"}],"wp:term":[{"taxonomy":"product_brand","embeddable":true,"href":"https:\/\/roveyayinevi.com.tr\/index.php\/wp-json\/wp\/v2\/product_brand?post=752439"},{"taxonomy":"product_cat","embeddable":true,"href":"https:\/\/roveyayinevi.com.tr\/index.php\/wp-json\/wp\/v2\/product_cat?post=752439"},{"taxonomy":"product_tag","embeddable":true,"href":"https:\/\/roveyayinevi.com.tr\/index.php\/wp-json\/wp\/v2\/product_tag?post=752439"}],"curies":[{"name":"wp","href":"https:\/\/api.w.org\/{rel}","templated":true}]}}