{"id":752438,"date":"2025-08-28T05:16:13","date_gmt":"2025-08-28T02:16:13","guid":{"rendered":"https:\/\/roveyayinevi.com.tr\/index.php\/urun\/ittihat-ve-terakki-firkasinin-zulmune-direnen-trabzonlu-satirzade-hasan-hicabi-bey\/"},"modified":"2026-04-16T03:05:55","modified_gmt":"2026-04-16T00:05:55","slug":"ittihat-ve-terakki-firkasinin-zulmune-direnen-trabzonlu-satirzade-hasan-hicabi-bey","status":"publish","type":"product","link":"https:\/\/roveyayinevi.com.tr\/index.php\/urun\/ittihat-ve-terakki-firkasinin-zulmune-direnen-trabzonlu-satirzade-hasan-hicabi-bey\/","title":{"rendered":"\u0130ttihat ve Terakki F\u0131rkas\u0131n\u0131n Zulm\u00fcne Direnen Trabzonlu \u015eat\u0131rzade Hasan Hicabi Bey"},"content":{"rendered":"<p>Mil\u00e2t \u00f6ncesinde isk\u00e2na a\u00e7\u0131lan Trabzon \u015fehri, konumu itibariyle do\u011fudan, bat\u0131dan, kuzeyden ve g\u00fcneyden g\u00f6\u00e7 alarak insan yo\u011funlu\u011fu bak\u0131m\u0131ndan da ayr\u0131cal\u0131kl\u0131 hale gelmi\u015ftir. Trabzon merkezli olarak kurulan devletlerin en sonuncusu Fatih Sultan Mehmet Han\u2019\u0131n bu topraklar\u0131 fethetmesi sonucu Osmanl\u0131 Devletinin toprak b\u00fct\u00fcnl\u00fc\u011f\u00fcne kat\u0131ld\u0131. \u00d6nemli bir mahalde ve Do\u011fu Karadeniz\u2019in ticari a\u011f\u0131rl\u0131kl\u0131 b\u00f6lgesindeki bu vilayete do\u011fru bir g\u00f6\u00e7 hareketi ba\u015flad\u0131. Bu d\u00f6nemde Osmanl\u0131 H\u00fck\u00fcmetlerinin devlet olma hasletlerine y\u00f6nelik olarak yerle\u015ftirilenlerin yan\u0131nda bizatihi kendi iradeleriyle gelenler, b\u00f6lgede tutunarak kariyer elde ettiler. On sekizinci y\u00fczy\u0131l itibariyle zay\u0131flamaya ba\u015flayan otoritenin yerini ayan ve varl\u0131kl\u0131 aileler almaya ba\u015flad\u0131lar. Bu aileler, devletin yereldeki baz\u0131 i\u015flerini mevzuat do\u011frultusunda \u00fczerlerine alarak bu i\u015flemlerden gelir elde etmeye ba\u015flad\u0131lar. Elde ettikleri gelirler mevcut konumlar\u0131n\u0131n daha da g\u00fc\u00e7lenmesine sebebiyet verdi. Bu ailelerden birisi de \u015eat\u0131rz\u00e2de ailesiydi. \u015eat\u0131rz\u00e2de ailesi; Trabzon\u2019un eski, eski oldu\u011fu kadar da k\u00f6kl\u00fc ve hat\u0131r\u0131 say\u0131l\u0131r ailelerindendi. Ailenin erkekleri Trabzon\u2019un fethi s\u0131ras\u0131nda Osmanl\u0131 ordusuyla b\u00f6lgeye geldiler. Di\u011fer fertleri ise, fethin akabinde geldikleri bu b\u00f6lgeye isk\u00e2n politikas\u0131 do\u011frultusunda yerle\u015ftirildiler. Trabzon\u2019un fethedilerek Osmanl\u0131 topraklar\u0131na kat\u0131lmas\u0131 sonras\u0131 b\u00f6lgede kalma talebinde bulunan ailenin taleplerinin kabul edilmesi \u00fczerine yeni fethedilmi\u015f olan bu topraklara yerle\u015fmeye hak kazand\u0131lar. Yerle\u015fim yerleri; Trabzon merkeziyle Yomra nahiyesinde belirlenerek m\u00fclkiyetlerine tahsis edildi. \u015eat\u0131rz\u00e2de ailesinin ileri gelenleri aras\u0131na kat\u0131lan Hasan Hicabi Bey, nezih ve k\u00f6kl\u00fc bir ailenin evl\u00e2d\u0131 olarak 1882 senesinde Trabzon\u2019da do\u011fdu. D\u00f6nemine g\u00f6re iyi bir e\u011fitim ald\u0131. Zaman\u0131n\u0131n kaliteli e\u011fitim veren okullar\u0131ndan Trabzon \u0130dadisinde e\u011fitim g\u00f6rerek \u015fahadetname almaya muvaffak oldu. Bir m\u00fcddet ailesinin i\u015f ve i\u015flemleriyle ilgilendi. Bu d\u00f6nemde, ailenin i\u015f ve i\u015flemleri aras\u0131ndaki ticaret ve tar\u0131mdan ho\u015flanmad\u0131\u011f\u0131n\u0131n fark\u0131na vard\u0131. Bunun \u00fczerine yeni aray\u0131\u015flara girdi. O ana kadar d\u00fc\u015f\u00fcnce d\u00fcnyas\u0131n\u0131n bir b\u00f6l\u00fcm\u00fcnde duran yeni fikirlere y\u00f6neldi. D\u00fc\u015f\u00fcnce d\u00fcnyas\u0131n\u0131n bir b\u00f6l\u00fcm\u00fcnde fikir olarak duran d\u00fc\u015f\u00fcncelerini uygulamaya koymak \u00fczere \u0130stanbul\u2019a gitti. Cemiyet\u00e7ilik ve ard\u0131ndan da gazetecilik faaliyetlerinde bulundu. Daha sonralar\u0131 devletin memuriyet kademelerinde hizmet vermeye ba\u015flad\u0131. Trabzon\u2019da iken, siyasi d\u00fc\u015f\u00fcnce olarak iktidar\u0131 elinde bulunduran \u0130ttihat ve Terakki F\u0131rkas\u0131 kar\u015f\u0131t\u0131 bir tutum i\u00e7ine girdi. <\/p>\n","protected":false},"excerpt":{"rendered":"<p>Mil\u00e2t \u00f6ncesinde isk\u00e2na a\u00e7\u0131lan Trabzon \u015fehri, konumu itibariyle do\u011fudan, bat\u0131dan, kuzeyden ve g\u00fcneyden g\u00f6\u00e7 alarak insan yo\u011funlu\u011fu bak\u0131m\u0131ndan da ayr\u0131cal\u0131kl\u0131 hale gelmi\u015ftir. Trabzon merkezli olarak kurulan<span class=\"excerpt-hellip\"> [\u2026]<\/span><\/p>\n","protected":false},"featured_media":0,"template":"","meta":{"_monsterinsights_skip_tracking":false,"_monsterinsights_sitenote_active":false,"_monsterinsights_sitenote_note":"","_monsterinsights_sitenote_category":0},"product_brand":[],"product_cat":[12304],"product_tag":[],"class_list":{"0":"post-752438","1":"product","2":"type-product","3":"status-publish","5":"product_cat-tarih","6":"pa_cilt-ciltsiz","7":"pa_tur-kitap","8":"pa_yayinevi-zet-akademi-yayinlari","9":"pa_yazar-eyup-sahin","11":"first","12":"instock","13":"sale","14":"shipping-taxable","15":"purchasable","16":"product-type-simple"},"_links":{"self":[{"href":"https:\/\/roveyayinevi.com.tr\/index.php\/wp-json\/wp\/v2\/product\/752438","targetHints":{"allow":["GET"]}}],"collection":[{"href":"https:\/\/roveyayinevi.com.tr\/index.php\/wp-json\/wp\/v2\/product"}],"about":[{"href":"https:\/\/roveyayinevi.com.tr\/index.php\/wp-json\/wp\/v2\/types\/product"}],"wp:attachment":[{"href":"https:\/\/roveyayinevi.com.tr\/index.php\/wp-json\/wp\/v2\/media?parent=752438"}],"wp:term":[{"taxonomy":"product_brand","embeddable":true,"href":"https:\/\/roveyayinevi.com.tr\/index.php\/wp-json\/wp\/v2\/product_brand?post=752438"},{"taxonomy":"product_cat","embeddable":true,"href":"https:\/\/roveyayinevi.com.tr\/index.php\/wp-json\/wp\/v2\/product_cat?post=752438"},{"taxonomy":"product_tag","embeddable":true,"href":"https:\/\/roveyayinevi.com.tr\/index.php\/wp-json\/wp\/v2\/product_tag?post=752438"}],"curies":[{"name":"wp","href":"https:\/\/api.w.org\/{rel}","templated":true}]}}