{"id":752437,"date":"2025-08-28T05:16:13","date_gmt":"2025-08-28T02:16:13","guid":{"rendered":"https:\/\/roveyayinevi.com.tr\/index.php\/urun\/gocun-beyin-ile-yolculugu\/"},"modified":"2026-04-16T03:05:55","modified_gmt":"2026-04-16T00:05:55","slug":"gocun-beyin-ile-yolculugu","status":"publish","type":"product","link":"https:\/\/roveyayinevi.com.tr\/index.php\/urun\/gocun-beyin-ile-yolculugu\/","title":{"rendered":"G\u00f6\u00e7&#8217;\u00fcn Beyin \u0130le Yolculu\u011fu"},"content":{"rendered":"<p>Ekonominin b\u00fcy\u00fcmesine ve dolay\u0131s\u0131yla bir b\u00fct\u00fcn olarak ulusun b\u00fcy\u00fcmesine katk\u0131da bulunabilecek insanlar\u0131n \u00fclkeyi terk etmesi \u00fcz\u00fcc\u00fc\u2026 \u00dcstelik s\u00f6z konusu \u00fclke benim vatan\u0131msa&#8230; G\u00f6\u00e7, n\u00fcfusun artmas\u0131 ile ekonominin geli\u015fmesi aras\u0131ndaki dengesizli\u011fin bir sonucudur. Bu, varl\u0131kl\u0131 uluslar i\u00e7in iyi bir yetkin birey arz\u0131yla sonu\u00e7lan\u0131r, ancak en az geli\u015fmi\u015f \u00fclkelerde ve geli\u015fmekte olan \u00fclkelerde eksik istihdam ve e\u011fitimli n\u00fcfus eksikli\u011fi vard\u0131r, bu da e\u011fitimli i\u015f g\u00fcc\u00fc eksikli\u011fine neden olur. Y\u00fcksek e\u011fitimli insanlar\u0131n bir \u00fclkeden g\u00f6\u00e7 etmesi \u201cbeyin g\u00f6\u00e7\u00fc\u201d olarak bilinen bir durumdur ve bu bir\u00e7ok \u00fclkede bir sorundur. Dodani ve LaPorte\u2019ye (2005) g\u00f6re \u201ce\u011fitimli sa\u011fl\u0131k profesyonelleri i\u00e7in ticaret, e\u011fitim ve vas\u0131fl\u0131 insan kaynaklar\u0131\u201d beyin g\u00f6\u00e7\u00fcnden en olumsuz etkilenen alanlar. Beyin g\u00f6\u00e7\u00fc, yarat\u0131c\u0131 ve yetenekli bireylerin kim olduklar\u0131n\u0131 geli\u015ftirmek ve ke\u015ffetmek i\u00e7in kendi uluslar\u0131n\u0131 terk etmesi gibi yararl\u0131 etkilere sahip olabilir ve ayr\u0131ca g\u00f6\u00e7menlerin ba\u015fka \u00fclkelerde ya\u015fayarak zaman ge\u00e7irmelerini sa\u011flayabilir. Beyin g\u00f6\u00e7\u00fcn\u00fcn insan sermayesinde azalma gibi istenmeyen sonu\u00e7lar\u0131 da olabilir (Dodani ve LaPorte , 2005, s. 488). Yetenekli insanlar\u0131n \u00fclkelerinin getirdi\u011fi s\u0131n\u0131rlamalar nedeniyle ac\u0131 \u00e7ekmeye zorlanmas\u0131 adil de\u011fil. Zeki insanlar\u0131 geli\u015fme i\u00e7in ideal ko\u015fullara sahip b\u00f6lgelere yerle\u015ftirmek k\u00fcreselle\u015fmeye katk\u0131da bulunmakla kalmaz, ayn\u0131 zamanda t\u00fcm d\u00fcnyan\u0131n sadece b\u00fcy\u00fck, mutlu bir aile oldu\u011fu izlenimine de katk\u0131da bulunur. Bunun nihai etkisi, sadece be\u015feri sermayenin ortalama d\u00fczeyinde de\u011fil, ayn\u0131 zamanda toplam ekonomik \u00fcretkenlik d\u00fczeyinde de bir art\u0131\u015ft\u0131r (Stark, 2004, s. 15). Beyin g\u00f6\u00e7\u00fcne atfedilebilecek baz\u0131 olumlu sonu\u00e7lar olsa da, genel olarak daha olumsuz sonu\u00e7lar\u0131 vard\u0131r. Bu sadece e\u011fitimli insanlar\u0131n seyahat etti\u011fi \u00fclkenin ekonomisi i\u00e7in de\u011fil, ayn\u0131 zamanda bu insanlar\u0131n eninde sonunda gidecekleri \u00fclkenin ekonomisi i\u00e7in de ge\u00e7erlidir. Entelekt\u00fcel yetenek kayb\u0131, geli\u015fmekte olan uluslar\u0131n teknolojik ilerleme a\u00e7\u0131s\u0131ndan di\u011fer uluslar\u0131 yakalayamamas\u0131na katk\u0131da bulunan en \u00f6nemli fakt\u00f6rd\u00fcr. Yetenekli insanlar do\u011fduklar\u0131 \u00fclkede do\u011far, b\u00fcy\u00fcr ve orada e\u011fitim g\u00f6r\u00fcr; buna ra\u011fmen \u00e7al\u0131\u015fma ve kendilerine verileni geri \u00f6deme zaman\u0131 geldi\u011finde, ba\u015fka bir \u00fclkede i\u015f aramak i\u00e7in ana vatanlar\u0131n\u0131 terk ederler. \u0130nsanlar \u00e7e\u015fitli nedenlerle \u00fclkelerini terk etmeyi tercih ediyor; ilk \u00fc\u00e7, istihdam beklentileri eksikli\u011fi, sosyal adaletsizlik ve finansal istikrars\u0131zl\u0131k. Ba\u015fka yerlerde daha iyi profesyonel f\u0131rsatlar aramak i\u00e7in \u00fclkelerini terk etmek isteyen en b\u00fcy\u00fck say\u0131da insan\u0131 temsil ediyor. Davis ve Hart\u2019a (2010) g\u00f6re, \u201c2000 y\u0131l\u0131nda, \u00fcniversite veya y\u00fcksek lisans derecesine sahip bir ki\u015finin yasal olarak g\u00f6\u00e7 etme olas\u0131l\u0131\u011f\u0131, birden az e\u011fitim alm\u0131\u015f bir ki\u015fiye g\u00f6re alt\u0131 kat daha fazlayd\u0131.\u201d <\/p>\n","protected":false},"excerpt":{"rendered":"<p>Ekonominin b\u00fcy\u00fcmesine ve dolay\u0131s\u0131yla bir b\u00fct\u00fcn olarak ulusun b\u00fcy\u00fcmesine katk\u0131da bulunabilecek insanlar\u0131n \u00fclkeyi terk etmesi \u00fcz\u00fcc\u00fc\u2026 \u00dcstelik s\u00f6z konusu \u00fclke benim vatan\u0131msa&#8230; G\u00f6\u00e7, n\u00fcfusun artmas\u0131 ile<span class=\"excerpt-hellip\"> [\u2026]<\/span><\/p>\n","protected":false},"featured_media":0,"template":"","meta":{"_monsterinsights_skip_tracking":false,"_monsterinsights_sitenote_active":false,"_monsterinsights_sitenote_note":"","_monsterinsights_sitenote_category":0},"product_brand":[],"product_cat":[12324],"product_tag":[],"class_list":{"0":"post-752437","1":"product","2":"type-product","3":"status-publish","5":"product_cat-sosyoloji","6":"pa_cilt-ciltsiz","7":"pa_tur-kitap","8":"pa_yayinevi-zet-akademi-yayinlari","9":"pa_yazar-derya-berrak-yentur","11":"first","12":"instock","13":"sale","14":"shipping-taxable","15":"purchasable","16":"product-type-simple"},"_links":{"self":[{"href":"https:\/\/roveyayinevi.com.tr\/index.php\/wp-json\/wp\/v2\/product\/752437","targetHints":{"allow":["GET"]}}],"collection":[{"href":"https:\/\/roveyayinevi.com.tr\/index.php\/wp-json\/wp\/v2\/product"}],"about":[{"href":"https:\/\/roveyayinevi.com.tr\/index.php\/wp-json\/wp\/v2\/types\/product"}],"wp:attachment":[{"href":"https:\/\/roveyayinevi.com.tr\/index.php\/wp-json\/wp\/v2\/media?parent=752437"}],"wp:term":[{"taxonomy":"product_brand","embeddable":true,"href":"https:\/\/roveyayinevi.com.tr\/index.php\/wp-json\/wp\/v2\/product_brand?post=752437"},{"taxonomy":"product_cat","embeddable":true,"href":"https:\/\/roveyayinevi.com.tr\/index.php\/wp-json\/wp\/v2\/product_cat?post=752437"},{"taxonomy":"product_tag","embeddable":true,"href":"https:\/\/roveyayinevi.com.tr\/index.php\/wp-json\/wp\/v2\/product_tag?post=752437"}],"curies":[{"name":"wp","href":"https:\/\/api.w.org\/{rel}","templated":true}]}}