{"id":752436,"date":"2025-08-28T05:16:11","date_gmt":"2025-08-28T02:16:11","guid":{"rendered":"https:\/\/roveyayinevi.com.tr\/index.php\/urun\/curumeye-mahkum-edilmis-potansiyeller\/"},"modified":"2026-04-16T03:05:55","modified_gmt":"2026-04-16T00:05:55","slug":"curumeye-mahkum-edilmis-potansiyeller","status":"publish","type":"product","link":"https:\/\/roveyayinevi.com.tr\/index.php\/urun\/curumeye-mahkum-edilmis-potansiyeller\/","title":{"rendered":"\u00c7\u00fcr\u00fcmeye Mahkum Edilmi\u015f Potansiyeller"},"content":{"rendered":"<p>Bu kitapta; Amerika\u2019daki ve T\u00fcrkiye\u2019deki hem \u00f6\u011frencilik hem de e\u011fitmenlik tecr\u00fcbelerimi ele alarak, e\u011fitim sisteminin nas\u0131l daha verimli bir hale getirilebilir konusunu ele ald\u0131m. Ger\u00e7ek hayat hik\u00e2yelerinden esinlenerek, e\u011fitim sisteminde uygulanan verimsiz y\u00f6ntemlerin \u00f6\u011frenciler \u00fczerinde yaratt\u0131\u011f\u0131 problemlere de\u011findim. Bir e\u011fitmen kendine bi\u00e7ilen rol\u00fcn, sonu\u00e7 olarak bir tahribata m\u0131 yoksa sa\u011fl\u0131kl\u0131 bir \u015fekilde in\u015fa edilmi\u015f g\u00fc\u00e7l\u00fc bir yap\u0131ya m\u0131 d\u00f6n\u00fc\u015ft\u00fc\u011f\u00fcn\u00fc bu kitapta bulabilecek. <\/p>\n","protected":false},"excerpt":{"rendered":"<p>Bu kitapta; Amerika\u2019daki ve T\u00fcrkiye\u2019deki hem \u00f6\u011frencilik hem de e\u011fitmenlik tecr\u00fcbelerimi ele alarak, e\u011fitim sisteminin nas\u0131l daha verimli bir hale getirilebilir konusunu ele ald\u0131m. Ger\u00e7ek hayat<span class=\"excerpt-hellip\"> [\u2026]<\/span><\/p>\n","protected":false},"featured_media":0,"template":"","meta":{"_monsterinsights_skip_tracking":false,"_monsterinsights_sitenote_active":false,"_monsterinsights_sitenote_note":"","_monsterinsights_sitenote_category":0},"product_brand":[],"product_cat":[12573,12566],"product_tag":[],"class_list":{"0":"post-752436","1":"product","2":"type-product","3":"status-publish","5":"product_cat-akademik-kitaplar","6":"product_cat-egitim","7":"pa_cilt-ciltsiz","8":"pa_tur-kitap","9":"pa_yayinevi-zet-akademi-yayinlari","10":"pa_yazar-hilal-ortak","12":"first","13":"instock","14":"sale","15":"shipping-taxable","16":"purchasable","17":"product-type-simple"},"_links":{"self":[{"href":"https:\/\/roveyayinevi.com.tr\/index.php\/wp-json\/wp\/v2\/product\/752436","targetHints":{"allow":["GET"]}}],"collection":[{"href":"https:\/\/roveyayinevi.com.tr\/index.php\/wp-json\/wp\/v2\/product"}],"about":[{"href":"https:\/\/roveyayinevi.com.tr\/index.php\/wp-json\/wp\/v2\/types\/product"}],"wp:attachment":[{"href":"https:\/\/roveyayinevi.com.tr\/index.php\/wp-json\/wp\/v2\/media?parent=752436"}],"wp:term":[{"taxonomy":"product_brand","embeddable":true,"href":"https:\/\/roveyayinevi.com.tr\/index.php\/wp-json\/wp\/v2\/product_brand?post=752436"},{"taxonomy":"product_cat","embeddable":true,"href":"https:\/\/roveyayinevi.com.tr\/index.php\/wp-json\/wp\/v2\/product_cat?post=752436"},{"taxonomy":"product_tag","embeddable":true,"href":"https:\/\/roveyayinevi.com.tr\/index.php\/wp-json\/wp\/v2\/product_tag?post=752436"}],"curies":[{"name":"wp","href":"https:\/\/api.w.org\/{rel}","templated":true}]}}