{"id":752435,"date":"2025-08-28T05:16:10","date_gmt":"2025-08-28T02:16:10","guid":{"rendered":"https:\/\/roveyayinevi.com.tr\/index.php\/urun\/egitim-ve-teknoloji\/"},"modified":"2026-04-16T03:05:55","modified_gmt":"2026-04-16T00:05:55","slug":"egitim-ve-teknoloji","status":"publish","type":"product","link":"https:\/\/roveyayinevi.com.tr\/index.php\/urun\/egitim-ve-teknoloji\/","title":{"rendered":"E\u011fitim ve Teknoloji"},"content":{"rendered":"<p>D\u00fcnyan\u0131n en g\u00fc\u00e7l\u00fc kayna\u011f\u0131 bilgidir. Bilgi g\u00fc\u00e7t\u00fcr s\u00f6z\u00fcn\u00fcn ne kadar do\u011fru oldu\u011funu bilgi ve teknoloji d\u00fcnyas\u0131n\u0131n nimetlerini g\u00f6r\u00fcnce daha da iyi anl\u0131yoruz. Bilginin kayna\u011f\u0131 ne olursa olsun g\u00fcc\u00fcne kap\u0131lmadan \u00f6nce sorgulanmal\u0131 teyit edilmeli ele\u015ftirel yakla\u015f\u0131larak en do\u011fru bilginin olup olmad\u0131\u011f\u0131na karar verilmelidir. Bu ba\u011flamda bize yard\u0131mc\u0131 olacak olan \u015fey e\u011fitimdir. Bilgi ve ileti\u015fim teknolojisinden azami derecede yararlanmak bilginin kullan\u0131labilirli\u011fi ile do\u011fru orant\u0131l\u0131d\u0131r. En de\u011ferli bilgi kullan\u0131labilir olan bilgidir. Bilgiyi kullan\u0131labilir yapmak ise \u00e7al\u0131\u015ft\u0131\u011f\u0131m\u0131z alanlar\u0131n bilgilerine ula\u015fmay\u0131 sa\u011flayacak e\u011fitsel beceriye sahip olmaktan ge\u00e7er. Bilgi teknolojisinin nimetlerinden yararlanmak ad\u0131na yap\u0131lan de\u011ferli \u00e7al\u0131\u015fmalar\u0131n tasnif edilmesi kullan\u0131lmas\u0131 gelecek ku\u015faklara aktar\u0131lmas\u0131 a\u00e7\u0131s\u0131ndan \u00f6nemli g\u00f6r\u00fclmektedir. Bilgi ve ileti\u015fim ara\u00e7lar\u0131n\u0131n temel ama\u00e7lar\u0131 \u00f6\u011frencileri hayata haz\u0131rlamak, bilim okuryazarl\u0131\u011f\u0131n\u0131 artt\u0131rmak, bilgiye ula\u015fma ve bilgiyi bilin\u00e7li bir \u015fekilde kullanmak, bilgiyi de\u011ferlendirmek ve sonunda bilgiyi payla\u015fmakt\u0131r. <\/p>\n","protected":false},"excerpt":{"rendered":"<p>D\u00fcnyan\u0131n en g\u00fc\u00e7l\u00fc kayna\u011f\u0131 bilgidir. Bilgi g\u00fc\u00e7t\u00fcr s\u00f6z\u00fcn\u00fcn ne kadar do\u011fru oldu\u011funu bilgi ve teknoloji d\u00fcnyas\u0131n\u0131n nimetlerini g\u00f6r\u00fcnce daha da iyi anl\u0131yoruz. Bilginin kayna\u011f\u0131 ne olursa<span class=\"excerpt-hellip\"> [\u2026]<\/span><\/p>\n","protected":false},"featured_media":0,"template":"","meta":{"_monsterinsights_skip_tracking":false,"_monsterinsights_sitenote_active":false,"_monsterinsights_sitenote_note":"","_monsterinsights_sitenote_category":0},"product_brand":[],"product_cat":[12573,12566],"product_tag":[],"class_list":{"0":"post-752435","1":"product","2":"type-product","3":"status-publish","5":"product_cat-akademik-kitaplar","6":"product_cat-egitim","7":"pa_cilt-ciltsiz","8":"pa_tur-kitap","9":"pa_yayinevi-zet-akademi-yayinlari","10":"pa_yazar-engin-guvenc","12":"first","13":"instock","14":"sale","15":"shipping-taxable","16":"purchasable","17":"product-type-simple"},"_links":{"self":[{"href":"https:\/\/roveyayinevi.com.tr\/index.php\/wp-json\/wp\/v2\/product\/752435","targetHints":{"allow":["GET"]}}],"collection":[{"href":"https:\/\/roveyayinevi.com.tr\/index.php\/wp-json\/wp\/v2\/product"}],"about":[{"href":"https:\/\/roveyayinevi.com.tr\/index.php\/wp-json\/wp\/v2\/types\/product"}],"wp:attachment":[{"href":"https:\/\/roveyayinevi.com.tr\/index.php\/wp-json\/wp\/v2\/media?parent=752435"}],"wp:term":[{"taxonomy":"product_brand","embeddable":true,"href":"https:\/\/roveyayinevi.com.tr\/index.php\/wp-json\/wp\/v2\/product_brand?post=752435"},{"taxonomy":"product_cat","embeddable":true,"href":"https:\/\/roveyayinevi.com.tr\/index.php\/wp-json\/wp\/v2\/product_cat?post=752435"},{"taxonomy":"product_tag","embeddable":true,"href":"https:\/\/roveyayinevi.com.tr\/index.php\/wp-json\/wp\/v2\/product_tag?post=752435"}],"curies":[{"name":"wp","href":"https:\/\/api.w.org\/{rel}","templated":true}]}}