{"id":752429,"date":"2025-08-28T05:15:54","date_gmt":"2025-08-28T02:15:54","guid":{"rendered":"https:\/\/roveyayinevi.com.tr\/index.php\/urun\/para-nedir\/"},"modified":"2026-04-16T03:05:54","modified_gmt":"2026-04-16T00:05:54","slug":"para-nedir","status":"publish","type":"product","link":"https:\/\/roveyayinevi.com.tr\/index.php\/urun\/para-nedir\/","title":{"rendered":"Para Nedir?"},"content":{"rendered":"<p>G\u00fcl\u00fcmseyen Ekonomi Hik\u00e2yeleri\u2019nin amac\u0131, mutlu ve refah dolu bir hayat\u0131n temelini atarlarken \u00e7ocuklar\u0131n do\u011fru ekonomik de\u011fer ve al\u0131\u015fkanl\u0131klar\u0131 edinmelerine yard\u0131mc\u0131 olmakt\u0131r.   Bu Kitapta \u0130\u015flenen Temalar   1. Para Kavram\u0131 2. Paran\u0131n K\u0131sa Tarih\u00e7esi   Para nas\u0131l ortaya \u00e7\u0131kt\u0131? Para insanlar\u0131 mutlu da edebilir mutsuz da. Peki, para olmasa ne olurdu? Paray\u0131 kim, neden buldu? Her g\u00fcn kulland\u0131\u011f\u0131m\u0131z paran\u0131n hik\u00e2yesi olduk\u00e7a e\u011flenceli.   *** Para nedir acaba? \u00c7ok merak ediyorum. B\u00fcy\u00fckler paray\u0131 pek seviyor gibi. Yine de bazen para onlar\u0131 \u00fcz\u00fcyor sanki. Acaba onsuz olmaz m\u0131yd\u0131? Para kullanmadan da bir \u015feyler al\u0131nabilir mi?     Tema: Kendimizi d\u00fczenleme bi\u00e7imimiz Kavramlar ve Anahtar S\u00f6zc\u00fckler: Para, sat\u0131n alma, ke\u015fif ve icatlar, B\u0130L\u0130M, TEKNOLOJ\u0130 VE TOPLUM, finansal okuryazarl\u0131k, ekonomi, banknot, merkez bankas\u0131, darphane,  para harcamak, para biriktirmek,    Tutum ve De\u011ferler: Merak, \u00f6z denetim, sorumluluk Profil \u00d6\u011feleri: Bilgili, d\u00f6n\u00fc\u015f\u00fcml\u00fc d\u00fc\u015f\u00fcnen   G\u00dcL\u00dcMSEYEN EKONOM\u0130 H\u0130K\u00c2YELER\u0130 Para Nedir? Zenginler Nas\u0131l Zengin Oldu? Para Nas\u0131l Harcan\u0131r? Banka ve Birikim Bilge Karde\u015fler Ticarete At\u0131l\u0131yor       K\u0130TAPTAN   Uzun zaman \u00f6nce, Ta\u015f Devri\u2019nde, para diye bir \u015fey yoktu. \u0130htiyac\u0131n olan her \u015feyi kendi ba\u015f\u0131na elde etmen gerekirdi. Ancak zamanla insanlar ihtiya\u00e7lar\u0131ndan fazlas\u0131n\u0131n ellerinde kald\u0131\u011f\u0131n\u0131 fark ettiler. Daha sonra bunlar\u0131 isteyenlerle takas etmeye ba\u015flad\u0131lar. Ama elindeki \u00fcr\u00fcne ihtiyac\u0131 olan birisini bulmak kolay de\u011fildi. Bir \u00fcr\u00fcn\u00fc, hangi \u00fcr\u00fcnle de\u011fi\u015ftirebilece\u011fini bilmek de zordu. Bu y\u00fczden, insanlar daha kolay bir yol buldu. Birbirlerine \u00f6deme yapmak i\u00e7in deniz kabuklar\u0131, tuz, bu\u011fday gibi \u00fcr\u00fcnler kullanmaya ba\u015flad\u0131lar. Bir kese pirin\u00e7 i\u00e7in bir tavuk, bir k\u00e2se i\u00e7in on midye kabu\u011fu, i\u015fte \u00fcr\u00fcnlere b\u00f6yle de\u011fer bi\u00e7tiler.   Mal Para: Mallar\u0131n para olarak kullan\u0131lmas\u0131 Mal Para, \u00fcr\u00fcn\u00fcn \u00fcr\u00fcnle takas edilmesinin yaratt\u0131\u011f\u0131 zorluklar\u0131n \u00fcstesinden gelmek i\u00e7in mallar\u0131n para yerine kullan\u0131lmas\u0131d\u0131r. \u0130nsanlar yerle\u015fik hayata ge\u00e7ince tar\u0131m ve hayvanc\u0131l\u0131kla da u\u011fra\u015fmaya ba\u015flad\u0131lar. Bu d\u00f6nemde deniz kabu\u011fu, tuz, bu\u011fday gibi tah\u0131llar, kuma\u015f ve hayvanlar al\u0131n\u0131p sat\u0131ld\u0131. *** D\u00fcnya de\u011fi\u015fmeye devam etti. Yeni teknolojiler daha \u00f6nce hi\u00e7 g\u00f6r\u00fclmemi\u015f \u015feyler yaratt\u0131. Fabrikalar\u0131n a\u00e7\u0131lmas\u0131yla daha \u00e7ok \u00fcr\u00fcn daha h\u0131zl\u0131 \u00fcretilmeye ba\u015flad\u0131. Bu sayede birileri daha \u00e7ok para kazand\u0131. \u0130nsanlar neden \u00e7ok \u00e7al\u0131\u015fmak ya da a\u00e7 kalmak zorundayd\u0131? Ba\u015flarda, \u00fcr\u00fcnleri \u00fcretmek i\u00e7in insanlar i\u015fe al\u0131n\u0131yordu. Ancak, end\u00fcstriyel teknoloji geli\u015ftik\u00e7e \u00fcretim i\u00e7in makineler kullan\u0131lmaya ba\u015flad\u0131. Makine kullanarak daha fazla \u00fcr\u00fcn \u00fcretilebiliyordu. Makineler i\u015f\u00e7ilerin yerini ald\u0131k\u00e7a i\u015f bulmak zorla\u015ft\u0131. Bu nedenle insanlar makinelerin yapamad\u0131\u011f\u0131 zorlu i\u015flerde \u00e7al\u0131\u015fmak zorunda kal\u0131yor ya da i\u015f bulamad\u0131\u011f\u0131 i\u00e7in a\u00e7 kal\u0131yordu. Bu d\u00f6nemde fakirlik de artt\u0131. Baz\u0131s\u0131 refah i\u00e7inde ya\u015farken di\u011ferleri \u00e7ok \u00e7al\u0131\u015fmalar\u0131na ra\u011fmen para kazanmakta zorlan\u0131yordu. *** \u0130nsanlar bir kez daha oturup d\u00fc\u015f\u00fcnd\u00fcler: \u201cBuldum! Boyutu ve a\u011f\u0131rl\u0131\u011f\u0131 tutarl\u0131 bir metal \u00fcretebiliriz!\u201d   Aslan Kafas\u0131 Oymal\u0131 \u0130lk Madeni Para Resme bakacak olursan\u0131z, madeni paraya aslan kafas\u0131 oyulmu\u015f oldu\u011funu g\u00f6rebilirsiniz. Bu madeni para (sikke), \u00fcretilen ilk madeni paralardand\u0131. T\u00fcrkiye topraklar\u0131nda ya\u015fam\u0131\u015f olan Lidyal\u0131lar taraf\u0131ndan \u00fcretilmi\u015ftir. Eski zamanlarda say\u0131lar ve harfler bug\u00fcnk\u00fc kadar geli\u015fmi\u015f olmad\u0131\u011f\u0131ndan sikkeler resimlerle tan\u0131mlan\u0131yordu. Alt\u0131n, g\u00fcm\u00fc\u015f ve bak\u0131r\u0131 k\u00fc\u00e7\u00fck par\u00e7alara b\u00f6l\u00fcp, \u00e7eki\u00e7le vurarak yass\u0131 ve yuvarlak sikkelere \u00e7eviriyorlard\u0131. \u0130\u015fte ilk madeni para b\u00f6yle ortaya \u00e7\u0131kt\u0131! Nadir bulunan alt\u0131n\u0131n de\u011feri daha y\u00fcksek, yayg\u0131n bulunan bak\u0131r\u0131n de\u011feri daha d\u00fc\u015f\u00fckt\u00fc. <\/p>\n","protected":false},"excerpt":{"rendered":"<p>G\u00fcl\u00fcmseyen Ekonomi Hik\u00e2yeleri\u2019nin amac\u0131, mutlu ve refah dolu bir hayat\u0131n temelini atarlarken \u00e7ocuklar\u0131n do\u011fru ekonomik de\u011fer ve al\u0131\u015fkanl\u0131klar\u0131 edinmelerine yard\u0131mc\u0131 olmakt\u0131r. Bu Kitapta \u0130\u015flenen Temalar 1.<span class=\"excerpt-hellip\"> [\u2026]<\/span><\/p>\n","protected":false},"featured_media":0,"template":"","meta":{"_monsterinsights_skip_tracking":false,"_monsterinsights_sitenote_active":false,"_monsterinsights_sitenote_note":"","_monsterinsights_sitenote_category":0},"product_brand":[],"product_cat":[12274,15842],"product_tag":[],"class_list":{"0":"post-752429","1":"product","2":"type-product","3":"status-publish","5":"product_cat-cocuk-ve-genclik-kitaplari","6":"product_cat-egitici-kitaplar","7":"pa_cilt-ciltsiz","8":"pa_tur-kitap","9":"pa_yayinevi-elma-cocuk","10":"pa_yazar-hyerin-kim","12":"first","13":"instock","14":"sale","15":"shipping-taxable","16":"purchasable","17":"product-type-simple"},"_links":{"self":[{"href":"https:\/\/roveyayinevi.com.tr\/index.php\/wp-json\/wp\/v2\/product\/752429","targetHints":{"allow":["GET"]}}],"collection":[{"href":"https:\/\/roveyayinevi.com.tr\/index.php\/wp-json\/wp\/v2\/product"}],"about":[{"href":"https:\/\/roveyayinevi.com.tr\/index.php\/wp-json\/wp\/v2\/types\/product"}],"wp:attachment":[{"href":"https:\/\/roveyayinevi.com.tr\/index.php\/wp-json\/wp\/v2\/media?parent=752429"}],"wp:term":[{"taxonomy":"product_brand","embeddable":true,"href":"https:\/\/roveyayinevi.com.tr\/index.php\/wp-json\/wp\/v2\/product_brand?post=752429"},{"taxonomy":"product_cat","embeddable":true,"href":"https:\/\/roveyayinevi.com.tr\/index.php\/wp-json\/wp\/v2\/product_cat?post=752429"},{"taxonomy":"product_tag","embeddable":true,"href":"https:\/\/roveyayinevi.com.tr\/index.php\/wp-json\/wp\/v2\/product_tag?post=752429"}],"curies":[{"name":"wp","href":"https:\/\/api.w.org\/{rel}","templated":true}]}}