{"id":752428,"date":"2025-08-28T05:15:52","date_gmt":"2025-08-28T02:15:52","guid":{"rendered":"https:\/\/roveyayinevi.com.tr\/index.php\/urun\/para-nasil-harcanir\/"},"modified":"2026-04-16T03:05:54","modified_gmt":"2026-04-16T00:05:54","slug":"para-nasil-harcanir","status":"publish","type":"product","link":"https:\/\/roveyayinevi.com.tr\/index.php\/urun\/para-nasil-harcanir\/","title":{"rendered":"Para Nas\u0131l Harcan\u0131r?"},"content":{"rendered":"<p>G\u00fcl\u00fcmseyen Ekonomi Hik\u00e2yeleri\u2019nin amac\u0131, mutlu ve refah dolu bir hayat\u0131n temelini atarlarken \u00e7ocuklar\u0131n do\u011fru ekonomik de\u011fer ve al\u0131\u015fkanl\u0131klar\u0131 edinmelerine yard\u0131mc\u0131 olmakt\u0131r.   Bu Kitapta \u0130\u015flenen Temalar 1. Ekonomik Faaliyet ve Ak\u0131ll\u0131 Se\u00e7imler 2. \u00dclkemizin Ekonomik Geli\u015fmesi   Acaba param\u0131 nas\u0131l harcasam? Bisk\u00fcvi, oyuncak ay\u0131 ve bir de robot almak istiyorum. Ama annem ve babam param\u0131 d\u00fczg\u00fcn harcamam gerekti\u011fini s\u00f6yl\u00fcyor. Paray\u0131 d\u00fczg\u00fcn harcamak ne demek acaba? Do\u011fru olan, hi\u00e7bir \u015fey almamak m\u0131? ***   Annem ve babam ne garip. Paralar\u0131n\u0131 harcarken bir s\u00fcr\u00fc \u015feyi hesaba kat\u0131yorlar. Bazen daha ucuz olan\u0131 bazen daha pahal\u0131 olan\u0131 ar\u0131yorlar. Para nas\u0131l ak\u0131ll\u0131ca ve d\u00fczg\u00fcn harcan\u0131r? Tema: Kendimizi d\u00fczenleme bi\u00e7imimiz Kavramlar ve Anahtar S\u00f6zc\u00fckler: Para harcamak, \u00f6z y\u00f6netim, K\u0130\u015e\u0130SEL GEL\u0130\u015e\u0130M, finansal okuryazarl\u0131k, ekonomi, fiyat, t\u00fcketim, kalite, istek-ihtiya\u00e7, mutluluk, se\u00e7imler, b\u00fct\u00e7e Tutum ve De\u011ferler: Sayg\u0131, sevgi, sorumluluk, yard\u0131mseverlik Profil \u00d6\u011feleri: Sorgulayan, d\u00fc\u015f\u00fcnen, duyarl\u0131     G\u00dcL\u00dcMSEYEN EKONOM\u0130 H\u0130K\u00c2YELER\u0130 Para Nedir? Zenginler Nas\u0131l Zengin Oldu? Para Nas\u0131l Harcan\u0131r? Banka ve Birikim Bilge Karde\u015fler Ticarete At\u0131l\u0131yor       K\u0130TAPTAN   Annemle babam \u00e7ok garip. Bir \u015fey almak istediklerini s\u00f6yleyip bir kez daha d\u00fc\u015f\u00fcnelim diyorlar. \u201cElektrikli s\u00fcp\u00fcrgemiz eskimi\u015f. De\u011fi\u015ftirsek mi?\u201d \u201cDe\u011fi\u015ftirelim mi? Bozuk bile de\u011fil ki. Bir kez daha d\u00fc\u015f\u00fcnelim.\u201d Bir \u015fey istedi\u011fimi s\u00f6yledi\u011fimde bile her seferinde \u201cBir kez daha d\u00fc\u015f\u00fcnelim\u201d diyorlar. Ben bunu da almak istiyorum, bunu da, bunu da. \u201cNeden? Neden hepsini alam\u0131yoruz?\u201d \u201cBunlar\u0131n hepsini almak i\u00e7in \u00e7ok para laz\u0131m.\u201d \u201cBizim param\u0131z var ki&#8230; Babam da sen de her g\u00fcn para kazan\u0131yorsunuz ya.\u201d \u201cH\u0131\u0131\u0131mm\u2026\u201d Daha sonra annem ve babam bana \u015funlar\u0131 a\u00e7\u0131klad\u0131: \u201cPara kazanmak \u00f6nemlidir ama nas\u0131l harcad\u0131\u011f\u0131n da \u00f6nemlidir.\u201d \u201cAk\u0131ll\u0131ca harcama yaparsan rahat ya\u015fars\u0131n.\u201d Me\u011ferse harcayabilece\u011fimiz para miktar\u0131 belliymi\u015f. Bu y\u00fczden planl\u0131 harcamak \u00f6nemliymi\u015f. \u201c\u0130stedi\u011fin her \u015feyi elde edemezsin. Bir \u015feyi alabilmek i\u00e7in ba\u015fka bir \u015feyden vazge\u00e7men gerekir. Baz\u0131 \u00fcr\u00fcnler \u00e7ok g\u00fczeldir ama b\u00fct\u00e7emizi a\u015far. Baz\u0131 \u00fcr\u00fcnler ucuzdur ama kalitesizdir. \u00dcr\u00fcn\u00fcn fiyat\u0131, \u00fcr\u00fcn\u00fcn sat\u0131ld\u0131\u011f\u0131 yere g\u00f6re de de\u011fi\u015febilir.\u201d \u0130\u015fte ebeveynlerim tam da bu y\u00fczden bir \u015fey almadan \u00f6nce ara\u015ft\u0131rma yapar, soru sorar ve iyice d\u00fc\u015f\u00fcn\u00fcrler. \u201cBir \u00fcr\u00fcn\u00fc sat\u0131n al\u0131rken fiyat\/performans oran\u0131n\u0131 d\u00fc\u015f\u00fcnmek bu y\u00fczden \u00f6nemlidir.\u201d \u201cFiyat\/performans oran\u0131, \u00fcr\u00fcn\u00fcn fiyat\u0131n\u0131 \u00fcr\u00fcn\u00fcn performans\u0131yla k\u0131yaslamakt\u0131r. E\u011fer ayn\u0131 fiyatta iki \u00fcr\u00fcn varsa, performans\u0131 daha y\u00fcksek olan \u00fcr\u00fcn\u00fc se\u00e7mek gerekir.\u201d *** \u00c7i\u00e7ekler hemen solar. \u00c7i\u00e7ekten \u00e7ok daha uzun s\u00fcre dayanacak hediyeler dururken gidip \u00e7i\u00e7ek almas\u0131 \u00e7ok acayip, de\u011fil mi? \u201cBence \u00e7i\u00e7ekleri almak hi\u00e7 de ak\u0131ll\u0131ca bir harcama de\u011fildi.\u201d \u201c\u015eii\u015f\u015ftt! Annenin surat\u0131na baksana.\u201d Annemin y\u00fcz\u00fcne bak\u0131nca galiba anlad\u0131m. Bazen bir \u00fcr\u00fcn\u00fc al\u0131rken fiyat\u0131ndan daha \u00f6nemli \u015feyler vard\u0131r.   <\/p>\n","protected":false},"excerpt":{"rendered":"<p>G\u00fcl\u00fcmseyen Ekonomi Hik\u00e2yeleri\u2019nin amac\u0131, mutlu ve refah dolu bir hayat\u0131n temelini atarlarken \u00e7ocuklar\u0131n do\u011fru ekonomik de\u011fer ve al\u0131\u015fkanl\u0131klar\u0131 edinmelerine yard\u0131mc\u0131 olmakt\u0131r. Bu Kitapta \u0130\u015flenen Temalar 1.<span class=\"excerpt-hellip\"> [\u2026]<\/span><\/p>\n","protected":false},"featured_media":0,"template":"","meta":{"_monsterinsights_skip_tracking":false,"_monsterinsights_sitenote_active":false,"_monsterinsights_sitenote_note":"","_monsterinsights_sitenote_category":0},"product_brand":[],"product_cat":[12274,15842],"product_tag":[],"class_list":{"0":"post-752428","1":"product","2":"type-product","3":"status-publish","5":"product_cat-cocuk-ve-genclik-kitaplari","6":"product_cat-egitici-kitaplar","7":"pa_cilt-ciltsiz","8":"pa_tur-kitap","9":"pa_yayinevi-elma-cocuk","10":"pa_yazar-hyunjoon-shin","12":"first","13":"instock","14":"sale","15":"shipping-taxable","16":"purchasable","17":"product-type-simple"},"_links":{"self":[{"href":"https:\/\/roveyayinevi.com.tr\/index.php\/wp-json\/wp\/v2\/product\/752428","targetHints":{"allow":["GET"]}}],"collection":[{"href":"https:\/\/roveyayinevi.com.tr\/index.php\/wp-json\/wp\/v2\/product"}],"about":[{"href":"https:\/\/roveyayinevi.com.tr\/index.php\/wp-json\/wp\/v2\/types\/product"}],"wp:attachment":[{"href":"https:\/\/roveyayinevi.com.tr\/index.php\/wp-json\/wp\/v2\/media?parent=752428"}],"wp:term":[{"taxonomy":"product_brand","embeddable":true,"href":"https:\/\/roveyayinevi.com.tr\/index.php\/wp-json\/wp\/v2\/product_brand?post=752428"},{"taxonomy":"product_cat","embeddable":true,"href":"https:\/\/roveyayinevi.com.tr\/index.php\/wp-json\/wp\/v2\/product_cat?post=752428"},{"taxonomy":"product_tag","embeddable":true,"href":"https:\/\/roveyayinevi.com.tr\/index.php\/wp-json\/wp\/v2\/product_tag?post=752428"}],"curies":[{"name":"wp","href":"https:\/\/api.w.org\/{rel}","templated":true}]}}