{"id":752426,"date":"2025-08-28T05:15:50","date_gmt":"2025-08-28T02:15:50","guid":{"rendered":"https:\/\/roveyayinevi.com.tr\/index.php\/urun\/turkce-aciklamali-temel-ingilizce\/"},"modified":"2026-04-03T03:08:01","modified_gmt":"2026-04-03T00:08:01","slug":"turkce-aciklamali-temel-ingilizce","status":"publish","type":"product","link":"https:\/\/roveyayinevi.com.tr\/index.php\/urun\/turkce-aciklamali-temel-ingilizce\/","title":{"rendered":"T\u00fcrk\u00e7e A\u00e7\u0131klamal\u0131 Temel \u0130ngilizce"},"content":{"rendered":"<p>\u00d6\u011frencilerin \u0130ngilizce \u00f6\u011frenirlerken kar\u015f\u0131 kar\u015f\u0131ya geldikleri en b\u00fcy\u00fck zorluklar T\u00fcrk\u00e7enin dilsel \u00f6zellikleri ile \u0130ngilizcenin dilsel \u00f6zelliklerinin aras\u0131ndaki farklardan kaynaklanmaktad\u0131r. Cemal \u00d6zg\u00fcven elinizdeki bu kitapta i\u015fte bu zorluklar\u0131 gidermek amac\u0131yla ileti\u015fim becerilerini geli\u015ftirici bir y\u00f6ntem uygulayarak T\u00fcrk\u00e7e ve \u0130ngilizce gramer yap\u0131lar\u0131n\u0131 y\u00fczlerce \u00f6rnek ve al\u0131\u015ft\u0131rma ile destekleyerek kar\u015f\u0131la\u015ft\u0131rmaktad\u0131r. 150 gramer terimini tan\u0131mlayan ve \u00f6rneklerle desteleyerek a\u00e7\u0131klayan bir s\u00f6zl\u00fckle ba\u015flayan T\u00fcrk\u00e7e A\u00e7\u0131klamal\u0131 Temel \u0130ngilizce, 4 k\u0131s\u0131mdan meydana geliyor. Birinci k\u0131s\u0131mda, temel \u0130ngilizce gramer bilgileri T\u00fcrk\u00e7e a\u00e7\u0131klamal\u0131 ve kolay anla\u015f\u0131l\u0131r bir \u015fekilde veriliyor. \u0130kinci k\u0131s\u0131mda ise \u0130ngilizcede ba\u011f\u0131ml\u0131 yan c\u00fcmleler konusu ele al\u0131n\u0131yor. Dil \u00f6\u011freniminde b\u00fcy\u00fck \u00f6neme sahip noktalardan biri olan kelime \u00f6\u011frenimi \u00fc\u00e7\u00fcnc\u00fc k\u0131sm\u0131n konusu\u2026 Kitab\u0131n d\u00f6rd\u00fcnc\u00fc k\u0131sm\u0131nda da \u0130ngilizceden T\u00fcrk\u00e7eye yap\u0131lan \u00e7eviri metinler ele al\u0131n\u0131yor. <\/p>\n","protected":false},"excerpt":{"rendered":"<p>\u00d6\u011frencilerin \u0130ngilizce \u00f6\u011frenirlerken kar\u015f\u0131 kar\u015f\u0131ya geldikleri en b\u00fcy\u00fck zorluklar T\u00fcrk\u00e7enin dilsel \u00f6zellikleri ile \u0130ngilizcenin dilsel \u00f6zelliklerinin aras\u0131ndaki farklardan kaynaklanmaktad\u0131r. Cemal \u00d6zg\u00fcven elinizdeki bu kitapta i\u015fte bu<span class=\"excerpt-hellip\"> [\u2026]<\/span><\/p>\n","protected":false},"featured_media":0,"template":"","meta":{"_monsterinsights_skip_tracking":false,"_monsterinsights_sitenote_active":false,"_monsterinsights_sitenote_note":"","_monsterinsights_sitenote_category":0},"product_brand":[],"product_cat":[12567,12566],"product_tag":[],"class_list":{"0":"post-752426","1":"product","2":"type-product","3":"status-publish","5":"product_cat-diger-egitim","6":"product_cat-egitim","7":"pa_cilt-ciltsiz","8":"pa_tur-kitap","9":"pa_yayinevi-inkilap-kitabevi","10":"pa_yazar-cemal-ozguven","12":"first","13":"instock","14":"sale","15":"shipping-taxable","16":"purchasable","17":"product-type-simple"},"_links":{"self":[{"href":"https:\/\/roveyayinevi.com.tr\/index.php\/wp-json\/wp\/v2\/product\/752426","targetHints":{"allow":["GET"]}}],"collection":[{"href":"https:\/\/roveyayinevi.com.tr\/index.php\/wp-json\/wp\/v2\/product"}],"about":[{"href":"https:\/\/roveyayinevi.com.tr\/index.php\/wp-json\/wp\/v2\/types\/product"}],"wp:attachment":[{"href":"https:\/\/roveyayinevi.com.tr\/index.php\/wp-json\/wp\/v2\/media?parent=752426"}],"wp:term":[{"taxonomy":"product_brand","embeddable":true,"href":"https:\/\/roveyayinevi.com.tr\/index.php\/wp-json\/wp\/v2\/product_brand?post=752426"},{"taxonomy":"product_cat","embeddable":true,"href":"https:\/\/roveyayinevi.com.tr\/index.php\/wp-json\/wp\/v2\/product_cat?post=752426"},{"taxonomy":"product_tag","embeddable":true,"href":"https:\/\/roveyayinevi.com.tr\/index.php\/wp-json\/wp\/v2\/product_tag?post=752426"}],"curies":[{"name":"wp","href":"https:\/\/api.w.org\/{rel}","templated":true}]}}