{"id":752425,"date":"2025-08-28T05:15:48","date_gmt":"2025-08-28T02:15:48","guid":{"rendered":"https:\/\/roveyayinevi.com.tr\/index.php\/urun\/yilanli-bahce\/"},"modified":"2026-04-16T03:05:54","modified_gmt":"2026-04-16T00:05:54","slug":"yilanli-bahce","status":"publish","type":"product","link":"https:\/\/roveyayinevi.com.tr\/index.php\/urun\/yilanli-bahce\/","title":{"rendered":"Y\u0131lanl\u0131 Bah\u00e7e"},"content":{"rendered":"<p>Bilmem, bilemem hayat\u0131n sade tuzu, ekme\u011fini ama g\u00f6rd\u00fcm ne kahramanlar\u0131n kahramanl\u0131\u011f\u0131 ne de krallar\u0131n krall\u0131\u011f\u0131n\u0131. Hi\u00e7birinin h\u00fckm\u00fc yok huzurumda. Ta\u015flayacaksan\u0131z ta\u015flay\u0131n beni k\u00f6p\u00fc\u011f\u00fcn \u00e7i\u00e7ek verdi\u011fi f\u0131s\u0131lt\u0131 \u00f6l\u00fcms\u00fcz y\u0131lanlar\u0131m\u0131n \u015fark\u0131s\u0131d\u0131r bulut ve pas aras\u0131nda P.     S\u0131rtlar\u0131ndan \u00e7ak\u0131llar \u00e7ekilir de okyanus gelirmi\u015fcesine ta\u015fla\u015ft\u0131r iki depremlik can\u0131 kals\u0131n tecav\u00fcz edilenin cezaland\u0131\u011f\u0131 \u00e7ivileri \u00e7\u0131kan memleketinde ci\u011ferin k\u0131z\u0131l yans\u0131n y\u0131lan elmay\u0131 yaran d\u00fc\u011f\u00fcn g\u00fcn\u00fcnde C. <\/p>\n","protected":false},"excerpt":{"rendered":"<p>Bilmem, bilemem hayat\u0131n sade tuzu, ekme\u011fini ama g\u00f6rd\u00fcm ne kahramanlar\u0131n kahramanl\u0131\u011f\u0131 ne de krallar\u0131n krall\u0131\u011f\u0131n\u0131. Hi\u00e7birinin h\u00fckm\u00fc yok huzurumda. Ta\u015flayacaksan\u0131z ta\u015flay\u0131n beni k\u00f6p\u00fc\u011f\u00fcn \u00e7i\u00e7ek verdi\u011fi f\u0131s\u0131lt\u0131<span class=\"excerpt-hellip\"> [\u2026]<\/span><\/p>\n","protected":false},"featured_media":0,"template":"","meta":{"_monsterinsights_skip_tracking":false,"_monsterinsights_sitenote_active":false,"_monsterinsights_sitenote_note":"","_monsterinsights_sitenote_category":0},"product_brand":[],"product_cat":[12291,12509],"product_tag":[],"class_list":{"0":"post-752425","1":"product","2":"type-product","3":"status-publish","5":"product_cat-edebiyat","6":"product_cat-siir","7":"pa_cilt-ciltsiz","8":"pa_tur-kitap","9":"pa_yayinevi-inkilap-kitabevi","10":"pa_yazar-pelin-batu-cihan-yurdaun","12":"first","13":"instock","14":"sale","15":"shipping-taxable","16":"purchasable","17":"product-type-simple"},"_links":{"self":[{"href":"https:\/\/roveyayinevi.com.tr\/index.php\/wp-json\/wp\/v2\/product\/752425","targetHints":{"allow":["GET"]}}],"collection":[{"href":"https:\/\/roveyayinevi.com.tr\/index.php\/wp-json\/wp\/v2\/product"}],"about":[{"href":"https:\/\/roveyayinevi.com.tr\/index.php\/wp-json\/wp\/v2\/types\/product"}],"wp:attachment":[{"href":"https:\/\/roveyayinevi.com.tr\/index.php\/wp-json\/wp\/v2\/media?parent=752425"}],"wp:term":[{"taxonomy":"product_brand","embeddable":true,"href":"https:\/\/roveyayinevi.com.tr\/index.php\/wp-json\/wp\/v2\/product_brand?post=752425"},{"taxonomy":"product_cat","embeddable":true,"href":"https:\/\/roveyayinevi.com.tr\/index.php\/wp-json\/wp\/v2\/product_cat?post=752425"},{"taxonomy":"product_tag","embeddable":true,"href":"https:\/\/roveyayinevi.com.tr\/index.php\/wp-json\/wp\/v2\/product_tag?post=752425"}],"curies":[{"name":"wp","href":"https:\/\/api.w.org\/{rel}","templated":true}]}}