{"id":752422,"date":"2025-08-28T05:15:44","date_gmt":"2025-08-28T02:15:44","guid":{"rendered":"https:\/\/roveyayinevi.com.tr\/index.php\/urun\/yapit-sokum\/"},"modified":"2026-04-16T03:05:54","modified_gmt":"2026-04-16T00:05:54","slug":"yapit-sokum","status":"publish","type":"product","link":"https:\/\/roveyayinevi.com.tr\/index.php\/urun\/yapit-sokum\/","title":{"rendered":"Yap\u0131(t) S\u00f6k\u00fcm"},"content":{"rendered":"<p>Resim, heykel, klasik m\u00fczik, edebiyat, \u00e7izgi roman ve sinema yaz\u0131lar\u0131ndan olu\u015fan Yap\u0131(t)s\u00f6k\u00fcm, sanat eserlerinin i\u015faret etti\u011fi, vurgulad\u0131\u011f\u0131, indirgedi\u011fi, soyutlad\u0131\u011f\u0131, \u00f6rtt\u00fc\u011f\u00fc, betimledi\u011fi, kavramsalla\u015ft\u0131rd\u0131\u011f\u0131 bile\u015fenleri yal\u0131nl\u0131kla de\u015fifre ediyor. Sanat yap\u0131tlar\u0131n\u0131n estetik ve felsefi yap\u0131lar\u0131n\u0131 rasyonel fakat duygulu bir dilde s\u00f6k\u00fcyor. \u201cKe\u015fke elinizdeki kitab\u0131 ben yazm\u0131\u015f olsayd\u0131m, bu c\u00fcmleyi de Yal\u0131n Alpay kursayd\u0131.\u201d \u2013 Murat Mente\u015f \u201cYal\u0131n Alpay eline kalemi al\u0131p, resim, m\u00fczik, edebiyat hakk\u0131nda yazd\u0131\u011f\u0131nda, Roland Barthes\u2019\u0131n metin hazz\u0131 dedi\u011fi hazz\u0131 ya\u015fat\u0131r okuruna. G\u00fc\u00e7l\u00fc bir g\u00f6zlem ve analiz e\u015fli\u011finde en karma\u015f\u0131k konular, Alpay\u2019\u0131n kaleminden \u00e7\u0131kan t\u00fcmcelerde en sarih bi\u00e7imini bulur. Bak\u0131\u015f\u0131 \u00f6ylesine yetkinle\u015fmi\u015ftir ki t\u00fcm bir ya\u015fam\u0131 ya da eseri o tan\u0131k oldu\u011fu par\u00e7as\u0131ndan yakalar ve ger\u00e7e\u011fini olanca a\u00e7\u0131kl\u0131\u011f\u0131yla dile getirir. Sanat\u0131n farkl\u0131 dallar\u0131na dair de\u011finilerinin oldu\u011fu bu kitapta, berrak bir dil, duru ve eylemde bir zihinle kar\u015f\u0131la\u015facaks\u0131n\u0131z.\u201d \u2013 Prof. Dr. Nilg\u00fcn Tutal, Galatasaray \u00dcniversitesi \u201cYal\u0131n Alpay rafine sanat yaz\u0131lar\u0131yla, g\u00f6rsel sanatlardan edebiyata; sinemadan klasik m\u00fczi\u011fe, sade ama bir o kadar etkili kalemi arac\u0131l\u0131\u011f\u0131yla geziniyor. \u00dcstelik sanat yaz\u0131m\u0131n\u0131n al\u0131\u015f\u0131ld\u0131k d\u0131\u015flay\u0131c\u0131 yakla\u015f\u0131m\u0131na kar\u015f\u0131n, kapsay\u0131c\u0131 ve kucaklay\u0131c\u0131. Sanat\u0131n farkl\u0131 disiplinleriyle, tarihten psikanalize ve felsefeye, pek \u00e7ok ili\u015fkiyi okuyucu i\u00e7in a\u00e7an bu yaz\u0131n se\u00e7kisiyle, g\u00fcn\u00fcm\u00fcz sanat\u0131na \u00e7ok daha geni\u015f bir  perspektifle bakacaks\u0131n\u0131z. \u201d\u2013 Dr. Kumru Eren, Borusan Contemporary Direkt\u00f6r\u00fc \u201c\u2018Hocam, ne yapal\u0131m\u2019 diyenler! Bu kitab\u0131 okuyun.\u201d\u2013 \u0130lker Canikligil <\/p>\n","protected":false},"excerpt":{"rendered":"<p>Resim, heykel, klasik m\u00fczik, edebiyat, \u00e7izgi roman ve sinema yaz\u0131lar\u0131ndan olu\u015fan Yap\u0131(t)s\u00f6k\u00fcm, sanat eserlerinin i\u015faret etti\u011fi, vurgulad\u0131\u011f\u0131, indirgedi\u011fi, soyutlad\u0131\u011f\u0131, \u00f6rtt\u00fc\u011f\u00fc, betimledi\u011fi, kavramsalla\u015ft\u0131rd\u0131\u011f\u0131 bile\u015fenleri yal\u0131nl\u0131kla de\u015fifre ediyor.<span class=\"excerpt-hellip\"> [\u2026]<\/span><\/p>\n","protected":false},"featured_media":0,"template":"","meta":{"_monsterinsights_skip_tracking":false,"_monsterinsights_sitenote_active":false,"_monsterinsights_sitenote_note":"","_monsterinsights_sitenote_category":0},"product_brand":[],"product_cat":[12408],"product_tag":[],"class_list":{"0":"post-752422","1":"product","2":"type-product","3":"status-publish","5":"product_cat-sanat","6":"pa_cilt-ciltsiz","7":"pa_tur-kitap","8":"pa_yayinevi-kara-karga-yayinlari","9":"pa_yazar-yalin-alpay","11":"first","12":"instock","13":"sale","14":"shipping-taxable","15":"purchasable","16":"product-type-simple"},"_links":{"self":[{"href":"https:\/\/roveyayinevi.com.tr\/index.php\/wp-json\/wp\/v2\/product\/752422","targetHints":{"allow":["GET"]}}],"collection":[{"href":"https:\/\/roveyayinevi.com.tr\/index.php\/wp-json\/wp\/v2\/product"}],"about":[{"href":"https:\/\/roveyayinevi.com.tr\/index.php\/wp-json\/wp\/v2\/types\/product"}],"wp:attachment":[{"href":"https:\/\/roveyayinevi.com.tr\/index.php\/wp-json\/wp\/v2\/media?parent=752422"}],"wp:term":[{"taxonomy":"product_brand","embeddable":true,"href":"https:\/\/roveyayinevi.com.tr\/index.php\/wp-json\/wp\/v2\/product_brand?post=752422"},{"taxonomy":"product_cat","embeddable":true,"href":"https:\/\/roveyayinevi.com.tr\/index.php\/wp-json\/wp\/v2\/product_cat?post=752422"},{"taxonomy":"product_tag","embeddable":true,"href":"https:\/\/roveyayinevi.com.tr\/index.php\/wp-json\/wp\/v2\/product_tag?post=752422"}],"curies":[{"name":"wp","href":"https:\/\/api.w.org\/{rel}","templated":true}]}}