{"id":752419,"date":"2025-08-28T05:15:40","date_gmt":"2025-08-28T02:15:40","guid":{"rendered":"https:\/\/roveyayinevi.com.tr\/index.php\/urun\/ulus-olmak\/"},"modified":"2026-04-16T03:05:54","modified_gmt":"2026-04-16T00:05:54","slug":"ulus-olmak","status":"publish","type":"product","link":"https:\/\/roveyayinevi.com.tr\/index.php\/urun\/ulus-olmak\/","title":{"rendered":"Ulus Olmak"},"content":{"rendered":"<p>Yaz\u0131n\u0131m\u0131z\u0131n an\u0131tla\u015fan kalemi Necati Cumal\u0131\u2019dan cesur, farkl\u0131 ve kapsaml\u0131 bir Atat\u00fcrk \u00e7\u00f6z\u00fcmlemesi; Mustafa Kemal Atat\u00fcrk, Kurtulu\u015f Sava\u015f\u0131 ve S\u00f6ylev \u00fczerine korkusuz, \u00e7ekincesiz denemeler: Ulus Olmak\u2026 \u201cAtat\u00fcrk\u2019\u00fcn b\u00fct\u00fcn ya\u015fam\u00f6yk\u00fcs\u00fc, b\u00fct\u00fcn d\u00fc\u015f\u00fcnce sava\u015f\u0131 \u015fu k\u0131sa ilke ile \u00f6zetlenebilir: Ulus Olmak. Denilebilir ki Atat\u00fcrk\u2019\u00fcn b\u00fct\u00fcn hizmetleri, devrimleri, \u00e7evresiyle \u00e7arp\u0131\u015fmalar\u0131, dostluklar\u0131, sevgileri, ge\u00e7imsizlikleri, darg\u0131nl\u0131klar\u0131, bu ana ilkeye ba\u011fl\u0131l\u0131\u011f\u0131 a\u00e7\u0131s\u0131ndan ele al\u0131n\u0131nca daha a\u00e7\u0131k anla\u015f\u0131labilir. Atat\u00fcrk\u2019\u00fcn t\u00fcrl\u00fc alanlarda, t\u00fcrl\u00fc konularda \u00f6ne s\u00fcrd\u00fc\u011f\u00fc d\u00fc\u015f\u00fcnceler, olsa olsa bu ana ilkenin ayr\u0131nt\u0131lar\u0131, ayr\u0131nt\u0131lar\u0131na inilerek belirtilmesidir. Atat\u00fcrk\u00e7\u00fcl\u00fck ancak bu a\u00e7\u0131dan ele al\u0131n\u0131nca ya\u015fayan toplu bir g\u00f6r\u00fc\u015f olmak niteli\u011fine ula\u015f\u0131r.\u201d <\/p>\n","protected":false},"excerpt":{"rendered":"<p>Yaz\u0131n\u0131m\u0131z\u0131n an\u0131tla\u015fan kalemi Necati Cumal\u0131\u2019dan cesur, farkl\u0131 ve kapsaml\u0131 bir Atat\u00fcrk \u00e7\u00f6z\u00fcmlemesi; Mustafa Kemal Atat\u00fcrk, Kurtulu\u015f Sava\u015f\u0131 ve S\u00f6ylev \u00fczerine korkusuz, \u00e7ekincesiz denemeler: Ulus Olmak\u2026 \u201cAtat\u00fcrk\u2019\u00fcn<span class=\"excerpt-hellip\"> [\u2026]<\/span><\/p>\n","protected":false},"featured_media":0,"template":"","meta":{"_monsterinsights_skip_tracking":false,"_monsterinsights_sitenote_active":false,"_monsterinsights_sitenote_note":"","_monsterinsights_sitenote_category":0},"product_brand":[],"product_cat":[12777,12291],"product_tag":[],"class_list":{"0":"post-752419","1":"product","2":"type-product","3":"status-publish","5":"product_cat-deneme","6":"product_cat-edebiyat","7":"pa_cilt-ciltsiz","8":"pa_tur-kitap","9":"pa_yayinevi-cumhuriyet-kitaplari","10":"pa_yazar-necati-cumali","12":"first","13":"instock","14":"sale","15":"shipping-taxable","16":"purchasable","17":"product-type-simple"},"_links":{"self":[{"href":"https:\/\/roveyayinevi.com.tr\/index.php\/wp-json\/wp\/v2\/product\/752419","targetHints":{"allow":["GET"]}}],"collection":[{"href":"https:\/\/roveyayinevi.com.tr\/index.php\/wp-json\/wp\/v2\/product"}],"about":[{"href":"https:\/\/roveyayinevi.com.tr\/index.php\/wp-json\/wp\/v2\/types\/product"}],"wp:attachment":[{"href":"https:\/\/roveyayinevi.com.tr\/index.php\/wp-json\/wp\/v2\/media?parent=752419"}],"wp:term":[{"taxonomy":"product_brand","embeddable":true,"href":"https:\/\/roveyayinevi.com.tr\/index.php\/wp-json\/wp\/v2\/product_brand?post=752419"},{"taxonomy":"product_cat","embeddable":true,"href":"https:\/\/roveyayinevi.com.tr\/index.php\/wp-json\/wp\/v2\/product_cat?post=752419"},{"taxonomy":"product_tag","embeddable":true,"href":"https:\/\/roveyayinevi.com.tr\/index.php\/wp-json\/wp\/v2\/product_tag?post=752419"}],"curies":[{"name":"wp","href":"https:\/\/api.w.org\/{rel}","templated":true}]}}