{"id":752418,"date":"2025-08-28T05:15:39","date_gmt":"2025-08-28T02:15:39","guid":{"rendered":"https:\/\/roveyayinevi.com.tr\/index.php\/urun\/iz-birakanlar\/"},"modified":"2026-04-16T03:05:54","modified_gmt":"2026-04-16T00:05:54","slug":"iz-birakanlar","status":"publish","type":"product","link":"https:\/\/roveyayinevi.com.tr\/index.php\/urun\/iz-birakanlar\/","title":{"rendered":"\u0130z B\u0131rakanlar"},"content":{"rendered":"<p>\u0130z B\u0131rakanlar, son 40 y\u0131l i\u00e7inde (1982-2022) birka\u00e7\u0131 d\u0131\u015f\u0131nda hepsi Cumhuriyet\u2019te yay\u0131mlanm\u0131\u015f \u2013k\u00fclt\u00fcr ve sanat insanlar\u0131m\u0131za ili\u015fkin- 100 dolay\u0131nda yaz\u0131dan olu\u015fuyor. Yaz\u0131lar\u0131n pek \u00e7o\u011funda, ele ald\u0131\u011f\u0131m ki\u015filer ba\u011flam\u0131ndaki \u00f6zel tan\u0131kl\u0131klar\u0131m\u0131 dile getirirken, bir yandan da onlarla ilgili, kimi \u2013belki de g\u00f6zden ka\u00e7m\u0131\u015f ya da \u00f6nemsenmemi\u015f- niteliklere de\u011finen farkl\u0131 portreler olu\u015fturdu\u011fumu g\u00f6r\u00fcyorum. Yaz\u0131lar\u0131n \u00f6nemli bir b\u00f6l\u00fcm\u00fc; Memet Fuat\u2019tan \u015e\u00fckran Kurdakul\u2019a, Aziz Nesin\u2019den Onat Kutlar\u2019a, Semiha Berksoy\u2019dan Meng\u00fc Ertel\u2019e, Mahmut Tali \u00d6ng\u00f6ren\u2019den V\u00fcsat O. Bener\u2019e, Tar\u0131k Akan\u2019dan Adalet A\u011fao\u011flu\u2019na, Y\u0131ld\u0131z Kenter\u2019den Ferhan \u015eensoy\u2019a, Levent K\u0131rca\u2019dan U\u011fur Mumcu\u2019ya, art\u0131k aram\u0131zda olmayan ki\u015filer \u00fcst\u00fcne. Ya\u015fad\u0131\u011f\u0131m\u0131z topraklarda c\u00f6mert\u00e7e \u00fcretmi\u015f olan bu de\u011ferli insanlar\u0131m\u0131z\u0131n, belle\u011fi g\u00fc\u00e7s\u00fcz toplumumuzda unutulup gitmesine engel olmak i\u00e7in bir katk\u0131 da benden olsun istedim. Bu insanlar\u0131 g\u00f6zlemlemi\u015f, tan\u0131m\u0131\u015f, onlarla birlikte \u00e7al\u0131\u015fm\u0131\u015f ya da zaman ge\u00e7irmi\u015f olman\u0131n beni nas\u0131l zenginle\u015ftirdi\u011finin bilincine bir kez daha vard\u0131m. Bu insanlar\u0131n ya\u015famlar\u0131n\u0131n hi\u00e7 olmazsa bir cephesine birinci elden tan\u0131kl\u0131k etmi\u015f olman\u0131n belgesel niteli\u011fini okuyucular\u0131mla payla\u015ft\u0131\u011f\u0131m i\u00e7in k\u0131van\u00e7 duyuyorum. Ay\u015feg\u00fcl Y\u00fcksel <\/p>\n","protected":false},"excerpt":{"rendered":"<p>\u0130z B\u0131rakanlar, son 40 y\u0131l i\u00e7inde (1982-2022) birka\u00e7\u0131 d\u0131\u015f\u0131nda hepsi Cumhuriyet\u2019te yay\u0131mlanm\u0131\u015f \u2013k\u00fclt\u00fcr ve sanat insanlar\u0131m\u0131za ili\u015fkin- 100 dolay\u0131nda yaz\u0131dan olu\u015fuyor. Yaz\u0131lar\u0131n pek \u00e7o\u011funda, ele ald\u0131\u011f\u0131m<span class=\"excerpt-hellip\"> [\u2026]<\/span><\/p>\n","protected":false},"featured_media":0,"template":"","meta":{"_monsterinsights_skip_tracking":false,"_monsterinsights_sitenote_active":false,"_monsterinsights_sitenote_note":"","_monsterinsights_sitenote_category":0},"product_brand":[],"product_cat":[44608,12408],"product_tag":[],"class_list":{"0":"post-752418","1":"product","2":"type-product","3":"status-publish","5":"product_cat-diger-sanat","6":"product_cat-sanat","7":"pa_cilt-ciltsiz","8":"pa_tur-kitap","9":"pa_yayinevi-cumhuriyet-kitaplari","10":"pa_yazar-cumhuriyet-kitaplari-kolektif","12":"first","13":"instock","14":"sale","15":"shipping-taxable","16":"purchasable","17":"product-type-simple"},"_links":{"self":[{"href":"https:\/\/roveyayinevi.com.tr\/index.php\/wp-json\/wp\/v2\/product\/752418","targetHints":{"allow":["GET"]}}],"collection":[{"href":"https:\/\/roveyayinevi.com.tr\/index.php\/wp-json\/wp\/v2\/product"}],"about":[{"href":"https:\/\/roveyayinevi.com.tr\/index.php\/wp-json\/wp\/v2\/types\/product"}],"wp:attachment":[{"href":"https:\/\/roveyayinevi.com.tr\/index.php\/wp-json\/wp\/v2\/media?parent=752418"}],"wp:term":[{"taxonomy":"product_brand","embeddable":true,"href":"https:\/\/roveyayinevi.com.tr\/index.php\/wp-json\/wp\/v2\/product_brand?post=752418"},{"taxonomy":"product_cat","embeddable":true,"href":"https:\/\/roveyayinevi.com.tr\/index.php\/wp-json\/wp\/v2\/product_cat?post=752418"},{"taxonomy":"product_tag","embeddable":true,"href":"https:\/\/roveyayinevi.com.tr\/index.php\/wp-json\/wp\/v2\/product_tag?post=752418"}],"curies":[{"name":"wp","href":"https:\/\/api.w.org\/{rel}","templated":true}]}}