{"id":752417,"date":"2025-08-28T05:15:37","date_gmt":"2025-08-28T02:15:37","guid":{"rendered":"https:\/\/roveyayinevi.com.tr\/index.php\/urun\/devrimin-halkci-kaynaklari\/"},"modified":"2026-04-16T03:05:54","modified_gmt":"2026-04-16T00:05:54","slug":"devrimin-halkci-kaynaklari","status":"publish","type":"product","link":"https:\/\/roveyayinevi.com.tr\/index.php\/urun\/devrimin-halkci-kaynaklari\/","title":{"rendered":"Devrimin Halk\u00e7\u0131 Kaynaklar\u0131"},"content":{"rendered":"<p>T\u00fcrk Devrimi\u2019ni simgeleyen oklardan biri, hem g\u00f6r\u00fcn\u00fc\u015f\u00fc hem de tarihsel k\u00f6kenleri bak\u0131m\u0131ndan di\u011ferlerinden farkl\u0131d\u0131r. T\u00fcrk halk tarihinden gelen bir devinimi g\u00f6steren bu ok, halka do\u011fru u\u00e7an bir g\u00fcne\u015f dal\u0131d\u0131r; yal\u0131n, somut ve ger\u00e7ek\u00e7i anlam\u0131yla halk\u00e7\u0131l\u0131kt\u0131r. TBMM\u2019nin a\u00e7\u0131l\u0131\u015f\u0131 \u00fczerinden hen\u00fcz alt\u0131 ay ge\u00e7mi\u015fken yay\u0131mlanan Halk\u00e7\u0131l\u0131k Bildirisi, ayd\u0131nlar\u0131n ve devrimcilerin halka \u00f6demekle y\u00fck\u00fcmlendi\u011fi bir borcu g\u00f6sterir. E\u015fitli\u011fe, karde\u015fli\u011fe ve \u00f6zg\u00fcrl\u00fc\u011fe duyulan bitmez bir \u00f6zlemi dile getiren halk\u00e7\u0131l\u0131k, devrimi halkla \u00e7o\u011faltmay\u0131, kendisini Anadolu k\u00f6yl\u00fcl\u00fc\u011f\u00fcne ba\u011flayarak Cumhuriyet devrimini y\u00fcceltmeyi ama\u00e7lar. Mustafa Kemal Atat\u00fcrk\u2019\u00fcn s\u00f6zleriyle \u201cHalk\u00e7\u0131l\u0131k, toplumsal d\u00fczenini eme\u011fe, hukukuna dayand\u0131rmak isteyen bir toplumsal \u00f6\u011fretidir.\u201d Bu \u00f6\u011fretiyi benimsemi\u015f bir ozan, halk\u00e7\u0131 bir hekim olan Ceyhun At\u0131f Kansu\u2019nun T\u00fcrk Devrimi\u2019nin \u00e7\u00f6z\u00fcmlemesini yapt\u0131\u011f\u0131 Devrimin Halk\u00e7\u0131 Kaynaklar\u0131 ise halk i\u00e7in ve halkla beraber verilen uzun erimli bir sava\u015f\u0131n \u00f6yk\u00fcs\u00fcd\u00fcr\u2026 <\/p>\n","protected":false},"excerpt":{"rendered":"<p>T\u00fcrk Devrimi\u2019ni simgeleyen oklardan biri, hem g\u00f6r\u00fcn\u00fc\u015f\u00fc hem de tarihsel k\u00f6kenleri bak\u0131m\u0131ndan di\u011ferlerinden farkl\u0131d\u0131r. T\u00fcrk halk tarihinden gelen bir devinimi g\u00f6steren bu ok, halka do\u011fru u\u00e7an<span class=\"excerpt-hellip\"> [\u2026]<\/span><\/p>\n","protected":false},"featured_media":0,"template":"","meta":{"_monsterinsights_skip_tracking":false,"_monsterinsights_sitenote_active":false,"_monsterinsights_sitenote_note":"","_monsterinsights_sitenote_category":0},"product_brand":[],"product_cat":[12777,12291],"product_tag":[],"class_list":{"0":"post-752417","1":"product","2":"type-product","3":"status-publish","5":"product_cat-deneme","6":"product_cat-edebiyat","7":"pa_cilt-ciltsiz","8":"pa_tur-kitap","9":"pa_yayinevi-cumhuriyet-kitaplari","10":"pa_yazar-ceyhun-atuf-kansu","12":"first","13":"instock","14":"sale","15":"shipping-taxable","16":"purchasable","17":"product-type-simple"},"_links":{"self":[{"href":"https:\/\/roveyayinevi.com.tr\/index.php\/wp-json\/wp\/v2\/product\/752417","targetHints":{"allow":["GET"]}}],"collection":[{"href":"https:\/\/roveyayinevi.com.tr\/index.php\/wp-json\/wp\/v2\/product"}],"about":[{"href":"https:\/\/roveyayinevi.com.tr\/index.php\/wp-json\/wp\/v2\/types\/product"}],"wp:attachment":[{"href":"https:\/\/roveyayinevi.com.tr\/index.php\/wp-json\/wp\/v2\/media?parent=752417"}],"wp:term":[{"taxonomy":"product_brand","embeddable":true,"href":"https:\/\/roveyayinevi.com.tr\/index.php\/wp-json\/wp\/v2\/product_brand?post=752417"},{"taxonomy":"product_cat","embeddable":true,"href":"https:\/\/roveyayinevi.com.tr\/index.php\/wp-json\/wp\/v2\/product_cat?post=752417"},{"taxonomy":"product_tag","embeddable":true,"href":"https:\/\/roveyayinevi.com.tr\/index.php\/wp-json\/wp\/v2\/product_tag?post=752417"}],"curies":[{"name":"wp","href":"https:\/\/api.w.org\/{rel}","templated":true}]}}