{"id":752415,"date":"2025-08-28T05:15:35","date_gmt":"2025-08-28T02:15:35","guid":{"rendered":"https:\/\/roveyayinevi.com.tr\/index.php\/urun\/cumhuriyet-ve-demokrasi\/"},"modified":"2026-04-16T03:05:54","modified_gmt":"2026-04-16T00:05:54","slug":"cumhuriyet-ve-demokrasi","status":"publish","type":"product","link":"https:\/\/roveyayinevi.com.tr\/index.php\/urun\/cumhuriyet-ve-demokrasi\/","title":{"rendered":"Cumhuriyet ve Demokrasi"},"content":{"rendered":"<p>Cumhuriyet ile Demokrasi ili\u015fkisine dair tart\u0131\u015fmalar, \u00fclke g\u00fcndeminde g\u00fcncelli\u011fini yitirmeyen tart\u0131\u015fma ba\u015fl\u0131klar\u0131ndan birini olu\u015fturuyor. Bu tart\u0131\u015fmalar\u0131 sa\u011fl\u0131kl\u0131 s\u00fcrd\u00fcrebilmek i\u00e7in \u00f6ncelikle yan\u0131tlamas\u0131 gereken kimi sorular\u0131n oldu\u011fu a\u00e7\u0131kt\u0131r: Cumhuriyet yaln\u0131zca bir y\u00f6netim bi\u00e7imi midir, yoksa bundan \u00e7ok daha kapsaml\u0131 bir k\u00fclt\u00fcr m\u00fcd\u00fcr?\u201cBilhassa kimsesizlerin kimsesi\u201d olan Cumhuriyet\u2019in \u201chalk\u0131n halk taraf\u0131ndan y\u00f6netilmesi\u201d olarak tan\u0131mlanan demokrasiyle ili\u015fkisi nas\u0131l tan\u0131mlanabilir? \u00dclke olarak giderek demokratikle\u015fiyor muyuz? Demokrasi d\u00f6rt ya da be\u015f y\u0131lda bir tekrarlanan se\u00e7imlerde yaln\u0131zca oy kullanmak m\u0131d\u0131r? Cumhuriyetimizin demokratik miras\u0131 ve sorunlar\u0131 nelerdir? Daha demokratik bir \u00fclke olmak i\u00e7in neler yap\u0131lmal\u0131d\u0131r? \u00c7a\u011fda\u015f Ya\u015fam\u0131 Destekleme Derne\u011fi\u2019nin otuz y\u0131l\u0131 a\u015fk\u0131n birikimiyle bir araya getirdi\u011fi, Cumhuriyet\u2019e ve demokrasiye y\u0131llar boyunca emek veren de\u011ferli ayd\u0131nlar\u0131m\u0131z\u0131n kaleme ald\u0131klar\u0131 yol g\u00f6sterici makalelerden olu\u015fan bu kitap, bu ve benzeri sorulara kapsaml\u0131 yan\u0131tlar \u00fcretmek i\u00e7in haz\u0131rland\u0131. Gen\u00e7 nesiller ve konuyu derinlemesine incelemek isteyenler i\u00e7in temel bir ba\u015fvuru kayna\u011f\u0131 niteli\u011fi ta\u015f\u0131yan Cumhuriyet ve Demokrasi\u2019yi, Cumhuriyetimizin y\u00fcz\u00fcnc\u00fc ya\u015f\u0131n\u0131 kutlad\u0131\u011f\u0131 bug\u00fcnlerde demokrasi k\u00fclt\u00fcr\u00fcn\u00fc \u00f6z\u00fcmsemi\u015f, Ayd\u0131nlanma felsefesini benimsemi\u015f okurlar\u0131m\u0131za sunman\u0131n k\u0131vanc\u0131n\u0131 ya\u015f\u0131yoruz. <\/p>\n","protected":false},"excerpt":{"rendered":"<p>Cumhuriyet ile Demokrasi ili\u015fkisine dair tart\u0131\u015fmalar, \u00fclke g\u00fcndeminde g\u00fcncelli\u011fini yitirmeyen tart\u0131\u015fma ba\u015fl\u0131klar\u0131ndan birini olu\u015fturuyor. Bu tart\u0131\u015fmalar\u0131 sa\u011fl\u0131kl\u0131 s\u00fcrd\u00fcrebilmek i\u00e7in \u00f6ncelikle yan\u0131tlamas\u0131 gereken kimi sorular\u0131n oldu\u011fu a\u00e7\u0131kt\u0131r:<span class=\"excerpt-hellip\"> [\u2026]<\/span><\/p>\n","protected":false},"featured_media":0,"template":"","meta":{"_monsterinsights_skip_tracking":false,"_monsterinsights_sitenote_active":false,"_monsterinsights_sitenote_note":"","_monsterinsights_sitenote_category":0},"product_brand":[],"product_cat":[12370,12304],"product_tag":[],"class_list":{"0":"post-752415","1":"product","2":"type-product","3":"status-publish","5":"product_cat-arastirma-inceleme","6":"product_cat-tarih","7":"pa_cilt-ciltsiz","8":"pa_tur-kitap","9":"pa_yayinevi-cumhuriyet-kitaplari","10":"pa_yazar-ahmet-yildiz","12":"first","13":"instock","14":"sale","15":"shipping-taxable","16":"purchasable","17":"product-type-simple"},"_links":{"self":[{"href":"https:\/\/roveyayinevi.com.tr\/index.php\/wp-json\/wp\/v2\/product\/752415","targetHints":{"allow":["GET"]}}],"collection":[{"href":"https:\/\/roveyayinevi.com.tr\/index.php\/wp-json\/wp\/v2\/product"}],"about":[{"href":"https:\/\/roveyayinevi.com.tr\/index.php\/wp-json\/wp\/v2\/types\/product"}],"wp:attachment":[{"href":"https:\/\/roveyayinevi.com.tr\/index.php\/wp-json\/wp\/v2\/media?parent=752415"}],"wp:term":[{"taxonomy":"product_brand","embeddable":true,"href":"https:\/\/roveyayinevi.com.tr\/index.php\/wp-json\/wp\/v2\/product_brand?post=752415"},{"taxonomy":"product_cat","embeddable":true,"href":"https:\/\/roveyayinevi.com.tr\/index.php\/wp-json\/wp\/v2\/product_cat?post=752415"},{"taxonomy":"product_tag","embeddable":true,"href":"https:\/\/roveyayinevi.com.tr\/index.php\/wp-json\/wp\/v2\/product_tag?post=752415"}],"curies":[{"name":"wp","href":"https:\/\/api.w.org\/{rel}","templated":true}]}}