{"id":752414,"date":"2025-08-28T05:15:34","date_gmt":"2025-08-28T02:15:34","guid":{"rendered":"https:\/\/roveyayinevi.com.tr\/index.php\/urun\/asriorman\/"},"modified":"2026-04-16T03:05:54","modified_gmt":"2026-04-16T00:05:54","slug":"asriorman","status":"publish","type":"product","link":"https:\/\/roveyayinevi.com.tr\/index.php\/urun\/asriorman\/","title":{"rendered":"A\u015fr\u0131Orman"},"content":{"rendered":"<p>Her \u00e7ocu\u011fun ikizi bir a\u011fa\u00e7 olsa\u2026 Fantastik romanlar\u0131yla sevilen \u0130rem U\u015far, okurlar\u0131n\u0131 bu kez a\u011fa\u00e7s\u0131zla\u015ft\u0131r\u0131lm\u0131\u015f a\u015fr\u0131 bir evrene g\u00f6t\u00fcr\u00fcyor. S\u0131rad\u0131\u015f\u0131 \u00f6zellikleriyle dikkat \u00e7eken \u00fc\u00e7 arkada\u015f\u0131n b\u00fcy\u00fcme yolculu\u011fu, ge\u00e7mi\u015fe s\u0131k\u0131 s\u0131k\u0131 ba\u011fl\u0131, gelecekten korkan \u00fclkelerinin gizemli tarihiyle kesi\u015fiyor. Do\u011fan\u0131n hayranl\u0131k uyand\u0131ran \u00e7e\u015fitlili\u011fini, dayan\u0131\u015fma ve uyum yetene\u011fini y\u00fccelten roman, ger\u00e7eklerin er ge\u00e7 ortaya \u00e7\u0131kaca\u011f\u0131n\u0131 ve haf\u0131zan\u0131n g\u00fcc\u00fcn\u00fc d\u00fc\u015f\u00fcnd\u00fcr\u00fcyor. Pembe sa\u00e7l\u0131, komik Sidra; iyimser dev Enerro; ellerinin \u00fcst\u00fcnde y\u00fcr\u00fcyen, merakl\u0131 Bika\u2026 Derin Orman\u2019daki 13. Ya\u015f Kutlamalar\u0131 i\u00e7in sab\u0131rs\u0131zd\u0131rlar. A\u011fa\u00e7 k\u00f6kleriyle sarmalanm\u0131\u015f, yapraks\u0131z, \u00e7i\u00e7eksiz K\u00f6kDiyar\u2019da b\u00fcy\u00fcyen \u00e7ocuklar, ilk kez g\u00f6recekleri ormanda, ikiz a\u011fa\u00e7lar\u0131n\u0131 tan\u0131y\u0131p devirmelidirler. Sularla \u00e7evrili \u00fclkelerinin liman\u0131, uzak diyar temsilcilerinin ani geli\u015fiyle hareketlenmi\u015ftir. Kay\u0131p tohumlar\u0131n yaratt\u0131\u011f\u0131 panikle ba\u015flayan olaylar \u00fc\u00e7 kafadar\u0131, gizlenen ge\u00e7mi\u015fe s\u00fcr\u00fcklerken, \u00fclkenin ger\u00e7ek hik\u00e2yesi de ortaya \u00e7\u0131kacakt\u0131r&#8230;<\/p>\n","protected":false},"excerpt":{"rendered":"<p>Her \u00e7ocu\u011fun ikizi bir a\u011fa\u00e7 olsa\u2026 Fantastik romanlar\u0131yla sevilen \u0130rem U\u015far, okurlar\u0131n\u0131 bu kez a\u011fa\u00e7s\u0131zla\u015ft\u0131r\u0131lm\u0131\u015f a\u015fr\u0131 bir evrene g\u00f6t\u00fcr\u00fcyor. S\u0131rad\u0131\u015f\u0131 \u00f6zellikleriyle dikkat \u00e7eken \u00fc\u00e7 arkada\u015f\u0131n b\u00fcy\u00fcme<span class=\"excerpt-hellip\"> [\u2026]<\/span><\/p>\n","protected":false},"featured_media":0,"template":"","meta":{"_monsterinsights_skip_tracking":false,"_monsterinsights_sitenote_active":false,"_monsterinsights_sitenote_note":"","_monsterinsights_sitenote_category":0},"product_brand":[],"product_cat":[12274],"product_tag":[],"class_list":{"0":"post-752414","1":"product","2":"type-product","3":"status-publish","5":"product_cat-cocuk-ve-genclik-kitaplari","6":"pa_cilt-ciltsiz","7":"pa_tur-kitap","8":"pa_yayinevi-gunisigi-kitapligi","9":"pa_yazar-irem-usar","11":"first","12":"instock","13":"sale","14":"shipping-taxable","15":"purchasable","16":"product-type-simple"},"_links":{"self":[{"href":"https:\/\/roveyayinevi.com.tr\/index.php\/wp-json\/wp\/v2\/product\/752414","targetHints":{"allow":["GET"]}}],"collection":[{"href":"https:\/\/roveyayinevi.com.tr\/index.php\/wp-json\/wp\/v2\/product"}],"about":[{"href":"https:\/\/roveyayinevi.com.tr\/index.php\/wp-json\/wp\/v2\/types\/product"}],"wp:attachment":[{"href":"https:\/\/roveyayinevi.com.tr\/index.php\/wp-json\/wp\/v2\/media?parent=752414"}],"wp:term":[{"taxonomy":"product_brand","embeddable":true,"href":"https:\/\/roveyayinevi.com.tr\/index.php\/wp-json\/wp\/v2\/product_brand?post=752414"},{"taxonomy":"product_cat","embeddable":true,"href":"https:\/\/roveyayinevi.com.tr\/index.php\/wp-json\/wp\/v2\/product_cat?post=752414"},{"taxonomy":"product_tag","embeddable":true,"href":"https:\/\/roveyayinevi.com.tr\/index.php\/wp-json\/wp\/v2\/product_tag?post=752414"}],"curies":[{"name":"wp","href":"https:\/\/api.w.org\/{rel}","templated":true}]}}