{"id":752412,"date":"2025-08-28T05:15:30","date_gmt":"2025-08-28T02:15:30","guid":{"rendered":"https:\/\/roveyayinevi.com.tr\/index.php\/urun\/altin-volkani-2\/"},"modified":"2026-04-16T03:05:54","modified_gmt":"2026-04-16T00:05:54","slug":"altin-volkani-2","status":"publish","type":"product","link":"https:\/\/roveyayinevi.com.tr\/index.php\/urun\/altin-volkani-2\/","title":{"rendered":"Alt\u0131n Volkan\u0131"},"content":{"rendered":"<p>Jules Verne\u2019in macera dolu bu hik\u00e2yesi, Kanadal\u0131 iki kuzenin amcalar\u0131ndan miras kalan bir alt\u0131n madenine do\u011fru yola \u00e7\u0131kmas\u0131yla ba\u015fl\u0131yor.   Macerac\u0131 ve h\u0131rsl\u0131 olan Ben, olduk\u00e7a rahat\u0131na d\u00fc\u015fk\u00fcn ve temkinli olan kuzeni Sammy\u2019yi, Kolondike\u2019taki amcalar\u0131ndan miras kalan alt\u0131n madenine gitmeye ikna eder. Uzun ve zorlu bir yolculu\u011fun ard\u0131ndan madene ula\u015fan kuzenler, hen\u00fcz alt\u0131nlar\u0131 \u00e7\u0131karamadan t\u00fcrl\u00fc felaketlerle kar\u015f\u0131 kar\u015f\u0131ya kal\u0131rlar. Sel sular\u0131 alt\u0131nda kalan madenden \u00fcmitleri kesilmi\u015fken, k\u0131\u015f\u0131 ge\u00e7irmek i\u00e7in gittikleri Dawson-City\u2019de bir alt\u0131n volkan\u0131n\u0131n varl\u0131\u011f\u0131ndan haberdar olurlar. \u00c7\u0131kt\u0131klar\u0131 bu yolculuktan alt\u0131ns\u0131z d\u00f6nmeye hi\u00e7 de niyeti olmayan iki kuzenin h\u0131rs, merak ve talihsizliklerle dolu s\u00fcr\u00fckleyici ser\u00fcveni, tam da bitti sand\u0131\u011f\u0131m\u0131z yerde yeniden ba\u015fl\u0131yor. <\/p>\n","protected":false},"excerpt":{"rendered":"<p>Jules Verne\u2019in macera dolu bu hik\u00e2yesi, Kanadal\u0131 iki kuzenin amcalar\u0131ndan miras kalan bir alt\u0131n madenine do\u011fru yola \u00e7\u0131kmas\u0131yla ba\u015fl\u0131yor. Macerac\u0131 ve h\u0131rsl\u0131 olan Ben, olduk\u00e7a rahat\u0131na<span class=\"excerpt-hellip\"> [\u2026]<\/span><\/p>\n","protected":false},"featured_media":0,"template":"","meta":{"_monsterinsights_skip_tracking":false,"_monsterinsights_sitenote_active":false,"_monsterinsights_sitenote_note":"","_monsterinsights_sitenote_category":0},"product_brand":[],"product_cat":[12291,18202],"product_tag":[],"class_list":{"0":"post-752412","1":"product","2":"type-product","3":"status-publish","5":"product_cat-edebiyat","6":"product_cat-hikaye","7":"pa_cilt-ciltsiz","8":"pa_tur-kitap","9":"pa_yayinevi-arkadas-yayinlari","10":"pa_yazar-jules-verne","12":"first","13":"instock","14":"sale","15":"shipping-taxable","16":"purchasable","17":"product-type-simple"},"_links":{"self":[{"href":"https:\/\/roveyayinevi.com.tr\/index.php\/wp-json\/wp\/v2\/product\/752412","targetHints":{"allow":["GET"]}}],"collection":[{"href":"https:\/\/roveyayinevi.com.tr\/index.php\/wp-json\/wp\/v2\/product"}],"about":[{"href":"https:\/\/roveyayinevi.com.tr\/index.php\/wp-json\/wp\/v2\/types\/product"}],"wp:attachment":[{"href":"https:\/\/roveyayinevi.com.tr\/index.php\/wp-json\/wp\/v2\/media?parent=752412"}],"wp:term":[{"taxonomy":"product_brand","embeddable":true,"href":"https:\/\/roveyayinevi.com.tr\/index.php\/wp-json\/wp\/v2\/product_brand?post=752412"},{"taxonomy":"product_cat","embeddable":true,"href":"https:\/\/roveyayinevi.com.tr\/index.php\/wp-json\/wp\/v2\/product_cat?post=752412"},{"taxonomy":"product_tag","embeddable":true,"href":"https:\/\/roveyayinevi.com.tr\/index.php\/wp-json\/wp\/v2\/product_tag?post=752412"}],"curies":[{"name":"wp","href":"https:\/\/api.w.org\/{rel}","templated":true}]}}