{"id":752408,"date":"2025-08-28T05:15:24","date_gmt":"2025-08-28T02:15:24","guid":{"rendered":"https:\/\/roveyayinevi.com.tr\/index.php\/urun\/itaat-serbest\/"},"modified":"2026-04-16T03:05:54","modified_gmt":"2026-04-16T00:05:54","slug":"itaat-serbest","status":"publish","type":"product","link":"https:\/\/roveyayinevi.com.tr\/index.php\/urun\/itaat-serbest\/","title":{"rendered":"\u0130taat Serbest"},"content":{"rendered":"<p>Reinhard H\u00f6hn, Nazi Almanyas\u0131\u2019nda bir komutan ve III. Reich\u2019\u0131 kuran entelekt\u00fcellerden biriydi. Almanya\u2019n\u0131n ma\u011flubiyetinin ard\u0131ndan birka\u00e7 y\u0131l gizlendikten sonra 1950\u2019lerde bir y\u00f6netim okulu kurdu. \u00dclkenin sava\u015f sonras\u0131 liderlerinin b\u00fcy\u00fck \u00e7o\u011funlu\u011fu, yani 600.000\u2019in \u00fczerinde y\u00f6netici \u2013uzaktan e\u011fitim alan 100.000 ki\u015fi buna dahil de\u011fildir\u2013 bu okulda e\u011fitim g\u00f6rd\u00fc ve \u201cinsan y\u00f6netimi\u201dni, yani ba\u015fka bir deyi\u015fle hiyerar\u015fik i\u015f organizasyonunu \u00f6\u011frendi. Buna g\u00f6re y\u00f6netici, belirlenmi\u015f hedefleri elde etmek i\u00e7in hangi yollara ba\u015fvurulaca\u011f\u0131n\u0131 se\u00e7mekte \u00f6zg\u00fcrd\u00fc, ki III. Reich\u2019\u0131 yeniden silahland\u0131r\u0131rken, Slav halklar\u0131n\u0131 a\u00e7 b\u0131rak\u0131rken ve Yahudi soyk\u0131r\u0131m\u0131n\u0131 ger\u00e7ekle\u015ftirirken takip etti\u011fi yol buydu.   \u00d6nde gelen Nazizm uzmanlar\u0131ndan Johann Chapoutot, \u0130taat Serbest\u2019te \u201cba\u015far\u0131\u201d tan\u0131m\u0131n\u0131 sorgularken,  g\u00fcn\u00fcm\u00fcz kurumsal y\u00f6netim ilkeleri, uygulamalar\u0131 ile Nazizm aras\u0131ndaki derin ba\u011flant\u0131lar\u0131 inceliyor. <\/p>\n","protected":false},"excerpt":{"rendered":"<p>Reinhard H\u00f6hn, Nazi Almanyas\u0131\u2019nda bir komutan ve III. Reich\u2019\u0131 kuran entelekt\u00fcellerden biriydi. Almanya\u2019n\u0131n ma\u011flubiyetinin ard\u0131ndan birka\u00e7 y\u0131l gizlendikten sonra 1950\u2019lerde bir y\u00f6netim okulu kurdu. \u00dclkenin sava\u015f<span class=\"excerpt-hellip\"> [\u2026]<\/span><\/p>\n","protected":false},"featured_media":0,"template":"","meta":{"_monsterinsights_skip_tracking":false,"_monsterinsights_sitenote_active":false,"_monsterinsights_sitenote_note":"","_monsterinsights_sitenote_category":0},"product_brand":[],"product_cat":[12370,12304],"product_tag":[],"class_list":{"0":"post-752408","1":"product","2":"type-product","3":"status-publish","5":"product_cat-arastirma-inceleme","6":"product_cat-tarih","7":"pa_cilt-ciltsiz","8":"pa_tur-kitap","9":"pa_yayinevi-alfa-yayinlari","10":"pa_yazar-johann-chapoutot","12":"first","13":"instock","14":"sale","15":"shipping-taxable","16":"purchasable","17":"product-type-simple"},"_links":{"self":[{"href":"https:\/\/roveyayinevi.com.tr\/index.php\/wp-json\/wp\/v2\/product\/752408","targetHints":{"allow":["GET"]}}],"collection":[{"href":"https:\/\/roveyayinevi.com.tr\/index.php\/wp-json\/wp\/v2\/product"}],"about":[{"href":"https:\/\/roveyayinevi.com.tr\/index.php\/wp-json\/wp\/v2\/types\/product"}],"wp:attachment":[{"href":"https:\/\/roveyayinevi.com.tr\/index.php\/wp-json\/wp\/v2\/media?parent=752408"}],"wp:term":[{"taxonomy":"product_brand","embeddable":true,"href":"https:\/\/roveyayinevi.com.tr\/index.php\/wp-json\/wp\/v2\/product_brand?post=752408"},{"taxonomy":"product_cat","embeddable":true,"href":"https:\/\/roveyayinevi.com.tr\/index.php\/wp-json\/wp\/v2\/product_cat?post=752408"},{"taxonomy":"product_tag","embeddable":true,"href":"https:\/\/roveyayinevi.com.tr\/index.php\/wp-json\/wp\/v2\/product_tag?post=752408"}],"curies":[{"name":"wp","href":"https:\/\/api.w.org\/{rel}","templated":true}]}}