{"id":752405,"date":"2025-08-28T05:15:20","date_gmt":"2025-08-28T02:15:20","guid":{"rendered":"https:\/\/roveyayinevi.com.tr\/index.php\/urun\/safra-kesesi-anomalileri\/"},"modified":"2026-04-16T03:05:54","modified_gmt":"2026-04-16T00:05:54","slug":"safra-kesesi-anomalileri","status":"publish","type":"product","link":"https:\/\/roveyayinevi.com.tr\/index.php\/urun\/safra-kesesi-anomalileri\/","title":{"rendered":"Safra Kesesi Anomalileri"},"content":{"rendered":"<p>Haldi, annesinin ellerini sayg\u0131 ve sevgiyle tuttu, \u00f6pt\u00fc, \u00e7ok te\u015fekk\u00fcr etti; evden ge\u00e7ici s\u00fcreli\u011fine ayr\u0131ld\u0131. Yol boyunca kendi kendine hayaller kurdu, \u00e7e\u015fitli d\u00fc\u015f\u00fcncelerini kendi i\u00e7inde tart\u0131\u015ft\u0131. \u00c7\u0131kt\u0131\u011f\u0131 bu yolda ba\u015far\u0131l\u0131 olmak istiyordu. D\u00fc\u015fmanlar\u0131 \u00f6n\u00fcn\u00fc kesmek i\u00e7in her t\u00fcrl\u00fc hile entrikaya ba\u015fvuracaklar, \u00f6n\u00fcn\u00fc kesmeye \u00e7al\u0131\u015facaklard\u0131. Haldi i\u00e7in \u00f6nemli olan kendisinin nas\u0131l bir tav\u0131r koymas\u0131 gerekti\u011fiydi. Haldi\u2019nin tavr\u0131, kimseye d\u00fc\u015fmanl\u0131k yapmadan kimsenin can\u0131n\u0131 ac\u0131tmadan sorunlar\u0131 \u00e7\u00f6zmek ve ba\u015farmak i\u00e7in \u00e7abalamak olmal\u0131yd\u0131. Tabii ki can\u0131na kast edenler de olacakt\u0131. Onlara hadlerini bildirip cevaplar\u0131n\u0131 verecekti. Bu d\u00fc\u015f\u00fcncellerle okula varm\u0131\u015ft\u0131.<\/p>\n","protected":false},"excerpt":{"rendered":"<p>Haldi, annesinin ellerini sayg\u0131 ve sevgiyle tuttu, \u00f6pt\u00fc, \u00e7ok te\u015fekk\u00fcr etti; evden ge\u00e7ici s\u00fcreli\u011fine ayr\u0131ld\u0131. Yol boyunca kendi kendine hayaller kurdu, \u00e7e\u015fitli d\u00fc\u015f\u00fcncelerini kendi i\u00e7inde tart\u0131\u015ft\u0131.<span class=\"excerpt-hellip\"> [\u2026]<\/span><\/p>\n","protected":false},"featured_media":0,"template":"","meta":{"_monsterinsights_skip_tracking":false,"_monsterinsights_sitenote_active":false,"_monsterinsights_sitenote_note":"","_monsterinsights_sitenote_category":0},"product_brand":[],"product_cat":[13366,13365],"product_tag":[],"class_list":{"0":"post-752405","1":"product","2":"type-product","3":"status-publish","5":"product_cat-diger-saglik","6":"product_cat-saglik","7":"pa_cilt-ciltsiz","8":"pa_tur-kitap","9":"pa_yayinevi-platanus-publishing","10":"pa_yazar-alptekin-sen","12":"first","13":"instock","14":"sale","15":"shipping-taxable","16":"purchasable","17":"product-type-simple"},"_links":{"self":[{"href":"https:\/\/roveyayinevi.com.tr\/index.php\/wp-json\/wp\/v2\/product\/752405","targetHints":{"allow":["GET"]}}],"collection":[{"href":"https:\/\/roveyayinevi.com.tr\/index.php\/wp-json\/wp\/v2\/product"}],"about":[{"href":"https:\/\/roveyayinevi.com.tr\/index.php\/wp-json\/wp\/v2\/types\/product"}],"wp:attachment":[{"href":"https:\/\/roveyayinevi.com.tr\/index.php\/wp-json\/wp\/v2\/media?parent=752405"}],"wp:term":[{"taxonomy":"product_brand","embeddable":true,"href":"https:\/\/roveyayinevi.com.tr\/index.php\/wp-json\/wp\/v2\/product_brand?post=752405"},{"taxonomy":"product_cat","embeddable":true,"href":"https:\/\/roveyayinevi.com.tr\/index.php\/wp-json\/wp\/v2\/product_cat?post=752405"},{"taxonomy":"product_tag","embeddable":true,"href":"https:\/\/roveyayinevi.com.tr\/index.php\/wp-json\/wp\/v2\/product_tag?post=752405"}],"curies":[{"name":"wp","href":"https:\/\/api.w.org\/{rel}","templated":true}]}}