{"id":752404,"date":"2025-08-28T05:15:18","date_gmt":"2025-08-28T02:15:18","guid":{"rendered":"https:\/\/roveyayinevi.com.tr\/index.php\/urun\/somurusuz-bir-dunya-icin\/"},"modified":"2026-04-16T03:05:54","modified_gmt":"2026-04-16T00:05:54","slug":"somurusuz-bir-dunya-icin","status":"publish","type":"product","link":"https:\/\/roveyayinevi.com.tr\/index.php\/urun\/somurusuz-bir-dunya-icin\/","title":{"rendered":"S\u00f6m\u00fcr\u00fcs\u00fcz Bir D\u00fcnya \u0130\u00e7in"},"content":{"rendered":"<p>Kitapta s\u00f6m\u00fcr\u00fcs\u00fcz bir d\u00fcnyan\u0131n m\u00fcmk\u00fcn olabilece\u011fini, bu hedefe varmak i\u00e7in \u00f6ncelikle buna, K. Marks\u2019\u0131n \u201cb\u00fct\u00fcn \u00fclkelerin i\u015f\u00e7ileri birle\u015fin\u201d \u015fiar\u0131n\u0131 temel alan bir s\u0131n\u0131f sendikas\u0131 olu\u015fturmakla ba\u015flanmas\u0131 gerekti\u011fi vurgulanmakta ve s\u00f6m\u00fcr\u00fcs\u00fcz bir toplumun olabilece\u011fi, do\u011fadan verilen \u00f6rneklerle kan\u0131tlanmaya \u00e7al\u0131\u015f\u0131lmaktad\u0131r. Ayn\u0131 zamanda toplumsal sistemlerin tarihsel seyri \u00f6rneklerle anlat\u0131lmaya \u00e7al\u0131\u015f\u0131lmaktad\u0131r.  Yine s\u00f6m\u00fcr\u00fcs\u00fcz toplum hedefine varmak i\u00e7in \u00f6ncelikle meslek esasl\u0131 bir demokrasinin in\u015fa edilmesi gereklili\u011fi, tek ki\u015finin y\u00f6netimi yerine i\u015f\u00e7i ve emek\u00e7ilerin iradesini temsil eden temsilci konseylerinin y\u00f6netimi in\u015fa edilmelidir. Burada kentleri temsil eden vekillerin olu\u015fturdu\u011fu meclis yerine \u00fcretim esasl\u0131 genel meclis ve kent konseyleri \u00f6nerilmektedir.  Bu \u00f6neriler sendikac\u0131l\u0131k konusunda bir\u00e7ok m\u00fccadeleden ge\u00e7erek deneyim kazanm\u0131\u015f bilge sendikac\u0131 \u0130smet Hoca taraf\u0131ndan seminer \u015feklinde anlat\u0131lmaktad\u0131r. Akl\u0131m\u0131zdan ge\u00e7en bir\u00e7ok soru semineri izleyenler taraf\u0131ndan \u0130smet Hoca\u2019ya sorulmu\u015f ve \u0130smet Hoca bu sorulara bilimsel y\u00f6ntemlerle kan\u0131tlay\u0131c\u0131 yan\u0131tlar vermi\u015ftir. Seminerde \u0130smet Hoca i\u015f\u00e7i s\u0131n\u0131f\u0131n\u0131 birle\u015ftirecek olan\u0131n partiler de\u011fil, i\u015f\u00e7i iradesine dayanan s\u0131n\u0131f sendikalar\u0131 olaca\u011f\u0131n\u0131 da kan\u0131tlamaya \u00e7al\u0131\u015fmaktad\u0131r.  S\u0131n\u0131f m\u00fccadelesi verme iddias\u0131ndaki her sendika \u00f6nderinin, her i\u015f\u00e7inin ve sistemden memnun olmayan her ayd\u0131n\u0131n okumas\u0131 gerekli bir kitap.<\/p>\n","protected":false},"excerpt":{"rendered":"<p>Kitapta s\u00f6m\u00fcr\u00fcs\u00fcz bir d\u00fcnyan\u0131n m\u00fcmk\u00fcn olabilece\u011fini, bu hedefe varmak i\u00e7in \u00f6ncelikle buna, K. Marks\u2019\u0131n \u201cb\u00fct\u00fcn \u00fclkelerin i\u015f\u00e7ileri birle\u015fin\u201d \u015fiar\u0131n\u0131 temel alan bir s\u0131n\u0131f sendikas\u0131 olu\u015fturmakla ba\u015flanmas\u0131<span class=\"excerpt-hellip\"> [\u2026]<\/span><\/p>\n","protected":false},"featured_media":0,"template":"","meta":{"_monsterinsights_skip_tracking":false,"_monsterinsights_sitenote_active":false,"_monsterinsights_sitenote_note":"","_monsterinsights_sitenote_category":0},"product_brand":[],"product_cat":[12777,12291],"product_tag":[],"class_list":{"0":"post-752404","1":"product","2":"type-product","3":"status-publish","5":"product_cat-deneme","6":"product_cat-edebiyat","7":"pa_cilt-ciltsiz","8":"pa_tur-kitap","9":"pa_yayinevi-platanus-publishing","10":"pa_yazar-halit-katkat","12":"first","13":"instock","14":"sale","15":"shipping-taxable","16":"purchasable","17":"product-type-simple"},"_links":{"self":[{"href":"https:\/\/roveyayinevi.com.tr\/index.php\/wp-json\/wp\/v2\/product\/752404","targetHints":{"allow":["GET"]}}],"collection":[{"href":"https:\/\/roveyayinevi.com.tr\/index.php\/wp-json\/wp\/v2\/product"}],"about":[{"href":"https:\/\/roveyayinevi.com.tr\/index.php\/wp-json\/wp\/v2\/types\/product"}],"wp:attachment":[{"href":"https:\/\/roveyayinevi.com.tr\/index.php\/wp-json\/wp\/v2\/media?parent=752404"}],"wp:term":[{"taxonomy":"product_brand","embeddable":true,"href":"https:\/\/roveyayinevi.com.tr\/index.php\/wp-json\/wp\/v2\/product_brand?post=752404"},{"taxonomy":"product_cat","embeddable":true,"href":"https:\/\/roveyayinevi.com.tr\/index.php\/wp-json\/wp\/v2\/product_cat?post=752404"},{"taxonomy":"product_tag","embeddable":true,"href":"https:\/\/roveyayinevi.com.tr\/index.php\/wp-json\/wp\/v2\/product_tag?post=752404"}],"curies":[{"name":"wp","href":"https:\/\/api.w.org\/{rel}","templated":true}]}}