{"id":752403,"date":"2025-08-28T05:15:17","date_gmt":"2025-08-28T02:15:17","guid":{"rendered":"https:\/\/roveyayinevi.com.tr\/index.php\/urun\/erken-bosalma-2\/"},"modified":"2026-04-16T03:05:54","modified_gmt":"2026-04-16T00:05:54","slug":"erken-bosalma-2","status":"publish","type":"product","link":"https:\/\/roveyayinevi.com.tr\/index.php\/urun\/erken-bosalma-2\/","title":{"rendered":"Erken Bo\u015falma"},"content":{"rendered":"<p>Bo\u015falmay\u0131 denetleme program\u0131 (boodep), erken bo\u015falma, bo\u015falamama ve travmatik mast\u00fcrbasyon sendromu i\u00e7in doktor kontroll\u00fc, ki\u015fiye \u00f6zel, bir uzaktan e\u011fitim program\u0131d\u0131r. Bu program yar\u0131m as\u0131rl\u0131k dur-ba\u015fla tekni\u011fi ve fonksiyonel davran\u0131\u015f terapisi g\u00fcn\u00fcm\u00fcz teknolojisi ile birle\u015ftirilerek haz\u0131rlanm\u0131\u015ft\u0131r. Bu e\u011fitim kitab\u0131 programa kaydolmadan kendi kendinize uygulayabilece\u011finiz t\u00fcm bilgileri i\u00e7erir. Doktor destekli programdan tek fark\u0131 doktor deste\u011fi olmamas\u0131d\u0131r. \u2013 Program g\u00fcnde 20 dakika, ortalama 12 hafta s\u00fcrer. \u2013 Bekar ve evli herkes kat\u0131labilir. \u2013 Sertle\u015fme bozuklu\u011fu olanlar\u0131n programa kat\u0131lmas\u0131 uygun de\u011fildir. \u2013 Partneri olanlar\u0131n (evli) e\u015f deste\u011fi ve onay\u0131 almalar\u0131 \u00f6nemlidir. \u2013 Bitirenler i\u00e7in ba\u015far\u0131 oran\u0131 %100\u2019d\u00fcr. Programdaki hedeflerimiz; \u2013 Teknolojik \u00fcr\u00fcnler (vibrat\u00f6r -suni vajina) kullanarak cinsel ili\u015fkiye uygun mast\u00fcrbasyon \u00e7al\u0131\u015fmalar\u0131 yapmak. Her \u015fey mast\u00fcrbasyonda bozuldu tekrar mast\u00fcrbasyonda d\u00fczelecek, \u2013 Gerek mast\u00fcrbasyon gerekse ili\u015fkide \u00f6\u011frenilen yanl\u0131\u015f davran\u0131\u015flar\u0131 do\u011frular\u0131 ile de\u011fi\u015ftirmek, \u2013 Bo\u015falma ilk akla d\u00fc\u015fene kadar do\u011fru davran\u0131\u015flar\u0131 \u00f6\u011frenmek, \u2013 Bo\u015falman\u0131n ilk akla d\u00fc\u015ft\u00fc\u011f\u00fc anda durmak, sakinlemek ve devam edebilmek i\u00e7in do\u011fru davran\u0131\u015flar\u0131 \u00f6\u011frenmek, \u2013 Partneri olanlar\u0131n ve olmayanlar\u0131n cinsel ili\u015fkiye do\u011fru haz\u0131rlanmas\u0131, \u2013 Partneri olanlar\u0131n cinsel ili\u015fki s\u0131ras\u0131nda do\u011fru davran\u0131\u015flar\u0131 sergilemesi ve bo\u015falmay\u0131 denetlemesi, \u2013 Travmatik mast\u00fcrbasyon sorunu olanlar\u0131n ar\u0131nma s\u00fcrecinde do\u011fru d\u00fc\u015f\u00fcnce ve davran\u0131\u015flar\u0131 yapmas\u0131n\u0131 sa\u011flamak, \u2013 Bo\u015falmay\u0131 denetlemek i\u00e7in ilaca ihtiyac\u0131n\u0131z olup olmad\u0131\u011f\u0131n\u0131 anlamak, \u2013 S\u00fcre kayg\u0131s\u0131 olmadan istedi\u011finiz kadar ili\u015fki ya\u015famak.<\/p>\n","protected":false},"excerpt":{"rendered":"<p>Bo\u015falmay\u0131 denetleme program\u0131 (boodep), erken bo\u015falma, bo\u015falamama ve travmatik mast\u00fcrbasyon sendromu i\u00e7in doktor kontroll\u00fc, ki\u015fiye \u00f6zel, bir uzaktan e\u011fitim program\u0131d\u0131r. Bu program yar\u0131m as\u0131rl\u0131k dur-ba\u015fla tekni\u011fi<span class=\"excerpt-hellip\"> [\u2026]<\/span><\/p>\n","protected":false},"featured_media":0,"template":"","meta":{"_monsterinsights_skip_tracking":false,"_monsterinsights_sitenote_active":false,"_monsterinsights_sitenote_note":"","_monsterinsights_sitenote_category":0},"product_brand":[],"product_cat":[35288,13365],"product_tag":[],"class_list":{"0":"post-752403","1":"product","2":"type-product","3":"status-publish","5":"product_cat-cinsellik-saglik","6":"product_cat-saglik","7":"pa_cilt-ciltsiz","8":"pa_tur-kitap","9":"pa_yayinevi-bambuk-yayinevi","10":"pa_yazar-berk-karatas","12":"first","13":"instock","14":"sale","15":"shipping-taxable","16":"purchasable","17":"product-type-simple"},"_links":{"self":[{"href":"https:\/\/roveyayinevi.com.tr\/index.php\/wp-json\/wp\/v2\/product\/752403","targetHints":{"allow":["GET"]}}],"collection":[{"href":"https:\/\/roveyayinevi.com.tr\/index.php\/wp-json\/wp\/v2\/product"}],"about":[{"href":"https:\/\/roveyayinevi.com.tr\/index.php\/wp-json\/wp\/v2\/types\/product"}],"wp:attachment":[{"href":"https:\/\/roveyayinevi.com.tr\/index.php\/wp-json\/wp\/v2\/media?parent=752403"}],"wp:term":[{"taxonomy":"product_brand","embeddable":true,"href":"https:\/\/roveyayinevi.com.tr\/index.php\/wp-json\/wp\/v2\/product_brand?post=752403"},{"taxonomy":"product_cat","embeddable":true,"href":"https:\/\/roveyayinevi.com.tr\/index.php\/wp-json\/wp\/v2\/product_cat?post=752403"},{"taxonomy":"product_tag","embeddable":true,"href":"https:\/\/roveyayinevi.com.tr\/index.php\/wp-json\/wp\/v2\/product_tag?post=752403"}],"curies":[{"name":"wp","href":"https:\/\/api.w.org\/{rel}","templated":true}]}}