{"id":752401,"date":"2025-08-28T05:15:15","date_gmt":"2025-08-28T02:15:15","guid":{"rendered":"https:\/\/roveyayinevi.com.tr\/index.php\/urun\/erken-bosalmamaya-hazir-misin\/"},"modified":"2026-04-16T03:05:54","modified_gmt":"2026-04-16T00:05:54","slug":"erken-bosalmamaya-hazir-misin","status":"publish","type":"product","link":"https:\/\/roveyayinevi.com.tr\/index.php\/urun\/erken-bosalmamaya-hazir-misin\/","title":{"rendered":"Erken Bo\u015falmamaya Haz\u0131r M\u0131s\u0131n?"},"content":{"rendered":"<p>Beyler, bu sorun sizin sorununuz ve \u00e7\u00f6zmezseniz art\u0131k sadece sizin de\u011fil toplumun sorunu olacak. Mutlu erkekler, mutlu kad\u0131nlar, mutlu \u00e7ocuklar, mutlu anne-babalar, mutlu aileler ve mutlu bir toplum i\u00e7in bu sorunu \u00e7\u00f6zmeye \u00e7al\u0131\u015f\u0131n l\u00fctfen. Erken bo\u015falmak ve bo\u015falmay\u0131 denetleyememek bir tercihtir. Bu bir hastal\u0131k de\u011fildir. \u015eunu unutamay\u0131n:   Sertle\u015fme kontrol edilemez. Haz al\u0131rsan\u0131z sertli\u011finiz refleks olarak olur. Bo\u015falma ise do\u011fru davran\u0131\u015flar\u0131 yaparsan\u0131z bir a\u015famaya kadar denetlenebilir. Denetleyebilece\u011finiz alan\u0131 nas\u0131l denetleyece\u011finiz \u00f6\u011frenmenizi gerekir.   \u00c7o\u011fu hastama \u015fu c\u00fcmleleri kurmu\u015fumdur: 3. viteste arabay\u0131 kald\u0131rmaya \u00e7al\u0131\u015f\u0131rsan\u0131z, geri vites diye \u00f6n vitese takarsan\u0131z, sinyal vermeden d\u00f6nerseniz, ne zaman duraca\u011f\u0131n\u0131z\u0131 ve h\u0131zlanaca\u011f\u0131n\u0131z\u0131 bilmezseniz, trafik kurallar\u0131n\u0131 ve i\u015faretlerini bilmezseniz kaza yapman\u0131z ka\u00e7\u0131n\u0131lmazd\u0131r. Her seferinde kaza yapman\u0131z sizi araba kullanmaktan so\u011futur. \u00c7\u00fcnk\u00fc insano\u011flu yapamad\u0131\u011f\u0131 eylemden ya uzakla\u015f\u0131r ya da o eylemi \u00e7abuk sonland\u0131r\u0131r.<\/p>\n","protected":false},"excerpt":{"rendered":"<p>Beyler, bu sorun sizin sorununuz ve \u00e7\u00f6zmezseniz art\u0131k sadece sizin de\u011fil toplumun sorunu olacak. Mutlu erkekler, mutlu kad\u0131nlar, mutlu \u00e7ocuklar, mutlu anne-babalar, mutlu aileler ve mutlu<span class=\"excerpt-hellip\"> [\u2026]<\/span><\/p>\n","protected":false},"featured_media":0,"template":"","meta":{"_monsterinsights_skip_tracking":false,"_monsterinsights_sitenote_active":false,"_monsterinsights_sitenote_note":"","_monsterinsights_sitenote_category":0},"product_brand":[],"product_cat":[35288,13365],"product_tag":[],"class_list":{"0":"post-752401","1":"product","2":"type-product","3":"status-publish","5":"product_cat-cinsellik-saglik","6":"product_cat-saglik","7":"pa_cilt-ciltsiz","8":"pa_tur-kitap","9":"pa_yayinevi-bambuk-yayinevi","10":"pa_yazar-berk-karatas","12":"first","13":"instock","14":"sale","15":"shipping-taxable","16":"purchasable","17":"product-type-simple"},"_links":{"self":[{"href":"https:\/\/roveyayinevi.com.tr\/index.php\/wp-json\/wp\/v2\/product\/752401","targetHints":{"allow":["GET"]}}],"collection":[{"href":"https:\/\/roveyayinevi.com.tr\/index.php\/wp-json\/wp\/v2\/product"}],"about":[{"href":"https:\/\/roveyayinevi.com.tr\/index.php\/wp-json\/wp\/v2\/types\/product"}],"wp:attachment":[{"href":"https:\/\/roveyayinevi.com.tr\/index.php\/wp-json\/wp\/v2\/media?parent=752401"}],"wp:term":[{"taxonomy":"product_brand","embeddable":true,"href":"https:\/\/roveyayinevi.com.tr\/index.php\/wp-json\/wp\/v2\/product_brand?post=752401"},{"taxonomy":"product_cat","embeddable":true,"href":"https:\/\/roveyayinevi.com.tr\/index.php\/wp-json\/wp\/v2\/product_cat?post=752401"},{"taxonomy":"product_tag","embeddable":true,"href":"https:\/\/roveyayinevi.com.tr\/index.php\/wp-json\/wp\/v2\/product_tag?post=752401"}],"curies":[{"name":"wp","href":"https:\/\/api.w.org\/{rel}","templated":true}]}}