{"id":752400,"date":"2025-08-28T05:15:13","date_gmt":"2025-08-28T02:15:13","guid":{"rendered":"https:\/\/roveyayinevi.com.tr\/index.php\/urun\/ak-ninenin-surpriz-enstrumani\/"},"modified":"2026-04-16T03:05:54","modified_gmt":"2026-04-16T00:05:54","slug":"ak-ninenin-surpriz-enstrumani","status":"publish","type":"product","link":"https:\/\/roveyayinevi.com.tr\/index.php\/urun\/ak-ninenin-surpriz-enstrumani\/","title":{"rendered":"Ak Nine\u2019nin S\u00fcrpriz Enstr\u00fcman\u0131"},"content":{"rendered":"<p>Ak Nine\u2019nin S\u00fcrpriz Enstr\u00fcman\u0131, G\u00fcl\u00e7in Ah\u0131ska\u2019n\u0131n ikinci kitab\u0131d\u0131r. Bir seri olarak \u00e7\u0131kmas\u0131 planlanan kitaplar \u00e7ocuklar i\u00e7in haz\u0131rlanm\u0131\u015ft\u0131r. Renkli resimlerle desteklenmi\u015f olan bu kitab\u0131 \u00e7ocuklar\u0131n zevkle okuyaca\u011f\u0131n\u0131 umuyoruz.  \u201cEvin kedisi Tar\u00e7\u0131n, kom\u015funun k\u00f6pe\u011fi Cesur, k\u00fcmesten \u00e7\u0131kan kara tavuk G\u0131dak, hepsi de Ak Nine\u2019nin ba\u015f\u0131na toplanm\u0131\u015f p\u00fcr dikkat Ak Nine\u2019yi izliyordu. Y\u0131llard\u0131r arkada\u015f\u0131 olduklar\u0131 bu ya\u015fl\u0131 ve zay\u0131f kad\u0131n\u0131 ilk kez bir \u00e7alg\u0131 aletiyle g\u00f6r\u00fcyordu. Uzunca bir s\u00fcre Ak Nine \u00e7ald\u0131. Onlar dinledi.\u201d <\/p>\n","protected":false},"excerpt":{"rendered":"<p>Ak Nine\u2019nin S\u00fcrpriz Enstr\u00fcman\u0131, G\u00fcl\u00e7in Ah\u0131ska\u2019n\u0131n ikinci kitab\u0131d\u0131r. Bir seri olarak \u00e7\u0131kmas\u0131 planlanan kitaplar \u00e7ocuklar i\u00e7in haz\u0131rlanm\u0131\u015ft\u0131r. Renkli resimlerle desteklenmi\u015f olan bu kitab\u0131 \u00e7ocuklar\u0131n zevkle okuyaca\u011f\u0131n\u0131<span class=\"excerpt-hellip\"> [\u2026]<\/span><\/p>\n","protected":false},"featured_media":0,"template":"","meta":{"_monsterinsights_skip_tracking":false,"_monsterinsights_sitenote_active":false,"_monsterinsights_sitenote_note":"","_monsterinsights_sitenote_category":0},"product_brand":[],"product_cat":[12274,12284],"product_tag":[],"class_list":{"0":"post-752400","1":"product","2":"type-product","3":"status-publish","5":"product_cat-cocuk-ve-genclik-kitaplari","6":"product_cat-hikayeler","7":"pa_cilt-ciltsiz","8":"pa_tur-kitap","9":"pa_yayinevi-myrina-yayinlari","10":"pa_yazar-gulcin-ahiska","12":"first","13":"instock","14":"sale","15":"shipping-taxable","16":"purchasable","17":"product-type-simple"},"_links":{"self":[{"href":"https:\/\/roveyayinevi.com.tr\/index.php\/wp-json\/wp\/v2\/product\/752400","targetHints":{"allow":["GET"]}}],"collection":[{"href":"https:\/\/roveyayinevi.com.tr\/index.php\/wp-json\/wp\/v2\/product"}],"about":[{"href":"https:\/\/roveyayinevi.com.tr\/index.php\/wp-json\/wp\/v2\/types\/product"}],"wp:attachment":[{"href":"https:\/\/roveyayinevi.com.tr\/index.php\/wp-json\/wp\/v2\/media?parent=752400"}],"wp:term":[{"taxonomy":"product_brand","embeddable":true,"href":"https:\/\/roveyayinevi.com.tr\/index.php\/wp-json\/wp\/v2\/product_brand?post=752400"},{"taxonomy":"product_cat","embeddable":true,"href":"https:\/\/roveyayinevi.com.tr\/index.php\/wp-json\/wp\/v2\/product_cat?post=752400"},{"taxonomy":"product_tag","embeddable":true,"href":"https:\/\/roveyayinevi.com.tr\/index.php\/wp-json\/wp\/v2\/product_tag?post=752400"}],"curies":[{"name":"wp","href":"https:\/\/api.w.org\/{rel}","templated":true}]}}