{"id":752399,"date":"2025-08-28T05:15:13","date_gmt":"2025-08-28T02:15:13","guid":{"rendered":"https:\/\/roveyayinevi.com.tr\/index.php\/urun\/aphrodisiasin-buyulu-dunyasi-izzet-keribar-fotograflariyla-turkce-ingilizce\/"},"modified":"2026-04-16T03:05:54","modified_gmt":"2026-04-16T00:05:54","slug":"aphrodisiasin-buyulu-dunyasi-izzet-keribar-fotograflariyla-turkce-ingilizce","status":"publish","type":"product","link":"https:\/\/roveyayinevi.com.tr\/index.php\/urun\/aphrodisiasin-buyulu-dunyasi-izzet-keribar-fotograflariyla-turkce-ingilizce\/","title":{"rendered":"Aphrodisias\u2019\u0131n B\u00fcy\u00fcl\u00fc D\u00fcnyas\u0131 \u2013 \u0130zzet Keribar Foto\u011fraflar\u0131yla (T\u00fcrk\u00e7e-\u0130ngilizce)"},"content":{"rendered":"<p>\u201cAphrodisias\u2019\u0131n B\u00fcy\u00fcl\u00fc D\u00fcnyas\u0131\u201d \u2013 \u0130zzet Keribar Foto\u011fraflar\u0131yla   UNESCO D\u00fcnya Miras\u0131 listesine giren Aphrodisias Antik Kenti, \u0130zzet Keribar\u2019\u0131n foto\u011fraflar\u0131yla \u2018Aphrodisias\u2019\u0131n B\u00fcy\u00fcl\u00fc D\u00fcnyas\u0131\u2019nda dile geliyor.   \u201c\u00d6ns\u00f6z\u2019den: 1961 y\u0131l\u0131nda, New York \u00dcniversitesi ad\u0131na Prof. Kenan Erim\u2019in Kaz\u0131 Ba\u015fkan\u0131 olarak ba\u015flatt\u0131\u011f\u0131 Afrodisias Antik Kenti kaz\u0131lar\u0131n\u0131n ilk ortaya \u00e7\u0131kmas\u0131, foto\u011fraf sanat\u00e7\u0131s\u0131 merhum Ara G\u00fcler sayesinde olmu\u015ftur. Yolunu kaybetti\u011fi i\u00e7in geceyi ge\u00e7irmek zorunda kald\u0131\u011f\u0131 Geyre K\u00f6y\u00fc\u2019nde, \u00e7ok de\u011ferli tarihi eserlerin, k\u00f6y meydan\u0131 ve k\u00f6y i\u00e7indeki her k\u00f6\u015fede, t\u00fcrl\u00fc \u015fekillerde kullan\u0131ld\u0131\u011f\u0131n\u0131 g\u00f6ren Ara G\u00fcler\u2019in \u00e7ekti\u011fi foto\u011fraflar\u0131n National Geographic dergisinde yay\u0131nlanmas\u0131 bu tarihi kentin ke\u015ffini sa\u011flam\u0131\u015ft\u0131r.   \u201cAphrodisias\u2019\u0131n B\u00fcy\u00fcl\u00fc D\u00fcnyas\u0131\u201d \u00fclkemizin en \u00f6nemli foto\u011fraf sanat\u00e7\u0131lar\u0131ndan \u0130zzet Keribar\u2019\u0131n bir proje ba\u011flam\u0131nda \u00e7ekti\u011fi foto\u011fraflarla Afrodit\u2019e adanm\u0131\u015f uygarl\u0131k tarihinin bu s\u0131rad\u0131\u015f\u0131 g\u00fczellikteki antik kentini yeniden g\u00f6zler \u00f6n\u00fcne seriyor.\u201d <\/p>\n","protected":false},"excerpt":{"rendered":"<p>\u201cAphrodisias\u2019\u0131n B\u00fcy\u00fcl\u00fc D\u00fcnyas\u0131\u201d \u2013 \u0130zzet Keribar Foto\u011fraflar\u0131yla UNESCO D\u00fcnya Miras\u0131 listesine giren Aphrodisias Antik Kenti, \u0130zzet Keribar\u2019\u0131n foto\u011fraflar\u0131yla \u2018Aphrodisias\u2019\u0131n B\u00fcy\u00fcl\u00fc D\u00fcnyas\u0131\u2019nda dile geliyor. \u201c\u00d6ns\u00f6z\u2019den: 1961 y\u0131l\u0131nda,<span class=\"excerpt-hellip\"> [\u2026]<\/span><\/p>\n","protected":false},"featured_media":0,"template":"","meta":{"_monsterinsights_skip_tracking":false,"_monsterinsights_sitenote_active":false,"_monsterinsights_sitenote_note":"","_monsterinsights_sitenote_category":0},"product_brand":[],"product_cat":[12408],"product_tag":[],"class_list":{"0":"post-752399","1":"product","2":"type-product","3":"status-publish","5":"product_cat-sanat","6":"pa_cilt-ciltsiz","7":"pa_tur-kitap","8":"pa_yayinevi-yapi-kredi-yayinlari","9":"pa_yazar-izzet-keribar","11":"first","12":"instock","13":"sale","14":"shipping-taxable","15":"purchasable","16":"product-type-simple"},"_links":{"self":[{"href":"https:\/\/roveyayinevi.com.tr\/index.php\/wp-json\/wp\/v2\/product\/752399","targetHints":{"allow":["GET"]}}],"collection":[{"href":"https:\/\/roveyayinevi.com.tr\/index.php\/wp-json\/wp\/v2\/product"}],"about":[{"href":"https:\/\/roveyayinevi.com.tr\/index.php\/wp-json\/wp\/v2\/types\/product"}],"wp:attachment":[{"href":"https:\/\/roveyayinevi.com.tr\/index.php\/wp-json\/wp\/v2\/media?parent=752399"}],"wp:term":[{"taxonomy":"product_brand","embeddable":true,"href":"https:\/\/roveyayinevi.com.tr\/index.php\/wp-json\/wp\/v2\/product_brand?post=752399"},{"taxonomy":"product_cat","embeddable":true,"href":"https:\/\/roveyayinevi.com.tr\/index.php\/wp-json\/wp\/v2\/product_cat?post=752399"},{"taxonomy":"product_tag","embeddable":true,"href":"https:\/\/roveyayinevi.com.tr\/index.php\/wp-json\/wp\/v2\/product_tag?post=752399"}],"curies":[{"name":"wp","href":"https:\/\/api.w.org\/{rel}","templated":true}]}}