{"id":752397,"date":"2025-08-28T05:15:09","date_gmt":"2025-08-28T02:15:09","guid":{"rendered":"https:\/\/roveyayinevi.com.tr\/index.php\/urun\/ambulans-soforu-kurt-lup\/"},"modified":"2026-04-16T03:05:54","modified_gmt":"2026-04-16T00:05:54","slug":"ambulans-soforu-kurt-lup","status":"publish","type":"product","link":"https:\/\/roveyayinevi.com.tr\/index.php\/urun\/ambulans-soforu-kurt-lup\/","title":{"rendered":"Ambulans \u015eof\u00f6r\u00fc Kurt Lup"},"content":{"rendered":"<p>Filiz \u00d6zdem\u2019in yazd\u0131\u011f\u0131 bu heyecanl\u0131 orman hik\u00e2yesine Eren Caner Polat harika resimleriyle e\u015flik ediyor.   \u201cDAAA D\u0130\u0130\u0130 DAAAAA! DAAA D\u0130\u0130\u0130 DAAAAA!\u201d   \u201cKurt Lup ambulans \u015fof\u00f6r\u00fcyd\u00fc ve \u00e7ok \u00f6nemli bir g\u00f6revi vard\u0131. Ormanda kim hasta olsa ambulans\u0131yla tam zaman\u0131nda yeti\u015firdi. Hastalar\u0131 \u00e7abucak hastaneye getirirdi. Doktor Ay\u0131 Orso ormandaki dostlar\u0131 \u00e7abucak iyile\u015ftirirdi. Kurt Lup\u2019un ambulans\u0131 beyazd\u0131, k\u0131rm\u0131z\u0131 \u015feritleri vard\u0131. O sabah yine ambulans\u0131n\u0131 p\u0131r\u0131l p\u0131r\u0131l parlat\u0131rken ne\u015feli bir \u015fark\u0131 m\u0131r\u0131ldanmaya ba\u015flad\u0131\u2026\u201d <\/p>\n","protected":false},"excerpt":{"rendered":"<p>Filiz \u00d6zdem\u2019in yazd\u0131\u011f\u0131 bu heyecanl\u0131 orman hik\u00e2yesine Eren Caner Polat harika resimleriyle e\u015flik ediyor. \u201cDAAA D\u0130\u0130\u0130 DAAAAA! DAAA D\u0130\u0130\u0130 DAAAAA!\u201d \u201cKurt Lup ambulans \u015fof\u00f6r\u00fcyd\u00fc ve \u00e7ok<span class=\"excerpt-hellip\"> [\u2026]<\/span><\/p>\n","protected":false},"featured_media":0,"template":"","meta":{"_monsterinsights_skip_tracking":false,"_monsterinsights_sitenote_active":false,"_monsterinsights_sitenote_note":"","_monsterinsights_sitenote_category":0},"product_brand":[],"product_cat":[12274,12284],"product_tag":[],"class_list":{"0":"post-752397","1":"product","2":"type-product","3":"status-publish","5":"product_cat-cocuk-ve-genclik-kitaplari","6":"product_cat-hikayeler","7":"pa_cilt-ciltsiz","8":"pa_tur-kitap","9":"pa_yayinevi-yapi-kredi-yayinlari","10":"pa_yazar-filiz-ozdem","12":"first","13":"instock","14":"sale","15":"shipping-taxable","16":"purchasable","17":"product-type-simple"},"_links":{"self":[{"href":"https:\/\/roveyayinevi.com.tr\/index.php\/wp-json\/wp\/v2\/product\/752397","targetHints":{"allow":["GET"]}}],"collection":[{"href":"https:\/\/roveyayinevi.com.tr\/index.php\/wp-json\/wp\/v2\/product"}],"about":[{"href":"https:\/\/roveyayinevi.com.tr\/index.php\/wp-json\/wp\/v2\/types\/product"}],"wp:attachment":[{"href":"https:\/\/roveyayinevi.com.tr\/index.php\/wp-json\/wp\/v2\/media?parent=752397"}],"wp:term":[{"taxonomy":"product_brand","embeddable":true,"href":"https:\/\/roveyayinevi.com.tr\/index.php\/wp-json\/wp\/v2\/product_brand?post=752397"},{"taxonomy":"product_cat","embeddable":true,"href":"https:\/\/roveyayinevi.com.tr\/index.php\/wp-json\/wp\/v2\/product_cat?post=752397"},{"taxonomy":"product_tag","embeddable":true,"href":"https:\/\/roveyayinevi.com.tr\/index.php\/wp-json\/wp\/v2\/product_tag?post=752397"}],"curies":[{"name":"wp","href":"https:\/\/api.w.org\/{rel}","templated":true}]}}