{"id":752396,"date":"2025-08-28T05:15:09","date_gmt":"2025-08-28T02:15:09","guid":{"rendered":"https:\/\/roveyayinevi.com.tr\/index.php\/urun\/yesil-mavi-hayat\/"},"modified":"2026-04-16T03:05:54","modified_gmt":"2026-04-16T00:05:54","slug":"yesil-mavi-hayat","status":"publish","type":"product","link":"https:\/\/roveyayinevi.com.tr\/index.php\/urun\/yesil-mavi-hayat\/","title":{"rendered":"Ye\u015fil Mavi Hayat"},"content":{"rendered":"<p>DAHA ANLAMLI HAYATLAR YA\u015eAMAK \u0130\u00c7\u0130N ASIL \u0130HT\u0130YACIMIZ NED\u0130R?   G\u00fcn\u00fcm\u00fcz\u00fcn modern d\u00fcnyas\u0131nda \u00e7o\u011fumuz hedef odakl\u0131, h\u0131zl\u0131, olduk\u00e7a da bireyselle\u015fmi\u015f hayatlar ya\u015f\u0131yoruz. Ya\u015famdaki \u201canlam\u201d, genellikle ba\u015far\u0131 ve toplumsal stat\u00fc ile ili\u015fkilendirilirken, insan\u0131 insan yapan erdemler ise burun k\u0131vr\u0131lan demode de\u011ferler haline geldiler. B\u00fcy\u00fck resmi kaybetmeden \u201cger\u00e7ek kendimiz\u201di ke\u015ffedebilmek, sadece bireysel h\u0131rs ve t\u00fcketme odakl\u0131 bir \u015fekilde bencilce ya\u015famamak, do\u011fan\u0131n sahibi de\u011fil de onun bir par\u00e7as\u0131 oldu\u011fumuzu unutmamak, \u201cben-\u00f6teki\u201d, \u201cinsan-do\u011fa\u201d, \u201cinsan-hayvan\u201d tarz\u0131nda ayr\u0131mlar\u0131 t\u00f6rp\u00fcleyebilmek gibi kavramlar \u00fczerine d\u00fc\u015f\u00fcnd\u00fcr\u00fcc\u00fc bir yap\u0131t&#8230; <\/p>\n","protected":false},"excerpt":{"rendered":"<p>DAHA ANLAMLI HAYATLAR YA\u015eAMAK \u0130\u00c7\u0130N ASIL \u0130HT\u0130YACIMIZ NED\u0130R? G\u00fcn\u00fcm\u00fcz\u00fcn modern d\u00fcnyas\u0131nda \u00e7o\u011fumuz hedef odakl\u0131, h\u0131zl\u0131, olduk\u00e7a da bireyselle\u015fmi\u015f hayatlar ya\u015f\u0131yoruz. Ya\u015famdaki \u201canlam\u201d, genellikle ba\u015far\u0131 ve toplumsal<span class=\"excerpt-hellip\"> [\u2026]<\/span><\/p>\n","protected":false},"featured_media":0,"template":"","meta":{"_monsterinsights_skip_tracking":false,"_monsterinsights_sitenote_active":false,"_monsterinsights_sitenote_note":"","_monsterinsights_sitenote_category":0},"product_brand":[],"product_cat":[12364,12376],"product_tag":[],"class_list":{"0":"post-752396","1":"product","2":"type-product","3":"status-publish","5":"product_cat-genel-konular","6":"product_cat-kisisel-gelisim","7":"pa_cilt-ciltsiz","8":"pa_tur-kitap","9":"pa_yayinevi-destek-yayinlari","10":"pa_yazar-meltem-soguk-stropoli","12":"first","13":"instock","14":"sale","15":"shipping-taxable","16":"purchasable","17":"product-type-simple"},"_links":{"self":[{"href":"https:\/\/roveyayinevi.com.tr\/index.php\/wp-json\/wp\/v2\/product\/752396","targetHints":{"allow":["GET"]}}],"collection":[{"href":"https:\/\/roveyayinevi.com.tr\/index.php\/wp-json\/wp\/v2\/product"}],"about":[{"href":"https:\/\/roveyayinevi.com.tr\/index.php\/wp-json\/wp\/v2\/types\/product"}],"wp:attachment":[{"href":"https:\/\/roveyayinevi.com.tr\/index.php\/wp-json\/wp\/v2\/media?parent=752396"}],"wp:term":[{"taxonomy":"product_brand","embeddable":true,"href":"https:\/\/roveyayinevi.com.tr\/index.php\/wp-json\/wp\/v2\/product_brand?post=752396"},{"taxonomy":"product_cat","embeddable":true,"href":"https:\/\/roveyayinevi.com.tr\/index.php\/wp-json\/wp\/v2\/product_cat?post=752396"},{"taxonomy":"product_tag","embeddable":true,"href":"https:\/\/roveyayinevi.com.tr\/index.php\/wp-json\/wp\/v2\/product_tag?post=752396"}],"curies":[{"name":"wp","href":"https:\/\/api.w.org\/{rel}","templated":true}]}}