{"id":752395,"date":"2025-08-28T05:15:08","date_gmt":"2025-08-28T02:15:08","guid":{"rendered":"https:\/\/roveyayinevi.com.tr\/index.php\/urun\/naikan-2\/"},"modified":"2026-04-13T03:11:27","modified_gmt":"2026-04-13T00:11:27","slug":"naikan-2","status":"publish","type":"product","link":"https:\/\/roveyayinevi.com.tr\/index.php\/urun\/naikan-2\/","title":{"rendered":"Naikan"},"content":{"rendered":"<p>\u201c\u00d6mr\u00fcn boyunca edece\u011fin tek dua \u2018Te\u015fekk\u00fcr ederim\u2019 olsa yeter.\u201d Meister Eckhart   Naikan, \u201ci\u00e7ebak\u0131\u015f\u201d anlam\u0131na gelen Japonca bir kelimedir. \u201cKendini ak\u0131l g\u00f6z\u00fcyle g\u00f6rmek\u201d e\u015fsiz hazineleri ke\u015ffetmemizi ve ya\u015famda hepimize laz\u0131m olan o en g\u00fc\u00e7l\u00fc sanat\u0131, minnet duymay\u0131 bize \u00f6\u011fretir. Do\u011fu\u2019nun ruhani ve psikolojik geleneklerinden yararlanan Naikan, ki\u015fisel fark\u0131ndal\u0131k, minnet, empati ve hayat\u0131m\u0131zda ilerlemek i\u00e7in etkili bir kendi \u00fczerine d\u00fc\u015f\u00fcnme y\u00f6ntemidir. \u0130lk olarak Budist gelene\u011finde manevi bir uygulama olarak ba\u015flayan Naikan, \u015fimdi ise psikologlar taraf\u0131ndan ili\u015fkiler, ba\u011f\u0131ml\u0131l\u0131klar ve di\u011fer zihinsel sorunlar\u0131 \u00e7\u00f6zmede etkili bir ara\u00e7 olarak kabul ediliyor. Japon psikolojisinin \u00f6nde gelen uzmanlar\u0131ndan Gregg Krech, bir felsefeden \u00e7ok daha fazlas\u0131 olan Naikan\u2019la bizleri nas\u0131l ya\u015fad\u0131\u011f\u0131m\u0131za ve buradan nereye gidece\u011fimize dair derin ve d\u00f6n\u00fc\u015ft\u00fcr\u00fcc\u00fc bir yolculu\u011fa davet ediyor. <\/p>\n","protected":false},"excerpt":{"rendered":"<p>\u201c\u00d6mr\u00fcn boyunca edece\u011fin tek dua \u2018Te\u015fekk\u00fcr ederim\u2019 olsa yeter.\u201d Meister Eckhart Naikan, \u201ci\u00e7ebak\u0131\u015f\u201d anlam\u0131na gelen Japonca bir kelimedir. \u201cKendini ak\u0131l g\u00f6z\u00fcyle g\u00f6rmek\u201d e\u015fsiz hazineleri ke\u015ffetmemizi ve<span class=\"excerpt-hellip\"> [\u2026]<\/span><\/p>\n","protected":false},"featured_media":0,"template":"","meta":{"_monsterinsights_skip_tracking":false,"_monsterinsights_sitenote_active":false,"_monsterinsights_sitenote_note":"","_monsterinsights_sitenote_category":0},"product_brand":[],"product_cat":[12364,12376],"product_tag":[],"class_list":{"0":"post-752395","1":"product","2":"type-product","3":"status-publish","5":"product_cat-genel-konular","6":"product_cat-kisisel-gelisim","7":"pa_cilt-ciltsiz","8":"pa_tur-kitap","9":"pa_yayinevi-athica-yayinlari","10":"pa_yazar-gregg-krech","12":"first","13":"instock","14":"sale","15":"shipping-taxable","16":"purchasable","17":"product-type-simple"},"_links":{"self":[{"href":"https:\/\/roveyayinevi.com.tr\/index.php\/wp-json\/wp\/v2\/product\/752395","targetHints":{"allow":["GET"]}}],"collection":[{"href":"https:\/\/roveyayinevi.com.tr\/index.php\/wp-json\/wp\/v2\/product"}],"about":[{"href":"https:\/\/roveyayinevi.com.tr\/index.php\/wp-json\/wp\/v2\/types\/product"}],"wp:attachment":[{"href":"https:\/\/roveyayinevi.com.tr\/index.php\/wp-json\/wp\/v2\/media?parent=752395"}],"wp:term":[{"taxonomy":"product_brand","embeddable":true,"href":"https:\/\/roveyayinevi.com.tr\/index.php\/wp-json\/wp\/v2\/product_brand?post=752395"},{"taxonomy":"product_cat","embeddable":true,"href":"https:\/\/roveyayinevi.com.tr\/index.php\/wp-json\/wp\/v2\/product_cat?post=752395"},{"taxonomy":"product_tag","embeddable":true,"href":"https:\/\/roveyayinevi.com.tr\/index.php\/wp-json\/wp\/v2\/product_tag?post=752395"}],"curies":[{"name":"wp","href":"https:\/\/api.w.org\/{rel}","templated":true}]}}