{"id":752394,"date":"2025-08-28T05:15:07","date_gmt":"2025-08-28T02:15:07","guid":{"rendered":"https:\/\/roveyayinevi.com.tr\/index.php\/urun\/duygularin-efendisi\/"},"modified":"2026-02-03T03:19:41","modified_gmt":"2026-02-03T00:19:41","slug":"duygularin-efendisi","status":"publish","type":"product","link":"https:\/\/roveyayinevi.com.tr\/index.php\/urun\/duygularin-efendisi\/","title":{"rendered":"Duygular\u0131n Efendisi"},"content":{"rendered":"<p>HANG\u0130 DUYGU SEN\u0130 ELE GE\u00c7\u0130RM\u0130\u015eSE VE Y\u00d6N VERMEYE BA\u015eLAMI\u015eSA, ORADA SEN AZALMI\u015eSINDIR ARTIK&#8230; <\/p>\n","protected":false},"excerpt":{"rendered":"<p>HANG\u0130 DUYGU SEN\u0130 ELE GE\u00c7\u0130RM\u0130\u015eSE VE Y\u00d6N VERMEYE BA\u015eLAMI\u015eSA, ORADA SEN AZALMI\u015eSINDIR ARTIK&#8230;<\/p>\n","protected":false},"featured_media":0,"template":"","meta":{"_monsterinsights_skip_tracking":false,"_monsterinsights_sitenote_active":false,"_monsterinsights_sitenote_note":"","_monsterinsights_sitenote_category":0},"product_brand":[],"product_cat":[12364,12376],"product_tag":[],"class_list":{"0":"post-752394","1":"product","2":"type-product","3":"status-publish","5":"product_cat-genel-konular","6":"product_cat-kisisel-gelisim","7":"pa_cilt-ciltsiz","8":"pa_tur-kitap","9":"pa_yayinevi-destek-yayinlari","10":"pa_yazar-cetin-cetintas","12":"first","13":"instock","14":"sale","15":"shipping-taxable","16":"purchasable","17":"product-type-simple"},"_links":{"self":[{"href":"https:\/\/roveyayinevi.com.tr\/index.php\/wp-json\/wp\/v2\/product\/752394","targetHints":{"allow":["GET"]}}],"collection":[{"href":"https:\/\/roveyayinevi.com.tr\/index.php\/wp-json\/wp\/v2\/product"}],"about":[{"href":"https:\/\/roveyayinevi.com.tr\/index.php\/wp-json\/wp\/v2\/types\/product"}],"wp:attachment":[{"href":"https:\/\/roveyayinevi.com.tr\/index.php\/wp-json\/wp\/v2\/media?parent=752394"}],"wp:term":[{"taxonomy":"product_brand","embeddable":true,"href":"https:\/\/roveyayinevi.com.tr\/index.php\/wp-json\/wp\/v2\/product_brand?post=752394"},{"taxonomy":"product_cat","embeddable":true,"href":"https:\/\/roveyayinevi.com.tr\/index.php\/wp-json\/wp\/v2\/product_cat?post=752394"},{"taxonomy":"product_tag","embeddable":true,"href":"https:\/\/roveyayinevi.com.tr\/index.php\/wp-json\/wp\/v2\/product_tag?post=752394"}],"curies":[{"name":"wp","href":"https:\/\/api.w.org\/{rel}","templated":true}]}}