{"id":752391,"date":"2025-08-28T05:15:02","date_gmt":"2025-08-28T02:15:02","guid":{"rendered":"https:\/\/roveyayinevi.com.tr\/index.php\/urun\/cumhuriyetin-ilk-cocuklari\/"},"modified":"2026-04-16T03:05:54","modified_gmt":"2026-04-16T00:05:54","slug":"cumhuriyetin-ilk-cocuklari","status":"publish","type":"product","link":"https:\/\/roveyayinevi.com.tr\/index.php\/urun\/cumhuriyetin-ilk-cocuklari\/","title":{"rendered":"Cumhuriyetin \u0130lk \u00c7ocuklar\u0131"},"content":{"rendered":"<p>1933 y\u0131l\u0131 sonbahar\u0131nda b\u00fct\u00fcn radyolar ve gazeteler, 29 Ekimhaftas\u0131nda Cumhuriyet\u2019imizin 10. Y\u0131l&#8217;\u0131 olmas\u0131 sebebiyle yap\u0131lacakolan t\u00f6ren ve kutlamalardan bahsetmektedir. T\u00fcm yurtta d\u00fczenlenecek olan bu kutlamalar b\u00fcy\u00fck bir \u015fenlik havas\u0131nda ge\u00e7ecektir. \u00dcsk\u00fcdar\u2019da ya\u015fayan Haluk da bu kutlu bayram\u0131 ve \u015fenlikleriheyecan i\u00e7inde beklemektedir. Ancak o s\u0131ra evlerine bir \u00e7ocuk,bir yabanc\u0131 ve bir de kara kanatl\u0131 ku\u015fun gelmesiyle i\u015fler sarpa sarmaya ba\u015flar. Yepyeni duygularla ve d\u00fc\u015f\u00fcncelerle tan\u0131\u015fan Haluk ise kendisini bir maceran\u0131n ortas\u0131nda buluverir. Cumhuriyet\u2019imizin 100. Y\u0131l\u0131\u2019n\u0131 kutlad\u0131\u011f\u0131m\u0131z \u015fu g\u00fcnlerde, Renan \u00d6zdemir sizleri zaman yolcu\u011funa \u00e7\u0131kar\u0131p doksan y\u0131l geriye oy\u0131llar\u0131n \u0130stanbul\u2019una g\u00f6t\u00fcrecek ve Haluk\u2019la birlikte Cumhuriyet\u2019in10. Y\u0131l kutlamalar\u0131na tan\u0131kl\u0131k etmenizi sa\u011flayacak. Sat\u0131rlarda Atat\u00fcrk ile bulu\u015fup s\u00f6yle\u015fecek ve Gen\u00e7 Cumhuriyet\u2019imizin kazan\u0131mlar\u0131n\u0131 \u00f6\u011freneceksiniz. <\/p>\n","protected":false},"excerpt":{"rendered":"<p>1933 y\u0131l\u0131 sonbahar\u0131nda b\u00fct\u00fcn radyolar ve gazeteler, 29 Ekimhaftas\u0131nda Cumhuriyet\u2019imizin 10. Y\u0131l&#8217;\u0131 olmas\u0131 sebebiyle yap\u0131lacakolan t\u00f6ren ve kutlamalardan bahsetmektedir. T\u00fcm yurtta d\u00fczenlenecek olan bu kutlamalar b\u00fcy\u00fck<span class=\"excerpt-hellip\"> [\u2026]<\/span><\/p>\n","protected":false},"featured_media":0,"template":"","meta":{"_monsterinsights_skip_tracking":false,"_monsterinsights_sitenote_active":false,"_monsterinsights_sitenote_note":"","_monsterinsights_sitenote_category":0},"product_brand":[],"product_cat":[12274],"product_tag":[],"class_list":{"0":"post-752391","1":"product","2":"type-product","3":"status-publish","5":"product_cat-cocuk-ve-genclik-kitaplari","6":"pa_cilt-ciltsiz","7":"pa_tur-kitap","8":"pa_yayinevi-epsilon-ozel-urun","9":"pa_yazar-renan-ozdemir","11":"first","12":"instock","13":"sale","14":"shipping-taxable","15":"purchasable","16":"product-type-simple"},"_links":{"self":[{"href":"https:\/\/roveyayinevi.com.tr\/index.php\/wp-json\/wp\/v2\/product\/752391","targetHints":{"allow":["GET"]}}],"collection":[{"href":"https:\/\/roveyayinevi.com.tr\/index.php\/wp-json\/wp\/v2\/product"}],"about":[{"href":"https:\/\/roveyayinevi.com.tr\/index.php\/wp-json\/wp\/v2\/types\/product"}],"wp:attachment":[{"href":"https:\/\/roveyayinevi.com.tr\/index.php\/wp-json\/wp\/v2\/media?parent=752391"}],"wp:term":[{"taxonomy":"product_brand","embeddable":true,"href":"https:\/\/roveyayinevi.com.tr\/index.php\/wp-json\/wp\/v2\/product_brand?post=752391"},{"taxonomy":"product_cat","embeddable":true,"href":"https:\/\/roveyayinevi.com.tr\/index.php\/wp-json\/wp\/v2\/product_cat?post=752391"},{"taxonomy":"product_tag","embeddable":true,"href":"https:\/\/roveyayinevi.com.tr\/index.php\/wp-json\/wp\/v2\/product_tag?post=752391"}],"curies":[{"name":"wp","href":"https:\/\/api.w.org\/{rel}","templated":true}]}}