{"id":752389,"date":"2025-08-28T05:14:59","date_gmt":"2025-08-28T02:14:59","guid":{"rendered":"https:\/\/roveyayinevi.com.tr\/index.php\/urun\/banka-ve-birikim\/"},"modified":"2026-04-16T03:05:54","modified_gmt":"2026-04-16T00:05:54","slug":"banka-ve-birikim","status":"publish","type":"product","link":"https:\/\/roveyayinevi.com.tr\/index.php\/urun\/banka-ve-birikim\/","title":{"rendered":"Banka ve Birikim"},"content":{"rendered":"<p>G\u00dcL\u00dcMSEYEN EKONOM\u0130 H\u0130K\u00c2YELER\u0130 Para Nedir? Zenginler Nas\u0131l Zengin Oldu? Para Nas\u0131l Harcan\u0131r? Banka ve Birikim Bilge Karde\u015fler Ticarete At\u0131l\u0131yor   K\u0130TAPTAN   Venedik\u2019te ya\u015fayan Marco isminde biri vard\u0131. Marco gen\u00e7, d\u00fcr\u00fcst ve zekiydi. Her g\u00fcn limanlara gider ve t\u00fcccarlar\u0131 izlerdi. \u201cFas seramikleri! \u00c7in ipe\u011fi! Hint biberi!\u201d \u201cAaa, biber mi, \u00e7ok nadir bulunur! Avrupa\u2019da da biber yeti\u015ftirsek \u00e7ok iyi olmaz m\u0131yd\u0131?\u201d \u201cBak evlad\u0131m, biber yayg\u0131nla\u015f\u0131rsa bu fiyata nas\u0131l sataca\u011f\u0131m?\u201d \u201cDo\u011fru, daha ucuza al\u0131p daha pahal\u0131ya satar\u0131z, para kazan\u0131r\u0131z.\u201d Marco \u00e7al\u0131\u015fkan ve pratik zek\u00e2l\u0131 t\u00fcccarlar\u0131 izleyerek paran\u0131n nas\u0131l kullan\u0131ld\u0131\u011f\u0131n\u0131 \u00f6\u011frendi. *** T\u00fcccarlar\u0131 izlerken Marco\u2019nun akl\u0131na \u00e7ok iyi bir fikir geldi. \u201cYard\u0131m edebilir miyim?\u201d \u201cBende hem Frans\u0131z hem Venedik paras\u0131 var.\u201d Marco b\u00fcy\u00fck gemilerin gelip ge\u00e7ti\u011fi kanallar\u0131n \u00f6n\u00fcne bir masa kurdu ve d\u00f6viz de\u011fi\u015fimi yapmaya, yani bir \u00fclkenin paras\u0131n\u0131 ba\u015fka bir \u00fclkenin paras\u0131yla de\u011fi\u015f toku\u015f etmeye ba\u015flad\u0131. \u00c7e\u015fitli para birimlerinin de\u011ferini hesaplay\u0131p ba\u015fka bir para birimiyle de\u011fi\u015ftiriyordu. Marco sayesinde t\u00fcccarlar\u0131n i\u015fi kolayla\u015ft\u0131. Bankan\u0131n k\u00f6keni: Masa Eski zamanlarda soka\u011fa bir masa konur, paran\u0131n de\u011feri hesaplan\u0131r, de\u011ferine g\u00f6re ba\u015fka bir para birimiyle de\u011fi\u015fimi yap\u0131l\u0131rd\u0131. Bu masalara \u0130talyanca \u201cbanco\u201d denirdi, bu da \u201cbanka\u201d anlam\u0131nda kullan\u0131lmaya ba\u015flad\u0131. *** \u201cDuydunuz mu? Marco kasas\u0131nda paran\u0131za g\u00f6z kulak oluyormu\u015f.\u201d \u201cDo\u011frudur. Benim param onda mesela, bana da bir sertifika verdi.\u201d \u201c\u00c7ok iyi, de\u011fil mi? Art\u0131k a\u011f\u0131r sikkeleri yan\u0131m\u0131zda ta\u015f\u0131mam\u0131z gerekmiyor.\u201d T\u00fcccarlar paralar\u0131n\u0131 Marco\u2019ya emanet ettikleri zaman, bu hizmet kar\u015f\u0131l\u0131\u011f\u0131nda ona bir \u00fccret verirlerdi, Marco da onlara bir sertifika sunard\u0131. Bunun anlam\u0131 \u015fuydu: \u201cSertifikayla gelirsen g\u00f6z kulak oldu\u011fum paran\u0131n tamam\u0131n\u0131 geri al\u0131rs\u0131n.\u201d Art\u0131k t\u00fcccarlar a\u011f\u0131r sikkeler yerine sadece sertifikay\u0131 ta\u015f\u0131yorlard\u0131. Paran\u0131n el de\u011fi\u015ftirdi\u011fi durumlarda bile sertifikalar el de\u011fi\u015ftirebiliyordu. *** Marco s\u0131k\u0131 \u00e7al\u0131\u015f\u0131p para kazanmaya devam etti ve kazand\u0131\u011f\u0131 parayla bir\u00e7ok iyilik yapt\u0131. Zor durumdakilere yard\u0131m etti, sanat\u00e7\u0131 ve bilim insanlar\u0131n\u0131 destekledi. Okullar ve m\u00fczeler yapt\u0131rd\u0131. \u0130nsanlar ona sayg\u0131 duymaya ba\u015flad\u0131lar. Marco, para mant\u0131kl\u0131 \u015fekilde, gerekli yerlerde harcan\u0131rsa herkesin mutlu oldu\u011funu fark etti. Bankalar bug\u00fcn de paras\u0131n\u0131 bir yerde saklamak isteyen ve bor\u00e7 para almak isteyen insanlar\u0131 bir araya getirir. Paran\u0131n laz\u0131m oldu\u011fu yerlere gitmesine izin vermek varl\u0131kl\u0131 bir d\u00fcnya yarat\u0131r. \u00dcretimin, bilimin, edebiyat ve sanat\u0131n geli\u015fmesi i\u00e7in para ak\u0131\u015f\u0131 olmas\u0131 gerekir. *** Ekonomi Bilginizi Geni\u015fletin Param\u0131z\u0131 dikkatli harcamak ve birikim yapmak tasarruf yapmakt\u0131r. Para biriktirmek zor olabilir ama bir banka sayesinde paran\u0131 bo\u015fa harcamazs\u0131n ve faiz kazanc\u0131ndan faydalanabilirsin. Gelirin bir k\u0131sm\u0131n\u0131 biriktir Gelir, kazan\u0131lan parad\u0131r. \u0130\u015flerden al\u0131nan maa\u015f, d\u00fckk\u00e2n ya da fabrika i\u015fletmekten yap\u0131lan k\u00e2r, tar\u0131m ya da hayvanc\u0131l\u0131ktan kazan\u0131lan para, arsadan ya da kiralanan evlerin geliri, banka faizi\u2026 Bunlar\u0131n hepsi gelirdir. Gider, harcanan parad\u0131r. G\u00fcnl\u00fck hayatta, al\u0131nmas\u0131 gereken \u00fcr\u00fcnler, yap\u0131lmas\u0131 gereken harcamalar vard\u0131r. \u00d6rnek: G\u0131da, k\u0131yafet, ula\u015f\u0131m, e\u011fitim, sa\u011fl\u0131k. Bir g\u00fcn toplu paraya ihtiyac\u0131m\u0131z olabilir. Bu y\u00fczden gelirimizin bir k\u0131sm\u0131n\u0131 biriktirmeliyiz. Tutumlu bir hayat s\u00fcrebilmek i\u00e7in \u00f6nce biriktirip sonra b\u00fct\u00e7e haz\u0131rlamak, ard\u0131ndan da yaln\u0131zca gereken \u015feylere para harcamak gerekir. ***   Banka C\u00fczdan\u0131   Bankan\u0131n gerektirdikleri Banka hesab\u0131 a\u00e7mak i\u00e7in n\u00fcfus c\u00fczdan\u0131, adres ve cep telefonu numaras\u0131 vermen laz\u0131m. 18 ya\u015f\u0131ndan k\u00fc\u00e7\u00fck olanlar tek ba\u015f\u0131na hesap a\u00e7amazlar, bu y\u00fczden banka \u015fubesine anne babanla gitmen gerekir. Bankaya gidince Bankaya ailenle git, bir numara al ve s\u0131ran\u0131 bekle. S\u0131ra sana gelince S\u0131ra sana geldi\u011finde, numaran\u0131n yand\u0131\u011f\u0131 b\u00f6l\u00fcme git ve ailenle birlikte yeni bir banka defteri i\u00e7in ba\u015fvurunu yap<\/p>\n","protected":false},"excerpt":{"rendered":"<p>G\u00dcL\u00dcMSEYEN EKONOM\u0130 H\u0130K\u00c2YELER\u0130 Para Nedir? Zenginler Nas\u0131l Zengin Oldu? Para Nas\u0131l Harcan\u0131r? Banka ve Birikim Bilge Karde\u015fler Ticarete At\u0131l\u0131yor K\u0130TAPTAN Venedik\u2019te ya\u015fayan Marco isminde biri vard\u0131.<span class=\"excerpt-hellip\"> [\u2026]<\/span><\/p>\n","protected":false},"featured_media":0,"template":"","meta":{"_monsterinsights_skip_tracking":false,"_monsterinsights_sitenote_active":false,"_monsterinsights_sitenote_note":"","_monsterinsights_sitenote_category":0},"product_brand":[],"product_cat":[12274,12284],"product_tag":[],"class_list":{"0":"post-752389","1":"product","2":"type-product","3":"status-publish","5":"product_cat-cocuk-ve-genclik-kitaplari","6":"product_cat-hikayeler","7":"pa_cilt-ciltsiz","8":"pa_tur-kitap","9":"pa_yayinevi-elma-cocuk","10":"pa_yazar-soyoung-park","12":"first","13":"instock","14":"sale","15":"shipping-taxable","16":"purchasable","17":"product-type-simple"},"_links":{"self":[{"href":"https:\/\/roveyayinevi.com.tr\/index.php\/wp-json\/wp\/v2\/product\/752389","targetHints":{"allow":["GET"]}}],"collection":[{"href":"https:\/\/roveyayinevi.com.tr\/index.php\/wp-json\/wp\/v2\/product"}],"about":[{"href":"https:\/\/roveyayinevi.com.tr\/index.php\/wp-json\/wp\/v2\/types\/product"}],"wp:attachment":[{"href":"https:\/\/roveyayinevi.com.tr\/index.php\/wp-json\/wp\/v2\/media?parent=752389"}],"wp:term":[{"taxonomy":"product_brand","embeddable":true,"href":"https:\/\/roveyayinevi.com.tr\/index.php\/wp-json\/wp\/v2\/product_brand?post=752389"},{"taxonomy":"product_cat","embeddable":true,"href":"https:\/\/roveyayinevi.com.tr\/index.php\/wp-json\/wp\/v2\/product_cat?post=752389"},{"taxonomy":"product_tag","embeddable":true,"href":"https:\/\/roveyayinevi.com.tr\/index.php\/wp-json\/wp\/v2\/product_tag?post=752389"}],"curies":[{"name":"wp","href":"https:\/\/api.w.org\/{rel}","templated":true}]}}