{"id":752388,"date":"2025-08-28T05:14:58","date_gmt":"2025-08-28T02:14:58","guid":{"rendered":"https:\/\/roveyayinevi.com.tr\/index.php\/urun\/uslu-cocuk-olmayi-birak\/"},"modified":"2026-04-16T03:05:54","modified_gmt":"2026-04-16T00:05:54","slug":"uslu-cocuk-olmayi-birak","status":"publish","type":"product","link":"https:\/\/roveyayinevi.com.tr\/index.php\/urun\/uslu-cocuk-olmayi-birak\/","title":{"rendered":"Uslu \u00c7ocuk Olmay\u0131 B\u0131rak"},"content":{"rendered":"<p>\u015e\u0131marma hakk\u0131n\u0131z\u0131 kullanm\u0131yorsan\u0131z, siz kocaman uslu bir \u00e7ocuksunuz.   Ho\u015f geldiniz yaramaz \u00e7ocuklar. Bu kitap i\u00e7inizdeki uslu \u00e7ocu\u011fu biraz olsun azaltmay\u0131 hedefliyor. Nerede do\u011fdu\u011funuz, hangi co\u011frafyada kimlerin \u00e7ocu\u011fu oldu\u011funuz \u00f6nemli de\u011fil, \u00f6nemli olan, hayat\u0131n\u0131z boyunca kendi ruhunuza, duygular\u0131n\u0131za temas etmeniz gerekti\u011fini \u00f6\u011frenmeniz. Yani kendiniz olman\u0131z.  \u00c7ocukken zorla usland\u0131r\u0131lm\u0131\u015f \u00e7ocuklardan biriyseniz, yeti\u015fkin oldu\u011funuzda pusulan\u0131z\u0131 kaybettiyseniz, ge\u00e7mi\u015fte ya\u015fad\u0131klar\u0131n\u0131z y\u00fcz\u00fcnden kaybettikleriniz fazlaysa art\u0131k yaramazl\u0131k zaman\u0131n\u0131z gelmi\u015f demektir. Para, ne\u015fe, \u00f6zg\u00fcven, cesaret ve iyi ya\u015fam i\u00e7in i\u00e7indeki yaramaz \u00e7ocu\u011fu canland\u0131rma vakti. Kendin olma, sen olma vakti. Merkezde art\u0131k sen olacaks\u0131n yaramaz \u00e7ocuk. \u015eifa olsun.<\/p>\n","protected":false},"excerpt":{"rendered":"<p>\u015e\u0131marma hakk\u0131n\u0131z\u0131 kullanm\u0131yorsan\u0131z, siz kocaman uslu bir \u00e7ocuksunuz. Ho\u015f geldiniz yaramaz \u00e7ocuklar. Bu kitap i\u00e7inizdeki uslu \u00e7ocu\u011fu biraz olsun azaltmay\u0131 hedefliyor. Nerede do\u011fdu\u011funuz, hangi co\u011frafyada kimlerin<span class=\"excerpt-hellip\"> [\u2026]<\/span><\/p>\n","protected":false},"featured_media":0,"template":"","meta":{"_monsterinsights_skip_tracking":false,"_monsterinsights_sitenote_active":false,"_monsterinsights_sitenote_note":"","_monsterinsights_sitenote_category":0},"product_brand":[],"product_cat":[12364,12376],"product_tag":[],"class_list":{"0":"post-752388","1":"product","2":"type-product","3":"status-publish","5":"product_cat-genel-konular","6":"product_cat-kisisel-gelisim","7":"pa_cilt-ciltsiz","8":"pa_tur-kitap","9":"pa_yayinevi-nemesis-kitap","10":"pa_yazar-askim-kapismak","12":"first","13":"instock","14":"sale","15":"shipping-taxable","16":"purchasable","17":"product-type-simple"},"_links":{"self":[{"href":"https:\/\/roveyayinevi.com.tr\/index.php\/wp-json\/wp\/v2\/product\/752388","targetHints":{"allow":["GET"]}}],"collection":[{"href":"https:\/\/roveyayinevi.com.tr\/index.php\/wp-json\/wp\/v2\/product"}],"about":[{"href":"https:\/\/roveyayinevi.com.tr\/index.php\/wp-json\/wp\/v2\/types\/product"}],"wp:attachment":[{"href":"https:\/\/roveyayinevi.com.tr\/index.php\/wp-json\/wp\/v2\/media?parent=752388"}],"wp:term":[{"taxonomy":"product_brand","embeddable":true,"href":"https:\/\/roveyayinevi.com.tr\/index.php\/wp-json\/wp\/v2\/product_brand?post=752388"},{"taxonomy":"product_cat","embeddable":true,"href":"https:\/\/roveyayinevi.com.tr\/index.php\/wp-json\/wp\/v2\/product_cat?post=752388"},{"taxonomy":"product_tag","embeddable":true,"href":"https:\/\/roveyayinevi.com.tr\/index.php\/wp-json\/wp\/v2\/product_tag?post=752388"}],"curies":[{"name":"wp","href":"https:\/\/api.w.org\/{rel}","templated":true}]}}