{"id":752386,"date":"2025-08-28T05:14:55","date_gmt":"2025-08-28T02:14:55","guid":{"rendered":"https:\/\/roveyayinevi.com.tr\/index.php\/urun\/kanatsiz-melek-3-son-dilekler\/"},"modified":"2026-04-16T03:05:54","modified_gmt":"2026-04-16T00:05:54","slug":"kanatsiz-melek-3-son-dilekler","status":"publish","type":"product","link":"https:\/\/roveyayinevi.com.tr\/index.php\/urun\/kanatsiz-melek-3-son-dilekler\/","title":{"rendered":"Kanats\u0131z Melek 3: Son Dilekler"},"content":{"rendered":"<p>Aria ilk bak\u0131\u015fta on iki ya\u015f\u0131nda s\u0131radan bir k\u0131z gibi g\u00f6r\u00fcnebilirdi. Ama o bir koruyucu melekti ve d\u00fcnyaya kanatlar\u0131n\u0131 kazanmaya g\u00f6nderilmi\u015fti. Bunun i\u00e7in de \u00fc\u00e7 farkl\u0131 k\u0131za yard\u0131m etmesi gerekiyordu.   Bu kez, b\u00fct\u00fcn ya\u015fam\u0131 danstan ibaret olan Mikayla\u2019n\u0131n yard\u0131ma ihtiyac\u0131 vard\u0131. \u00c7evresindeki herkes onun daima bir numara olmas\u0131n\u0131 istiyordu ve ba\u015far\u0131s\u0131z olma korkusunun omuzlar\u0131na y\u00fckledi\u011fi a\u011f\u0131rl\u0131\u011f\u0131n kimse fark\u0131nda de\u011fildi. Eskiden dans ederken mutlu ve \u00f6zg\u00fcr hissederdi; oysa \u015fimdi kurallar ve yasaklardan bo\u011fuluyordu. Belki de en ba\u015fa d\u00f6nmeli ve dans etmeye neden ba\u015flad\u0131\u011f\u0131n\u0131 hat\u0131rlamal\u0131yd\u0131.    Bu son g\u00f6revde Aria, Mikayla\u2019n\u0131n hayatta ne yapmak istedi\u011fini bulmas\u0131n\u0131 sa\u011flayabilecek miydi?   \u201cEn karanl\u0131k anlarda bile \u0131\u015f\u0131\u011f\u0131 bulman\u0131za yard\u0131m edecek.\u201d \u2014Nerd Daily <\/p>\n","protected":false},"excerpt":{"rendered":"<p>Aria ilk bak\u0131\u015fta on iki ya\u015f\u0131nda s\u0131radan bir k\u0131z gibi g\u00f6r\u00fcnebilirdi. Ama o bir koruyucu melekti ve d\u00fcnyaya kanatlar\u0131n\u0131 kazanmaya g\u00f6nderilmi\u015fti. Bunun i\u00e7in de \u00fc\u00e7 farkl\u0131<span class=\"excerpt-hellip\"> [\u2026]<\/span><\/p>\n","protected":false},"featured_media":0,"template":"","meta":{"_monsterinsights_skip_tracking":false,"_monsterinsights_sitenote_active":false,"_monsterinsights_sitenote_note":"","_monsterinsights_sitenote_category":0},"product_brand":[],"product_cat":[12291,12711],"product_tag":[],"class_list":{"0":"post-752386","1":"product","2":"type-product","3":"status-publish","5":"product_cat-edebiyat","6":"product_cat-roman-oyku","7":"pa_cilt-ciltsiz","8":"pa_tur-kitap","9":"pa_yayinevi-yabanci-yayinevi","10":"pa_yazar-victoria-schwab","12":"first","13":"instock","14":"sale","15":"shipping-taxable","16":"purchasable","17":"product-type-simple"},"_links":{"self":[{"href":"https:\/\/roveyayinevi.com.tr\/index.php\/wp-json\/wp\/v2\/product\/752386","targetHints":{"allow":["GET"]}}],"collection":[{"href":"https:\/\/roveyayinevi.com.tr\/index.php\/wp-json\/wp\/v2\/product"}],"about":[{"href":"https:\/\/roveyayinevi.com.tr\/index.php\/wp-json\/wp\/v2\/types\/product"}],"wp:attachment":[{"href":"https:\/\/roveyayinevi.com.tr\/index.php\/wp-json\/wp\/v2\/media?parent=752386"}],"wp:term":[{"taxonomy":"product_brand","embeddable":true,"href":"https:\/\/roveyayinevi.com.tr\/index.php\/wp-json\/wp\/v2\/product_brand?post=752386"},{"taxonomy":"product_cat","embeddable":true,"href":"https:\/\/roveyayinevi.com.tr\/index.php\/wp-json\/wp\/v2\/product_cat?post=752386"},{"taxonomy":"product_tag","embeddable":true,"href":"https:\/\/roveyayinevi.com.tr\/index.php\/wp-json\/wp\/v2\/product_tag?post=752386"}],"curies":[{"name":"wp","href":"https:\/\/api.w.org\/{rel}","templated":true}]}}