{"id":752385,"date":"2025-08-28T05:14:52","date_gmt":"2025-08-28T02:14:52","guid":{"rendered":"https:\/\/roveyayinevi.com.tr\/index.php\/urun\/kanatsiz-melek-1-yeni-baslangiclar\/"},"modified":"2026-04-16T03:05:54","modified_gmt":"2026-04-16T00:05:54","slug":"kanatsiz-melek-1-yeni-baslangiclar","status":"publish","type":"product","link":"https:\/\/roveyayinevi.com.tr\/index.php\/urun\/kanatsiz-melek-1-yeni-baslangiclar\/","title":{"rendered":"Kanats\u0131z Melek 1: Yeni Ba\u015flang\u0131\u00e7lar"},"content":{"rendered":"<p>Aria k\u0131z\u0131l sa\u00e7lar\u0131 ve renkli ba\u011fc\u0131klar\u0131yla ilk bak\u0131\u015fta on iki ya\u015f\u0131nda s\u0131radan bir k\u0131z gibi g\u00f6r\u00fcnebilirdi. Oysa o sadece hayal ederek bir \u015feyleri var edebiliyor, kendi g\u00f6lgesini bir kap\u0131 gibi kullan\u0131yor ve d\u00fcnyada k\u00fc\u00e7\u00fcc\u00fck ama \u00f6nemli de\u011fi\u015fiklikler yarat\u0131yordu. \u00c7\u00fcnk\u00fc Aria bir koruyucu melekti. \u015eey, kanatlar\u0131 hari\u00e7\u2026 Zaten d\u00fcnyaya da onlar\u0131 kazanmak \u00fczere g\u00f6nderilmi\u015fti. Bunu yapmak i\u00e7in de \u00fc\u00e7 farkl\u0131 k\u0131za yard\u0131m etmesi gerekiyordu.   \u0130lk g\u00f6revi Gabby Torres\u2019ti. Gabby her zaman sessiz bir \u00e7ocuk olmas\u0131na ra\u011fmen abisi hastaland\u0131\u011f\u0131ndan beri neredeyse hi\u00e7 konu\u015fmam\u0131\u015ft\u0131. Ger\u00e7i konu\u015fsa da kimse onu dinlemiyordu ki. Yeni ba\u015flayaca\u011f\u0131 okulda da b\u00f6yle olaca\u011f\u0131na ve asla arkada\u015f edinemeyece\u011fine emindi. Ama belki de tek ihtiyac\u0131 bir merhaba demekti.   Aria, Gabby\u2019nin kendi sesini bulmas\u0131na yard\u0131m edebilecek miydi?<\/p>\n","protected":false},"excerpt":{"rendered":"<p>Aria k\u0131z\u0131l sa\u00e7lar\u0131 ve renkli ba\u011fc\u0131klar\u0131yla ilk bak\u0131\u015fta on iki ya\u015f\u0131nda s\u0131radan bir k\u0131z gibi g\u00f6r\u00fcnebilirdi. Oysa o sadece hayal ederek bir \u015feyleri var edebiliyor, kendi<span class=\"excerpt-hellip\"> [\u2026]<\/span><\/p>\n","protected":false},"featured_media":0,"template":"","meta":{"_monsterinsights_skip_tracking":false,"_monsterinsights_sitenote_active":false,"_monsterinsights_sitenote_note":"","_monsterinsights_sitenote_category":0},"product_brand":[],"product_cat":[12291,12711],"product_tag":[],"class_list":{"0":"post-752385","1":"product","2":"type-product","3":"status-publish","5":"product_cat-edebiyat","6":"product_cat-roman-oyku","7":"pa_cilt-ciltsiz","8":"pa_tur-kitap","9":"pa_yayinevi-yabanci-yayinevi","10":"pa_yazar-victoria-schwab","12":"first","13":"instock","14":"sale","15":"shipping-taxable","16":"purchasable","17":"product-type-simple"},"_links":{"self":[{"href":"https:\/\/roveyayinevi.com.tr\/index.php\/wp-json\/wp\/v2\/product\/752385","targetHints":{"allow":["GET"]}}],"collection":[{"href":"https:\/\/roveyayinevi.com.tr\/index.php\/wp-json\/wp\/v2\/product"}],"about":[{"href":"https:\/\/roveyayinevi.com.tr\/index.php\/wp-json\/wp\/v2\/types\/product"}],"wp:attachment":[{"href":"https:\/\/roveyayinevi.com.tr\/index.php\/wp-json\/wp\/v2\/media?parent=752385"}],"wp:term":[{"taxonomy":"product_brand","embeddable":true,"href":"https:\/\/roveyayinevi.com.tr\/index.php\/wp-json\/wp\/v2\/product_brand?post=752385"},{"taxonomy":"product_cat","embeddable":true,"href":"https:\/\/roveyayinevi.com.tr\/index.php\/wp-json\/wp\/v2\/product_cat?post=752385"},{"taxonomy":"product_tag","embeddable":true,"href":"https:\/\/roveyayinevi.com.tr\/index.php\/wp-json\/wp\/v2\/product_tag?post=752385"}],"curies":[{"name":"wp","href":"https:\/\/api.w.org\/{rel}","templated":true}]}}