{"id":752381,"date":"2025-08-28T05:14:45","date_gmt":"2025-08-28T02:14:45","guid":{"rendered":"https:\/\/roveyayinevi.com.tr\/index.php\/urun\/yok-eden-ates-baglilik-2-kitap\/"},"modified":"2026-04-16T03:05:54","modified_gmt":"2026-04-16T00:05:54","slug":"yok-eden-ates-baglilik-2-kitap","status":"publish","type":"product","link":"https:\/\/roveyayinevi.com.tr\/index.php\/urun\/yok-eden-ates-baglilik-2-kitap\/","title":{"rendered":"Yok Eden Ate\u015f \/ Ba\u011fl\u0131l\u0131k 2. Kitap"},"content":{"rendered":"<p>Ba\u011fl\u0131l\u0131k serisi, ikinci kitab\u0131 Yok Eden Ate\u015f\u2019le devam ediyor.   Ak\u0131m ke\u015ffedilene kadar \u0131\u015f\u0131k h\u0131z\u0131ndan daha h\u0131zl\u0131 yolculuk etmek, fizik kurallar\u0131na g\u00f6re m\u00fcmk\u00fcn de\u011fildi. Ak\u0131m\u2019dan sonra ise insanl\u0131k onu kullanarak birbirlerine milyonlarca \u0131\u015f\u0131k y\u0131l\u0131 uzakl\u0131ktaki farkl\u0131 y\u0131ld\u0131z sistemlerine yerle\u015fmeye ba\u015flad\u0131 ve art\u0131k bin y\u0131ll\u0131k olan imparatorluklar\u0131 Ba\u011fl\u0131l\u0131k\u2019\u0131 kurdu. \u0130mparatorlu\u011fun ayakta kalabilmesi i\u00e7in de ba\u011flant\u0131y\u0131 sa\u011flayan Ak\u0131m nehirleri \u015fartt\u0131; bu sayede hem birbirlerine ihtiya\u00e7 duyuyor, hem sistemleraras\u0131 sava\u015f engelleniyor hem de imparatorun tek g\u00fc\u00e7 sahibi olarak kalmas\u0131 sa\u011flan\u0131yordu.   Ancak Ak\u0131m nehirleri yok olmak \u00fczereydi ve imparatorluk \u00e7\u00f6k\u00fc\u015f\u00fcn e\u015fi\u011findeydi. Varl\u0131klar\u0131n\u0131 s\u00fcrd\u00fcrebilmek i\u00e7in y\u0131ld\u0131zlararas\u0131 seyahate ihtiya\u00e7 duyan gezegenlerdeki insan ya\u015fam\u0131 art\u0131k tehlike alt\u0131ndayd\u0131. Dahas\u0131 y\u0131k\u0131m\u0131n verece\u011fi zarar\u0131 azaltmak i\u00e7in elinden geleni yapan \u0130mparator Grayland bir yandan da imparatorlu\u011fun g\u00fcce susam\u0131\u015f soylular\u0131yla m\u00fccadele etmek zorundayd\u0131. \u00d6yle ki yakla\u015fan sava\u015f sadece uzay gemilerinde ya da sava\u015f meydanlar\u0131nda de\u011fil, ayn\u0131 zamanda saray koridorlar\u0131nda da patlak verecekti. \u0130nsanl\u0131k, kendi yakt\u0131\u011f\u0131 ate\u015fin tad\u0131na bakacakt\u0131.   \u201cJohn Scalzi \u00e7a\u011f\u0131m\u0131z\u0131n en \u00e7ok e\u011flendiren bilimkurgu yazar\u0131.\u201d \u2013Joe Hill   \u201cSerinin ikinci kitab\u0131, okurlar\u0131n ilgisini daha da \u00e7ekecek.\u201d \u2013Publishers Weekly <\/p>\n","protected":false},"excerpt":{"rendered":"<p>Ba\u011fl\u0131l\u0131k serisi, ikinci kitab\u0131 Yok Eden Ate\u015f\u2019le devam ediyor. Ak\u0131m ke\u015ffedilene kadar \u0131\u015f\u0131k h\u0131z\u0131ndan daha h\u0131zl\u0131 yolculuk etmek, fizik kurallar\u0131na g\u00f6re m\u00fcmk\u00fcn de\u011fildi. Ak\u0131m\u2019dan sonra ise<span class=\"excerpt-hellip\"> [\u2026]<\/span><\/p>\n","protected":false},"featured_media":0,"template":"","meta":{"_monsterinsights_skip_tracking":false,"_monsterinsights_sitenote_active":false,"_monsterinsights_sitenote_note":"","_monsterinsights_sitenote_category":0},"product_brand":[],"product_cat":[12540,12291],"product_tag":[],"class_list":{"0":"post-752381","1":"product","2":"type-product","3":"status-publish","5":"product_cat-bilim-kurgu","6":"product_cat-edebiyat","7":"pa_cilt-ciltsiz","8":"pa_tur-kitap","9":"pa_yayinevi-ithaki-yayinlari","10":"pa_yazar-john-scalzi","12":"first","13":"instock","14":"sale","15":"shipping-taxable","16":"purchasable","17":"product-type-simple"},"_links":{"self":[{"href":"https:\/\/roveyayinevi.com.tr\/index.php\/wp-json\/wp\/v2\/product\/752381","targetHints":{"allow":["GET"]}}],"collection":[{"href":"https:\/\/roveyayinevi.com.tr\/index.php\/wp-json\/wp\/v2\/product"}],"about":[{"href":"https:\/\/roveyayinevi.com.tr\/index.php\/wp-json\/wp\/v2\/types\/product"}],"wp:attachment":[{"href":"https:\/\/roveyayinevi.com.tr\/index.php\/wp-json\/wp\/v2\/media?parent=752381"}],"wp:term":[{"taxonomy":"product_brand","embeddable":true,"href":"https:\/\/roveyayinevi.com.tr\/index.php\/wp-json\/wp\/v2\/product_brand?post=752381"},{"taxonomy":"product_cat","embeddable":true,"href":"https:\/\/roveyayinevi.com.tr\/index.php\/wp-json\/wp\/v2\/product_cat?post=752381"},{"taxonomy":"product_tag","embeddable":true,"href":"https:\/\/roveyayinevi.com.tr\/index.php\/wp-json\/wp\/v2\/product_tag?post=752381"}],"curies":[{"name":"wp","href":"https:\/\/api.w.org\/{rel}","templated":true}]}}