{"id":752379,"date":"2025-08-28T05:14:41","date_gmt":"2025-08-28T02:14:41","guid":{"rendered":"https:\/\/roveyayinevi.com.tr\/index.php\/urun\/bez-bebek-alfabesi\/"},"modified":"2026-04-16T03:05:53","modified_gmt":"2026-04-16T00:05:53","slug":"bez-bebek-alfabesi","status":"publish","type":"product","link":"https:\/\/roveyayinevi.com.tr\/index.php\/urun\/bez-bebek-alfabesi\/","title":{"rendered":"Bez Bebek Alfabesi"},"content":{"rendered":"<p>Kanadal\u0131 yazar Camilla Grudova\u2019n\u0131n Britanya Fantazi \u00d6d\u00fclleri\u2019nde En \u0130yi \u00d6yk\u00fc kategorisinde aday g\u00f6sterilen ve Shirley Jackson \u00d6d\u00fclleri\u2019nde En \u0130yi Uzun \u00d6yk\u00fc \u00d6d\u00fcl\u00fc\u2019ne lay\u0131k g\u00f6r\u00fclen \u201cBalmumu\u201d \u00f6yk\u00fcs\u00fcn\u00fcn de yer ald\u0131\u011f\u0131 Bez Bebek Alfabesi ba\u015fl\u0131kl\u0131 ilk \u00f6yk\u00fc kitab\u0131, Kafka, Angela Carter ve Margaret Atwood gibi isimlerden edebi izler ta\u015f\u0131yan, c\u00fcretk\u00e2r, masals\u0131 ve karanl\u0131k bir derleme.   Diki\u015f makinesini tak\u0131nt\u0131 h\u00e2line getiren iki \u00e7ocuk, distopik bir \u00fclkede Adam\u0131 olmadan hayatta kalmaya \u00e7al\u0131\u015fan bir kad\u0131n, e\u015fyalar\u0131n\u0131n kaybolaca\u011f\u0131ndan endi\u015felenerek sahip oldu\u011fu her \u015feyi konservelere doldurmaya karar veren bir baron, geceleri kurda d\u00f6n\u00fc\u015fen bir anne, \u00f6l\u00fclerin aras\u0131nda ya\u015famaya karar veren bir adam, garip tutkular\u0131 olan \u00f6r\u00fcmcek ve insan kar\u0131\u015f\u0131m\u0131 bir mahluk ve daha bir\u00e7ok tuhaf, tekinsiz, ger\u00e7ek\u00fcst\u00fc kahraman\u2026   Oyuncu bir zek\u00e2n\u0131n \u00fcr\u00fcn\u00fc olan Bez Bebek Alfabesi, tuhaf ve do\u011fa\u00fcst\u00fc unsurlar\u0131n g\u00fcndelik hayat\u0131n par\u00e7alar\u0131na d\u00f6n\u00fc\u015ft\u00fc\u011f\u00fc b\u00fcy\u00fcl\u00fc ger\u00e7ek\u00e7i bir edebiyat cevheri.   \u201cOnu en \u00f6zel k\u0131lan ayr\u0131nt\u0131lar\u0131n ne oldu\u011funa bakacak olursak Bez Bebek Alfabesi\u2019nin sadece onda \u015fahit oldu\u011fumuz, ba\u015fka hi\u00e7bir yerde kar\u015f\u0131la\u015fmad\u0131\u011f\u0131m\u0131z bir d\u00fcnya kurdu\u011funu g\u00f6r\u00fcr\u00fcz; bu d\u00fcnyan\u0131n me\u011fer ele ge\u00e7irilmeyi bekledi\u011fini, bunca zaman sizi kendine esir etmek i\u00e7in orada \u00f6ylece durdu\u011funu sonradan fark ederiz.\u201d \u2013Sheila Heti   \u201cG\u00fczellikle groteskin enfes \u00e7arp\u0131\u015fmas\u0131yla dolu ve m\u00fcphem bir n\u00fcktedanl\u0131kla kapl\u0131 bu d\u00fcnyay\u0131 bez bebe\u011fin g\u00f6zlerinden merakla izlemek b\u00fcy\u00fck bir zevk.\u201d \u2013Helen Oyeyemi <\/p>\n","protected":false},"excerpt":{"rendered":"<p>Kanadal\u0131 yazar Camilla Grudova\u2019n\u0131n Britanya Fantazi \u00d6d\u00fclleri\u2019nde En \u0130yi \u00d6yk\u00fc kategorisinde aday g\u00f6sterilen ve Shirley Jackson \u00d6d\u00fclleri\u2019nde En \u0130yi Uzun \u00d6yk\u00fc \u00d6d\u00fcl\u00fc\u2019ne lay\u0131k g\u00f6r\u00fclen \u201cBalmumu\u201d \u00f6yk\u00fcs\u00fcn\u00fcn<span class=\"excerpt-hellip\"> [\u2026]<\/span><\/p>\n","protected":false},"featured_media":0,"template":"","meta":{"_monsterinsights_skip_tracking":false,"_monsterinsights_sitenote_active":false,"_monsterinsights_sitenote_note":"","_monsterinsights_sitenote_category":0},"product_brand":[],"product_cat":[12291,17033],"product_tag":[],"class_list":{"0":"post-752379","1":"product","2":"type-product","3":"status-publish","5":"product_cat-edebiyat","6":"product_cat-korku-gerilim","7":"pa_cilt-ciltsiz","8":"pa_tur-kitap","9":"pa_yayinevi-ithaki-yayinlari","10":"pa_yazar-camilla-grudova","12":"first","13":"instock","14":"sale","15":"shipping-taxable","16":"purchasable","17":"product-type-simple"},"_links":{"self":[{"href":"https:\/\/roveyayinevi.com.tr\/index.php\/wp-json\/wp\/v2\/product\/752379","targetHints":{"allow":["GET"]}}],"collection":[{"href":"https:\/\/roveyayinevi.com.tr\/index.php\/wp-json\/wp\/v2\/product"}],"about":[{"href":"https:\/\/roveyayinevi.com.tr\/index.php\/wp-json\/wp\/v2\/types\/product"}],"wp:attachment":[{"href":"https:\/\/roveyayinevi.com.tr\/index.php\/wp-json\/wp\/v2\/media?parent=752379"}],"wp:term":[{"taxonomy":"product_brand","embeddable":true,"href":"https:\/\/roveyayinevi.com.tr\/index.php\/wp-json\/wp\/v2\/product_brand?post=752379"},{"taxonomy":"product_cat","embeddable":true,"href":"https:\/\/roveyayinevi.com.tr\/index.php\/wp-json\/wp\/v2\/product_cat?post=752379"},{"taxonomy":"product_tag","embeddable":true,"href":"https:\/\/roveyayinevi.com.tr\/index.php\/wp-json\/wp\/v2\/product_tag?post=752379"}],"curies":[{"name":"wp","href":"https:\/\/api.w.org\/{rel}","templated":true}]}}