{"id":752376,"date":"2025-08-28T05:14:35","date_gmt":"2025-08-28T02:14:35","guid":{"rendered":"https:\/\/roveyayinevi.com.tr\/index.php\/urun\/sokagin-sonundaki-ev\/"},"modified":"2026-04-16T03:05:53","modified_gmt":"2026-04-16T00:05:53","slug":"sokagin-sonundaki-ev","status":"publish","type":"product","link":"https:\/\/roveyayinevi.com.tr\/index.php\/urun\/sokagin-sonundaki-ev\/","title":{"rendered":"Soka\u011f\u0131n Sonundaki Ev"},"content":{"rendered":"<p>Bir seri katilin hik\u00e2yesi bu. \u0130ntikam\u0131n. \u00d6l\u00fcm\u00fcn. S\u0131radan bir soka\u011f\u0131n sonundaki s\u0131radan bir evin.   Ger\u00e7ekler ile yalanlar birbirine kar\u0131\u015fm\u0131\u015f durumda.   Yoksa soka\u011f\u0131n sonundaki evde neler d\u00f6nd\u00fc\u011f\u00fcn\u00fc tahmin edebilir miyiz? Buna benzer o kadar \u00e7ok kitap okuduk ki\u2026 \u0130\u015fte yan\u0131ld\u0131\u011f\u0131m\u0131z nokta!   Evet. Soka\u011f\u0131n sonundaki evde bir \u015feyler sakl\u0131 ve ne oldu\u011funa dair hi\u00e7bir fikrimiz yok!   Britanya Fantazi \u00d6d\u00fclleri\u2019nde En \u0130yi Korku Roman\u0131 se\u00e7ilen, Esquire\u2019a g\u00f6re t\u00fcm zamanlar\u0131n en iyi 25 korku roman\u0131ndan ve Goodreads okurlar\u0131na g\u00f6re de y\u0131l\u0131n en iyi korku kitaplar\u0131ndan biri olan Soka\u011f\u0131n Sonundaki Ev, son y\u0131llarda y\u0131ld\u0131zla\u015fan yeni korku krali\u00e7esi Catriona Ward\u2019un en \u00e7ok ses getiren eserlerinden biri.    \u201cAk\u0131llara durgunluk verici s\u0131rlar\u0131n\u0131 sonuna kadar gizleyen bir roman.\u201d \u2013Stephen King   \u201cKaranl\u0131k edebiyat\u0131n yeni y\u00fcz\u00fc.\u201d \u2013Sarah Pinborough   \u201cSon y\u0131llarda bir \u015feylere c\u00fcret edip de sonuna kadar \u00fcstesinden gelebilen ba\u015fka bir romana daha rastlamad\u0131m.\u201d \u2013A. J. Finn   \u201cBir gerilim ba\u015fyap\u0131t\u0131.\u201d \u2013Joe Hill   \u201cBu \u00f6vg\u00fcy\u00fc okumay\u0131 b\u0131rak\u0131p lanet olas\u0131 kitab\u0131 okumaya ba\u015flay\u0131n!\u201d \u2013Paul Tremblay <\/p>\n","protected":false},"excerpt":{"rendered":"<p>Bir seri katilin hik\u00e2yesi bu. \u0130ntikam\u0131n. \u00d6l\u00fcm\u00fcn. S\u0131radan bir soka\u011f\u0131n sonundaki s\u0131radan bir evin. Ger\u00e7ekler ile yalanlar birbirine kar\u0131\u015fm\u0131\u015f durumda. Yoksa soka\u011f\u0131n sonundaki evde neler d\u00f6nd\u00fc\u011f\u00fcn\u00fc<span class=\"excerpt-hellip\"> [\u2026]<\/span><\/p>\n","protected":false},"featured_media":0,"template":"","meta":{"_monsterinsights_skip_tracking":false,"_monsterinsights_sitenote_active":false,"_monsterinsights_sitenote_note":"","_monsterinsights_sitenote_category":0},"product_brand":[],"product_cat":[12291,17033],"product_tag":[],"class_list":{"0":"post-752376","1":"product","2":"type-product","3":"status-publish","5":"product_cat-edebiyat","6":"product_cat-korku-gerilim","7":"pa_cilt-ciltsiz","8":"pa_tur-kitap","9":"pa_yayinevi-ithaki-yayinlari","10":"pa_yazar-catriona-ward","12":"first","13":"instock","14":"sale","15":"shipping-taxable","16":"purchasable","17":"product-type-simple"},"_links":{"self":[{"href":"https:\/\/roveyayinevi.com.tr\/index.php\/wp-json\/wp\/v2\/product\/752376","targetHints":{"allow":["GET"]}}],"collection":[{"href":"https:\/\/roveyayinevi.com.tr\/index.php\/wp-json\/wp\/v2\/product"}],"about":[{"href":"https:\/\/roveyayinevi.com.tr\/index.php\/wp-json\/wp\/v2\/types\/product"}],"wp:attachment":[{"href":"https:\/\/roveyayinevi.com.tr\/index.php\/wp-json\/wp\/v2\/media?parent=752376"}],"wp:term":[{"taxonomy":"product_brand","embeddable":true,"href":"https:\/\/roveyayinevi.com.tr\/index.php\/wp-json\/wp\/v2\/product_brand?post=752376"},{"taxonomy":"product_cat","embeddable":true,"href":"https:\/\/roveyayinevi.com.tr\/index.php\/wp-json\/wp\/v2\/product_cat?post=752376"},{"taxonomy":"product_tag","embeddable":true,"href":"https:\/\/roveyayinevi.com.tr\/index.php\/wp-json\/wp\/v2\/product_tag?post=752376"}],"curies":[{"name":"wp","href":"https:\/\/api.w.org\/{rel}","templated":true}]}}