{"id":752375,"date":"2025-08-28T05:14:34","date_gmt":"2025-08-28T02:14:34","guid":{"rendered":"https:\/\/roveyayinevi.com.tr\/index.php\/urun\/kendinden-kacis\/"},"modified":"2026-04-16T03:05:53","modified_gmt":"2026-04-16T00:05:53","slug":"kendinden-kacis","status":"publish","type":"product","link":"https:\/\/roveyayinevi.com.tr\/index.php\/urun\/kendinden-kacis\/","title":{"rendered":"Kendinden Ka\u00e7\u0131\u015f"},"content":{"rendered":"<p>\u201cSonunu g\u00f6remedi\u011fim bir yolda y\u00fcr\u00fcyorum. Belki de yaln\u0131zca kendimden ka\u00e7\u0131yorum.\u201d   \u00dcniversite \u00f6\u011frencisi Nil gen\u00e7 ya\u015f\u0131na bir\u00e7ok kayb\u0131n ac\u0131s\u0131n\u0131 s\u0131\u011fd\u0131rm\u0131\u015ft\u0131r. \u00d6l\u00fcm \u00e2deta k\u00f6\u015fe kapmaca oynamaktad\u0131r onunla. \u00d6nce k\u0131z karde\u015fi Azra\u2019y\u0131 bir deniz kazas\u0131 sonucu kaybeder. Azra\u2019n\u0131n beklenmedik \u00f6l\u00fcm\u00fc t\u00fcm aileyi derinden sarsm\u0131\u015f, pamuk ipli\u011fiyle birbirine ba\u011fl\u0131 ili\u015fkileri kopma noktas\u0131na getirmi\u015ftir. Nil k\u0131z karde\u015finin beklenmedik \u00f6l\u00fcm\u00fcn\u00fcn ard\u0131nda b\u0131rakt\u0131\u011f\u0131 soru i\u015faretlerini \u00e7\u00f6zmeye \u00e7al\u0131\u015f\u0131r. Ama \u00f6l\u00fcm\u00fcn onunla i\u015fi bitmemi\u015ftir hen\u00fcz. Bu kez de anne babas\u0131n\u0131 bir trafik kazas\u0131nda kaybeder. Kimsesizli\u011fin yaratt\u0131\u011f\u0131 o derin bo\u015flukta annesinin arkada\u015f\u0131 Psikiyatrist Neriman Han\u0131m ve hayat\u0131na aniden giren okul arkada\u015f\u0131 An\u0131l yard\u0131m eli uzat\u0131r ona. Ya\u015fananlar\u0131n tesad\u00fcf olmad\u0131\u011f\u0131na, \u00f6nce karde\u015finin, ard\u0131ndan anne-babas\u0131n\u0131n cinayete kurban gitti\u011fine inanan Nil\u2019e yard\u0131m etmeye \u00e7al\u0131\u015f\u0131rlar. B\u00fct\u00fcn bunlar ya\u015fan\u0131rken s\u00fcrekli Nil\u2019i izleyen, en kritik anlarda kar\u015f\u0131s\u0131na \u00e7\u0131kan gizemli bir adam vard\u0131r. Bu gizemli adam kurtar\u0131c\u0131 m\u0131d\u0131r yoksa intikam pe\u015finde bir katil mi? Ge\u00e7mi\u015fin g\u00f6lgeleri aras\u0131na sakl\u0131 ger\u00e7ekleri a\u00e7\u0131\u011fa \u00e7\u0131karmak i\u00e7in \u00f6l\u00fcmc\u00fcl bir m\u00fccadelenin i\u00e7ine giren Nil, s\u0131rlar ve yalanlarla \u00f6r\u00fcl\u00fc sis perdesinin ard\u0131nda kendisini k\u00e2bus gibi bir ger\u00e7ekli\u011fin bekledi\u011finden habersizdir.   Emel Sar\u0131kurt Kendinden Ka\u00e7\u0131\u015f kitab\u0131nda insan do\u011fas\u0131n\u0131n karanl\u0131k yanlar\u0131n\u0131 \u015fa\u015f\u0131rt\u0131c\u0131 bir kurguyla ortaya seriyor. Psikolojik gerilim ve polisiye sevenleri son sayfas\u0131na kadar temposu d\u00fc\u015fmeyen, s\u00fcrprizi bol bir hik\u00e2ye bekliyor. <\/p>\n","protected":false},"excerpt":{"rendered":"<p>\u201cSonunu g\u00f6remedi\u011fim bir yolda y\u00fcr\u00fcyorum. Belki de yaln\u0131zca kendimden ka\u00e7\u0131yorum.\u201d \u00dcniversite \u00f6\u011frencisi Nil gen\u00e7 ya\u015f\u0131na bir\u00e7ok kayb\u0131n ac\u0131s\u0131n\u0131 s\u0131\u011fd\u0131rm\u0131\u015ft\u0131r. \u00d6l\u00fcm \u00e2deta k\u00f6\u015fe kapmaca oynamaktad\u0131r onunla. \u00d6nce<span class=\"excerpt-hellip\"> [\u2026]<\/span><\/p>\n","protected":false},"featured_media":0,"template":"","meta":{"_monsterinsights_skip_tracking":false,"_monsterinsights_sitenote_active":false,"_monsterinsights_sitenote_note":"","_monsterinsights_sitenote_category":0},"product_brand":[],"product_cat":[12291,17033],"product_tag":[],"class_list":{"0":"post-752375","1":"product","2":"type-product","3":"status-publish","5":"product_cat-edebiyat","6":"product_cat-korku-gerilim","7":"pa_cilt-ciltsiz","8":"pa_tur-kitap","9":"pa_yayinevi-muptela-yayinevi","10":"pa_yazar-emel-sarikurt","12":"first","13":"instock","14":"sale","15":"shipping-taxable","16":"purchasable","17":"product-type-simple"},"_links":{"self":[{"href":"https:\/\/roveyayinevi.com.tr\/index.php\/wp-json\/wp\/v2\/product\/752375","targetHints":{"allow":["GET"]}}],"collection":[{"href":"https:\/\/roveyayinevi.com.tr\/index.php\/wp-json\/wp\/v2\/product"}],"about":[{"href":"https:\/\/roveyayinevi.com.tr\/index.php\/wp-json\/wp\/v2\/types\/product"}],"wp:attachment":[{"href":"https:\/\/roveyayinevi.com.tr\/index.php\/wp-json\/wp\/v2\/media?parent=752375"}],"wp:term":[{"taxonomy":"product_brand","embeddable":true,"href":"https:\/\/roveyayinevi.com.tr\/index.php\/wp-json\/wp\/v2\/product_brand?post=752375"},{"taxonomy":"product_cat","embeddable":true,"href":"https:\/\/roveyayinevi.com.tr\/index.php\/wp-json\/wp\/v2\/product_cat?post=752375"},{"taxonomy":"product_tag","embeddable":true,"href":"https:\/\/roveyayinevi.com.tr\/index.php\/wp-json\/wp\/v2\/product_tag?post=752375"}],"curies":[{"name":"wp","href":"https:\/\/api.w.org\/{rel}","templated":true}]}}