{"id":752374,"date":"2025-08-28T05:14:32","date_gmt":"2025-08-28T02:14:32","guid":{"rendered":"https:\/\/roveyayinevi.com.tr\/index.php\/urun\/kendine-hikayeler-anlatan-beyin\/"},"modified":"2026-04-12T03:09:08","modified_gmt":"2026-04-12T00:09:08","slug":"kendine-hikayeler-anlatan-beyin","status":"publish","type":"product","link":"https:\/\/roveyayinevi.com.tr\/index.php\/urun\/kendine-hikayeler-anlatan-beyin\/","title":{"rendered":"Kendine Hikayeler Anlatan Beyin"},"content":{"rendered":"<p>\u0130\u00e7 sesine g\u00fcveniyor musun? Beynimiz m\u00fckemmeldir. O, \u00e7evremizde olup biten her \u015feyi bilin\u00e7alt\u0131m\u0131zda anlaml\u0131 hik\u00e2yelere d\u00f6n\u00fc\u015ft\u00fcrerek d\u00fc\u015f\u00fcnme \u015feklimize y\u00f6n verir ve ya\u015fam tarzlar\u0131m\u0131z\u0131 belirler. Fakat problem \u015fu ki, beynimizin bize anlatt\u0131\u011f\u0131 bu hik\u00e2yeler \u00e7o\u011fu zaman ger\u00e7e\u011fi yans\u0131tm\u0131yor! Daha da k\u00f6t\u00fcs\u00fc bu hik\u00e2yeler, ba\u015fka insanlar, d\u00fcnyam\u0131z ve kendimiz hakk\u0131nda yanl\u0131\u015f inan\u0131\u015flar edinmemize sebep olabilir. Bu durum ise bizi ger\u00e7ek potansiyelimizden uzakla\u015ft\u0131r\u0131r. Bu k\u0131s\u0131tlay\u0131c\u0131 inan\u0131\u015flara herkes sahip olabilir. Peki beynin i\u015fletim sistemine yeni bir hik\u00e2ye ekersek ne olur? Herhangi bir hik\u00e2yeden bahsetmiyorum. Engelleri a\u015fmam\u0131z\u0131 sa\u011flayacak ve hedeflerimize ula\u015fmakta bize kolayl\u0131klar sunacak ger\u00e7ek bir hik\u00e2yeyi kastediyorum. Kendine Hik\u00e2yeler Anlatan Beyin kitab\u0131nda, Michael Hyatt ve Megan Hyatt Miller daha kaliteli ve tatmink\u00e2r bir hayata ba\u015flamam\u0131za yard\u0131mc\u0131 olacak ipu\u00e7lar\u0131n\u0131 t\u00fcm \u00e7\u0131plakl\u0131\u011f\u0131yla g\u00f6zlerimizin \u00f6n\u00fcne seriyor. Bunun yan\u0131nda kolay uygulanabilir bilimsel bir sistemin ana hatlar\u0131n\u0131 bize c\u00f6mert\u00e7e sunuyor.    \u201cBu kitab\u0131 \u015fiddetle tavsiye ediyorum.\u201d-Tony Robbins \u201cPozitif de\u011fi\u015fim elinizin alt\u0131nda! Gidin ve al\u0131n!\u201d-Ian Morgan Cron \u201cBu kitab\u0131 al\u0131n ve daha iyi, daha h\u0131zl\u0131 karar verip harekete ge\u00e7meyi \u00f6\u011frenin.\u201d- Dr. Benjamin Hardy \u201cBu kitap sizin i\u00e7in oyunun gidi\u015fat\u0131n\u0131 de\u011fi\u015ftirebilir!\u201d &#8211; Daniel Harkavy \u201cArad\u0131\u011f\u0131n\u0131z rehber i\u015fte bu!\u201d -Emily Balcetis \u201cBeni de minnettarlar aras\u0131nda say\u0131n.\u201d  -Robert Wolgemuth <\/p>\n","protected":false},"excerpt":{"rendered":"<p>\u0130\u00e7 sesine g\u00fcveniyor musun? Beynimiz m\u00fckemmeldir. O, \u00e7evremizde olup biten her \u015feyi bilin\u00e7alt\u0131m\u0131zda anlaml\u0131 hik\u00e2yelere d\u00f6n\u00fc\u015ft\u00fcrerek d\u00fc\u015f\u00fcnme \u015feklimize y\u00f6n verir ve ya\u015fam tarzlar\u0131m\u0131z\u0131 belirler. Fakat problem<span class=\"excerpt-hellip\"> [\u2026]<\/span><\/p>\n","protected":false},"featured_media":0,"template":"","meta":{"_monsterinsights_skip_tracking":false,"_monsterinsights_sitenote_active":false,"_monsterinsights_sitenote_note":"","_monsterinsights_sitenote_category":0},"product_brand":[],"product_cat":[12364,12376],"product_tag":[],"class_list":{"0":"post-752374","1":"product","2":"type-product","3":"status-publish","5":"product_cat-genel-konular","6":"product_cat-kisisel-gelisim","7":"pa_cilt-ciltsiz","8":"pa_tur-kitap","9":"pa_yayinevi-mona-kitap","10":"pa_yazar-michael-hyatt-megan-hyatt-miller","12":"first","13":"instock","14":"sale","15":"shipping-taxable","16":"purchasable","17":"product-type-simple"},"_links":{"self":[{"href":"https:\/\/roveyayinevi.com.tr\/index.php\/wp-json\/wp\/v2\/product\/752374","targetHints":{"allow":["GET"]}}],"collection":[{"href":"https:\/\/roveyayinevi.com.tr\/index.php\/wp-json\/wp\/v2\/product"}],"about":[{"href":"https:\/\/roveyayinevi.com.tr\/index.php\/wp-json\/wp\/v2\/types\/product"}],"wp:attachment":[{"href":"https:\/\/roveyayinevi.com.tr\/index.php\/wp-json\/wp\/v2\/media?parent=752374"}],"wp:term":[{"taxonomy":"product_brand","embeddable":true,"href":"https:\/\/roveyayinevi.com.tr\/index.php\/wp-json\/wp\/v2\/product_brand?post=752374"},{"taxonomy":"product_cat","embeddable":true,"href":"https:\/\/roveyayinevi.com.tr\/index.php\/wp-json\/wp\/v2\/product_cat?post=752374"},{"taxonomy":"product_tag","embeddable":true,"href":"https:\/\/roveyayinevi.com.tr\/index.php\/wp-json\/wp\/v2\/product_tag?post=752374"}],"curies":[{"name":"wp","href":"https:\/\/api.w.org\/{rel}","templated":true}]}}