{"id":752373,"date":"2025-08-28T05:14:31","date_gmt":"2025-08-28T02:14:31","guid":{"rendered":"https:\/\/roveyayinevi.com.tr\/index.php\/urun\/yapay-zeka\/"},"modified":"2026-04-16T03:05:53","modified_gmt":"2026-04-16T00:05:53","slug":"yapay-zeka","status":"publish","type":"product","link":"https:\/\/roveyayinevi.com.tr\/index.php\/urun\/yapay-zeka\/","title":{"rendered":"Yapay Zeka"},"content":{"rendered":"<p>\u201cYapay zek\u00e2 sizi sevmez ya da sizden nefret etmez. Siz sadece onun i\u015fini g\u00f6rmek i\u00e7in kullanabilece\u011fi atomlardan ibaretsiniz.\u201d                                                                                                                            Eliezer Yudkowsky   Yapay zek\u00e2 her ge\u00e7en g\u00fcn geli\u015fmekte, hayat\u0131m\u0131z\u0131n her k\u00f6\u015fesine n\u00fcfuz etmektedir. \u00d6zellikle ak\u0131ll\u0131 telefonlar\u0131n kullan\u0131m\u0131 ile birlikte yapay zek\u00e2 uygulamalar\u0131 da yayg\u0131nla\u015fm\u0131\u015f, \u00f6ncesinde yapay zek\u00e2 ile hi\u00e7 tan\u0131\u015fmam\u0131\u015f s\u0131radan insanlar\u0131n bile ya\u015famlar\u0131nda kendine yer bulmu\u015ftur. \u00d6rne\u011fin, sadece bir kez girdi\u011fi reklam duyurusunun i\u00e7eri\u011fini olu\u015fturan \u00fcr\u00fcn ile ilgili bir\u00e7ok duyuruyu yine iste\u011fi d\u0131\u015f\u0131nda pe\u015fi s\u0131ra almaya ba\u015flay\u0131nca \u00f6nceleri \u201cNereden biliyor?\u201d diye \u015fa\u015f\u0131ran insan\u0131n bu i\u015flemin ard\u0131ndaki nedeni merak etmemesi elbette m\u00fcmk\u00fcn de\u011fildir. Hayat\u0131n bu kadar i\u00e7ine girmi\u015f bir teknolojiye duyulan merak\u0131n her ge\u00e7en g\u00fcn artmas\u0131, bu fark\u0131ndal\u0131\u011f\u0131n art\u0131k bireysel olmaktan \u00e7\u0131kart\u0131larak topluma m\u00e2l etme zaman\u0131n\u0131n geldi\u011fini g\u00f6steriyor. \u0130\u015fte bu kitap tam da bu amac\u0131 temel alarak haz\u0131rland\u0131. Elinizdeki bu eser, i\u00e7erdi\u011fi konular\u0131n temelden ba\u015flanarak ele al\u0131nmas\u0131 ve yapay zek\u00e2 ile ilgili tart\u0131\u015fmalar\u0131 sadece teknik alanlar ile s\u0131n\u0131rland\u0131rmayarak herkesin anlayabilece\u011fi \u015fekilde sekt\u00f6r uzmanlar\u0131 ve akademisyenler taraf\u0131ndan haz\u0131rlanmas\u0131 ile yapay zek\u00e2 literat\u00fcr\u00fcnde \u00f6nc\u00fc eserlerden biri olmaya aday. Kitap ayr\u0131ca End\u00fcstri 4.0\u2019\u0131n odak noktas\u0131 haline gelen yapay zek\u00e2y\u0131, uygulama alanlar\u0131nda g\u00f6rmek ve ger\u00e7ek d\u00fcnyada nas\u0131l \u00e7al\u0131\u015ft\u0131\u011f\u0131n\u0131 anlamak isteyenlerle birlikte yapay zek\u00e2y\u0131 kendi uygulama alanlar\u0131na d\u00e2hil etmek isteyenlerin de faydalanabilecekleri bir eser. Yapay zek\u00e2n\u0131n ortaya \u00e7\u0131k\u0131\u015f\u0131n\u0131n, bug\u00fcne kadarki geli\u015fiminin ve g\u00fcn\u00fcm\u00fcz \u00f6rneklerinin anlat\u0131ld\u0131\u011f\u0131 bu kitapta ayr\u0131ca, ele al\u0131nan alanlar a\u00e7\u0131s\u0131ndan yapay zek\u00e2n\u0131n mevcut ve potansiyel etkileri ile birlikte gelecekte bu alanlar\u0131 nas\u0131l \u015fekillendirebilece\u011fi \u00fczerinde de durulmaktad\u0131r. <\/p>\n","protected":false},"excerpt":{"rendered":"<p>\u201cYapay zek\u00e2 sizi sevmez ya da sizden nefret etmez. Siz sadece onun i\u015fini g\u00f6rmek i\u00e7in kullanabilece\u011fi atomlardan ibaretsiniz.\u201d Eliezer Yudkowsky Yapay zek\u00e2 her ge\u00e7en g\u00fcn geli\u015fmekte,<span class=\"excerpt-hellip\"> [\u2026]<\/span><\/p>\n","protected":false},"featured_media":0,"template":"","meta":{"_monsterinsights_skip_tracking":false,"_monsterinsights_sitenote_active":false,"_monsterinsights_sitenote_note":"","_monsterinsights_sitenote_category":0},"product_brand":[],"product_cat":[13488],"product_tag":[],"class_list":{"0":"post-752373","1":"product","2":"type-product","3":"status-publish","5":"product_cat-toplum-ve-insan","6":"pa_cilt-ciltsiz","7":"pa_tur-kitap","8":"pa_yayinevi-vakifbank-kultur-yayinlari","9":"pa_yazar-kolektif","11":"first","12":"instock","13":"sale","14":"shipping-taxable","15":"purchasable","16":"product-type-simple"},"_links":{"self":[{"href":"https:\/\/roveyayinevi.com.tr\/index.php\/wp-json\/wp\/v2\/product\/752373","targetHints":{"allow":["GET"]}}],"collection":[{"href":"https:\/\/roveyayinevi.com.tr\/index.php\/wp-json\/wp\/v2\/product"}],"about":[{"href":"https:\/\/roveyayinevi.com.tr\/index.php\/wp-json\/wp\/v2\/types\/product"}],"wp:attachment":[{"href":"https:\/\/roveyayinevi.com.tr\/index.php\/wp-json\/wp\/v2\/media?parent=752373"}],"wp:term":[{"taxonomy":"product_brand","embeddable":true,"href":"https:\/\/roveyayinevi.com.tr\/index.php\/wp-json\/wp\/v2\/product_brand?post=752373"},{"taxonomy":"product_cat","embeddable":true,"href":"https:\/\/roveyayinevi.com.tr\/index.php\/wp-json\/wp\/v2\/product_cat?post=752373"},{"taxonomy":"product_tag","embeddable":true,"href":"https:\/\/roveyayinevi.com.tr\/index.php\/wp-json\/wp\/v2\/product_tag?post=752373"}],"curies":[{"name":"wp","href":"https:\/\/api.w.org\/{rel}","templated":true}]}}