{"id":752370,"date":"2025-08-28T05:14:27","date_gmt":"2025-08-28T02:14:27","guid":{"rendered":"https:\/\/roveyayinevi.com.tr\/index.php\/urun\/kuralsiz-2\/"},"modified":"2026-02-03T03:19:41","modified_gmt":"2026-02-03T00:19:41","slug":"kuralsiz-2","status":"publish","type":"product","link":"https:\/\/roveyayinevi.com.tr\/index.php\/urun\/kuralsiz-2\/","title":{"rendered":"Kurals\u0131z"},"content":{"rendered":"<p>A\u015fk, her insan\u0131n kar\u015f\u0131s\u0131na g\u00fczelliklerle \u00e7\u0131kmaz, her zaman toz pembe olmaz. A\u015fk, bazen y\u0131k\u0131nt\u0131lar\u0131n aras\u0131ndan \u00e7\u0131kar, simsiyah g\u00f6r\u00fcn\u00fcr ama ayn\u0131 zamanda o siyahl\u0131\u011fa tek bir toz tanesi bile yak\u0131\u015fmaz. \u0130\u015fte Elif Ye\u015fim i\u00e7in de a\u015fk tam olarak b\u00f6yle ba\u015flam\u0131\u015ft\u0131. Elif Ye\u015fim, kendi h\u00e2linde bir T\u00fcrk\u00e7e \u00f6\u011fretmeni iken bir gece yar\u0131s\u0131 trafik kazas\u0131na kar\u0131\u015f\u0131r. O kaza hayat\u0131nda bir r\u00fczg\u00e2r estirir ve kendini hi\u00e7 ummad\u0131\u011f\u0131 bir adam\u0131n, Yi\u011fit\u2019in, hayat\u0131n\u0131n tam ortas\u0131na savrulmu\u015f h\u00e2lde bulur. Hi\u00e7bir g\u00fczelli\u011fe ve mutlulu\u011fa inanmayan, d\u00fcnyaya s\u0131\u011fmayacak bir ac\u0131y\u0131 kalbine s\u0131\u011fd\u0131ran, her ge\u00e7en g\u00fcn \u00f6l\u00fcme ad\u0131m ad\u0131m y\u00fcr\u00fcyen bu adam, hayat\u0131na giren ve bir \u0131\u015f\u0131k gibi parlayan kad\u0131n\u0131n ayd\u0131nl\u0131\u011f\u0131nda buldu\u011fu ya\u015famla kendi hayat\u0131n\u0131n karanl\u0131\u011f\u0131n\u0131 sorgulamaya ba\u015flar.   Sorgulanan bir karanl\u0131k ve \u0131\u015f\u0131k gibi parlayan bir ayd\u0131nl\u0131\u011f\u0131n birle\u015fimiyle y\u0131k\u0131nt\u0131lar aras\u0131nda do\u011fan bir a\u015fk, ip misali Elif ve Yi\u011fit\u2019in ayaklar\u0131na dolanacakt\u0131r. O saatten sonra ya ayr\u0131 d\u00fc\u015fecekler ve karanl\u0131k, \u0131\u015f\u0131\u011f\u0131 yenecekti ya da el ele verecekler ve bir \u0131\u015f\u0131k t\u00fcm karanl\u0131\u011f\u0131 ayd\u0131nlatacakt\u0131.<\/p>\n","protected":false},"excerpt":{"rendered":"<p>A\u015fk, her insan\u0131n kar\u015f\u0131s\u0131na g\u00fczelliklerle \u00e7\u0131kmaz, her zaman toz pembe olmaz. A\u015fk, bazen y\u0131k\u0131nt\u0131lar\u0131n aras\u0131ndan \u00e7\u0131kar, simsiyah g\u00f6r\u00fcn\u00fcr ama ayn\u0131 zamanda o siyahl\u0131\u011fa tek bir toz<span class=\"excerpt-hellip\"> [\u2026]<\/span><\/p>\n","protected":false},"featured_media":0,"template":"","meta":{"_monsterinsights_skip_tracking":false,"_monsterinsights_sitenote_active":false,"_monsterinsights_sitenote_note":"","_monsterinsights_sitenote_category":0},"product_brand":[],"product_cat":[12291,12711],"product_tag":[],"class_list":{"0":"post-752370","1":"product","2":"type-product","3":"status-publish","5":"product_cat-edebiyat","6":"product_cat-roman-oyku","7":"pa_cilt-ciltsiz","8":"pa_tur-kitap","9":"pa_yayinevi-epsilon-yayinlari","10":"pa_yazar-gizem-aslan","12":"first","13":"instock","14":"sale","15":"shipping-taxable","16":"purchasable","17":"product-type-simple"},"_links":{"self":[{"href":"https:\/\/roveyayinevi.com.tr\/index.php\/wp-json\/wp\/v2\/product\/752370","targetHints":{"allow":["GET"]}}],"collection":[{"href":"https:\/\/roveyayinevi.com.tr\/index.php\/wp-json\/wp\/v2\/product"}],"about":[{"href":"https:\/\/roveyayinevi.com.tr\/index.php\/wp-json\/wp\/v2\/types\/product"}],"wp:attachment":[{"href":"https:\/\/roveyayinevi.com.tr\/index.php\/wp-json\/wp\/v2\/media?parent=752370"}],"wp:term":[{"taxonomy":"product_brand","embeddable":true,"href":"https:\/\/roveyayinevi.com.tr\/index.php\/wp-json\/wp\/v2\/product_brand?post=752370"},{"taxonomy":"product_cat","embeddable":true,"href":"https:\/\/roveyayinevi.com.tr\/index.php\/wp-json\/wp\/v2\/product_cat?post=752370"},{"taxonomy":"product_tag","embeddable":true,"href":"https:\/\/roveyayinevi.com.tr\/index.php\/wp-json\/wp\/v2\/product_tag?post=752370"}],"curies":[{"name":"wp","href":"https:\/\/api.w.org\/{rel}","templated":true}]}}