{"id":752369,"date":"2025-08-28T05:14:25","date_gmt":"2025-08-28T02:14:25","guid":{"rendered":"https:\/\/roveyayinevi.com.tr\/index.php\/urun\/acimasiz-bir-dunyada-merhamet\/"},"modified":"2026-04-16T03:05:53","modified_gmt":"2026-04-16T00:05:53","slug":"acimasiz-bir-dunyada-merhamet","status":"publish","type":"product","link":"https:\/\/roveyayinevi.com.tr\/index.php\/urun\/acimasiz-bir-dunyada-merhamet\/","title":{"rendered":"Ac\u0131mas\u0131z Bir D\u00fcnyada Merhamet"},"content":{"rendered":"<p>\u0130nsan topluluklar\u0131 ve do\u011fadaki di\u011fer bireyler, gerek kendi tabiatlar\u0131 gerekse de hayatlar\u0131n\u0131 g\u00fcven i\u00e7inde s\u00fcrd\u00fcrmelerini sa\u011flayacak ortak \u00e7\u0131karlar nedeniyle bir araya gelirler. Yiyecek i\u00e7ecek kaynaklar\u0131na ula\u015fmak, bar\u0131nmak, tehlikeler kar\u015f\u0131s\u0131nda birbirlerini korumak ve sosyalle\u015fmek ba\u015fl\u0131ca kayg\u0131lar\u0131n\u0131 olu\u015fturur. Bu topluluklardaki ili\u015fkiler yaln\u0131zca \u00e7\u0131kar odakl\u0131 m\u0131d\u0131r? Birlik, aidiyet, utan\u00e7, su\u00e7luluk hissi de bir \u00e7e\u015fit fedak\u00e2rl\u0131k eylemi say\u0131labilir mi? Peki, d\u00fczenli kan ba\u011f\u0131\u015f\u0131nda bulunan, vergilerini \u00f6deyen, zor durumdakilere yard\u0131m eden ve vatan\u0131n\u0131 korumak i\u00e7in can\u0131ndan vazge\u00e7en ki\u015filerin oldu\u011fu bir toplumda katil doktorlara, pedofil rahiplere, h\u0131rs\u0131zlara ve beyaz yakal\u0131 su\u00e7lulara ne demeli? Sabah erkenden kalkan, kahvalt\u0131s\u0131n\u0131 yapan, tak\u0131m elbisesini  giyen ve topluma kar\u0131\u015fmak \u00fczere soka\u011fa \u00e7\u0131kan insanlar bu denli ahlaks\u0131z olabiliyorsa kime g\u00fcvenece\u011fiz? Nigel Barber Ac\u0131mas\u0131z Bir D\u00fcnyada Merhamet: Fedak\u00e2rl\u0131\u011f\u0131n Evrimi\u2019nde ilkel toplumlardan g\u00fcn\u00fcm\u00fcze fedak\u00e2rl\u0131k bi\u00e7imlerini ve evrimini irdeliyor.<\/p>\n","protected":false},"excerpt":{"rendered":"<p>\u0130nsan topluluklar\u0131 ve do\u011fadaki di\u011fer bireyler, gerek kendi tabiatlar\u0131 gerekse de hayatlar\u0131n\u0131 g\u00fcven i\u00e7inde s\u00fcrd\u00fcrmelerini sa\u011flayacak ortak \u00e7\u0131karlar nedeniyle bir araya gelirler. Yiyecek i\u00e7ecek kaynaklar\u0131na ula\u015fmak,<span class=\"excerpt-hellip\"> [\u2026]<\/span><\/p>\n","protected":false},"featured_media":0,"template":"","meta":{"_monsterinsights_skip_tracking":false,"_monsterinsights_sitenote_active":false,"_monsterinsights_sitenote_note":"","_monsterinsights_sitenote_category":0},"product_brand":[],"product_cat":[12325,12324],"product_tag":[],"class_list":{"0":"post-752369","1":"product","2":"type-product","3":"status-publish","5":"product_cat-diger-sosyoloji","6":"product_cat-sosyoloji","7":"pa_cilt-ciltsiz","8":"pa_tur-kitap","9":"pa_yayinevi-alfa-yayinlari","10":"pa_yazar-nigel-barber","12":"first","13":"instock","14":"sale","15":"shipping-taxable","16":"purchasable","17":"product-type-simple"},"_links":{"self":[{"href":"https:\/\/roveyayinevi.com.tr\/index.php\/wp-json\/wp\/v2\/product\/752369","targetHints":{"allow":["GET"]}}],"collection":[{"href":"https:\/\/roveyayinevi.com.tr\/index.php\/wp-json\/wp\/v2\/product"}],"about":[{"href":"https:\/\/roveyayinevi.com.tr\/index.php\/wp-json\/wp\/v2\/types\/product"}],"wp:attachment":[{"href":"https:\/\/roveyayinevi.com.tr\/index.php\/wp-json\/wp\/v2\/media?parent=752369"}],"wp:term":[{"taxonomy":"product_brand","embeddable":true,"href":"https:\/\/roveyayinevi.com.tr\/index.php\/wp-json\/wp\/v2\/product_brand?post=752369"},{"taxonomy":"product_cat","embeddable":true,"href":"https:\/\/roveyayinevi.com.tr\/index.php\/wp-json\/wp\/v2\/product_cat?post=752369"},{"taxonomy":"product_tag","embeddable":true,"href":"https:\/\/roveyayinevi.com.tr\/index.php\/wp-json\/wp\/v2\/product_tag?post=752369"}],"curies":[{"name":"wp","href":"https:\/\/api.w.org\/{rel}","templated":true}]}}