{"id":752367,"date":"2025-08-28T05:14:22","date_gmt":"2025-08-28T02:14:22","guid":{"rendered":"https:\/\/roveyayinevi.com.tr\/index.php\/urun\/kayip-agaclar-adasi\/"},"modified":"2026-04-16T03:05:53","modified_gmt":"2026-04-16T00:05:53","slug":"kayip-agaclar-adasi","status":"publish","type":"product","link":"https:\/\/roveyayinevi.com.tr\/index.php\/urun\/kayip-agaclar-adasi\/","title":{"rendered":"Kay\u0131p A\u011fa\u00e7lar Adas\u0131"},"content":{"rendered":"<p>\u00b7        The Costa Roman \u00d6d\u00fcl\u00fc Finalisti \u00b7         The Women\u2019s \u00d6d\u00fcl\u00fc Finalisti \u00b7         RSL Ondaatje \u00d6d\u00fcl\u00fc Finalisti  \u00b7         Britanya Kitap \u00d6d\u00fcl\u00fc Aday\u0131  \u00b7         Dublin Edebiyat \u00d6d\u00fcl\u00fc Aday\u0131  \u00b7        Reese Witherspoon Kitap Kul\u00fcb\u00fc Se\u00e7kisi \u00b7         Sunday Times \u00c7ok Satanlar Listesi  \u00b7         Der Spiegel \u00c7ok Satanlar Listesi   Elif \u015eafak her zaman oldu\u011fu gibi yaralar\u0131m\u0131za sevginin ve edebiyat\u0131n merhemini s\u00fcrerken, bu kez de K\u0131br\u0131s\u2019\u0131n kederli tarihi, e\u015fsiz do\u011fas\u0131 ve enfes mutfa\u011f\u0131n\u0131, ne\u015fesini asla kaybetmeyen Akdeniz insan\u0131n\u0131n \u015fefkatiyle bulu\u015fturuyor.    G\u00fcn\u00fcm\u00fcz Londra\u2019s\u0131nda ya\u015fayan on alt\u0131 ya\u015f\u0131ndaki Ada Kazancakis\u2019in ailesine ve ge\u00e7mi\u015fine dair cevaps\u0131z kalm\u0131\u015f pek \u00e7ok sorusu vard\u0131r, bir g\u00fcn verilen tarih \u00f6devi onu hi\u00e7 bilmedi\u011fi bir d\u00fcnyaya s\u00fcr\u00fckler; 1970\u2019lere\u2026 d\u00fcnyan\u0131n tel \u00f6rg\u00fclerle b\u00f6l\u00fcnm\u00fc\u015f tek ba\u015fkenti Lefko\u015fa\u2019ya.   Adada Defne ve Kostas\u2019\u0131n gizlice bulu\u015ftuklar\u0131 bir taverna vard\u0131r: Mutlu \u0130ncir. Adadaki en iyi yeme\u011fin, en iyi m\u00fczi\u011fin bulundu\u011fu b\u00fcy\u00fcl\u00fc bir yerdir buras\u0131; t\u00fcm misafirlerine birka\u00e7 saatli\u011fine de olsa d\u0131\u015far\u0131daki \u00fcz\u00fcnt\u00fclerini unutturur. Ve tavernan\u0131n tam ortas\u0131nda, buras\u0131n\u0131 daha da b\u00fcy\u00fcl\u00fc k\u0131lan, bilge bir incir a\u011fac\u0131 vard\u0131r. Sava\u015f ba\u015flay\u0131p g\u00fczelim ba\u015fkent enkaza d\u00f6n\u00fc\u015ft\u00fc\u011f\u00fcnde ve \u00e2\u015f\u0131klar bir bir ortadan kayboldu\u011funda, her daim orada olan bir incir a\u011fac\u0131\u2026   T\u00fcm d\u00fcnyada bir milyonun \u00fczerinde okura ula\u015fan Kay\u0131p A\u011fa\u00e7lar Adas\u0131 umudu, yas\u0131, sava\u015f\u0131 ve a\u015fk\u0131 anlatan \u015fifal\u0131 bir g\u00f6\u00e7 a\u011f\u0131t\u0131. <\/p>\n","protected":false},"excerpt":{"rendered":"<p>\u00b7 The Costa Roman \u00d6d\u00fcl\u00fc Finalisti \u00b7 The Women\u2019s \u00d6d\u00fcl\u00fc Finalisti \u00b7 RSL Ondaatje \u00d6d\u00fcl\u00fc Finalisti \u00b7 Britanya Kitap \u00d6d\u00fcl\u00fc Aday\u0131 \u00b7 Dublin Edebiyat \u00d6d\u00fcl\u00fc Aday\u0131<span class=\"excerpt-hellip\"> [\u2026]<\/span><\/p>\n","protected":false},"featured_media":0,"template":"","meta":{"_monsterinsights_skip_tracking":false,"_monsterinsights_sitenote_active":false,"_monsterinsights_sitenote_note":"","_monsterinsights_sitenote_category":0},"product_brand":[],"product_cat":[12291,12711],"product_tag":[],"class_list":{"0":"post-752367","1":"product","2":"type-product","3":"status-publish","5":"product_cat-edebiyat","6":"product_cat-roman-oyku","7":"pa_cilt-ciltsiz","8":"pa_tur-kitap","9":"pa_yayinevi-dogan-kitap","10":"pa_yazar-elif-safak","12":"first","13":"instock","14":"sale","15":"shipping-taxable","16":"purchasable","17":"product-type-simple"},"_links":{"self":[{"href":"https:\/\/roveyayinevi.com.tr\/index.php\/wp-json\/wp\/v2\/product\/752367","targetHints":{"allow":["GET"]}}],"collection":[{"href":"https:\/\/roveyayinevi.com.tr\/index.php\/wp-json\/wp\/v2\/product"}],"about":[{"href":"https:\/\/roveyayinevi.com.tr\/index.php\/wp-json\/wp\/v2\/types\/product"}],"wp:attachment":[{"href":"https:\/\/roveyayinevi.com.tr\/index.php\/wp-json\/wp\/v2\/media?parent=752367"}],"wp:term":[{"taxonomy":"product_brand","embeddable":true,"href":"https:\/\/roveyayinevi.com.tr\/index.php\/wp-json\/wp\/v2\/product_brand?post=752367"},{"taxonomy":"product_cat","embeddable":true,"href":"https:\/\/roveyayinevi.com.tr\/index.php\/wp-json\/wp\/v2\/product_cat?post=752367"},{"taxonomy":"product_tag","embeddable":true,"href":"https:\/\/roveyayinevi.com.tr\/index.php\/wp-json\/wp\/v2\/product_tag?post=752367"}],"curies":[{"name":"wp","href":"https:\/\/api.w.org\/{rel}","templated":true}]}}