{"id":752366,"date":"2025-08-28T05:14:20","date_gmt":"2025-08-28T02:14:20","guid":{"rendered":"https:\/\/roveyayinevi.com.tr\/index.php\/urun\/kaynama\/"},"modified":"2026-04-16T03:05:53","modified_gmt":"2026-04-16T00:05:53","slug":"kaynama","status":"publish","type":"product","link":"https:\/\/roveyayinevi.com.tr\/index.php\/urun\/kaynama\/","title":{"rendered":"Kaynama"},"content":{"rendered":"<p>Ahmet Bican Ercilasun&#8217;un T\u00fcrk destan\u0131, d\u00fcnyas\u0131, tarihi, dili, edebiyat\u0131, k\u0131saca T\u00fcrkl\u00fck biliminin \u00e7e\u015fitli ba\u015fl\u0131klar\u0131nda ve bu ba\u015fl\u0131klarda T\u00fcrk milletine hizmet etmi\u015f isimler hakk\u0131nda kaleme ald\u0131\u011f\u0131, baz\u0131lar\u0131 yar\u0131 akademik yaz\u0131lardan olu\u015fan Kaynama, i\u015fledi\u011fi konular\u0131n geni\u015fli\u011fi ve \u00e7etinli\u011fine ra\u011fmen, bu konulara, yazar\u0131n\u0131n bilimsel duru\u015f ve duyu\u015funa halel getirmeden, T\u00fcrk\u00e7\u00fcl\u00fck zaviyesinden, yani en temel tan\u0131mlay\u0131c\u0131 ifadeleri kullanacak olursak tarihimizin b\u00fct\u00fcnl\u00fc\u011f\u00fc ve derinli\u011fi i\u00e7inden bakan bir el kitab\u0131 niteli\u011findedir. \u00d6mr\u00fcn\u00fcn altm\u0131\u015f y\u0131l\u0131n\u0131 T\u00fcrkl\u00fc\u011fe ve T\u00fcrkl\u00fck bilimine hasreden Ercilasun&#8217;un kalemi, ku\u015fatt\u0131\u011f\u0131 meseleleri kendi ya\u015fam\u0131n\u0131n bir par\u00e7as\u0131 h\u00e2line getirmi\u015f olman\u0131n verdi\u011fi yal\u0131n bir kuvvetle belitleyerek bilgece bir kolayl\u0131kla i\u015fliyor.<\/p>\n","protected":false},"excerpt":{"rendered":"<p>Ahmet Bican Ercilasun&#8217;un T\u00fcrk destan\u0131, d\u00fcnyas\u0131, tarihi, dili, edebiyat\u0131, k\u0131saca T\u00fcrkl\u00fck biliminin \u00e7e\u015fitli ba\u015fl\u0131klar\u0131nda ve bu ba\u015fl\u0131klarda T\u00fcrk milletine hizmet etmi\u015f isimler hakk\u0131nda kaleme ald\u0131\u011f\u0131, baz\u0131lar\u0131<span class=\"excerpt-hellip\"> [\u2026]<\/span><\/p>\n","protected":false},"featured_media":0,"template":"","meta":{"_monsterinsights_skip_tracking":false,"_monsterinsights_sitenote_active":false,"_monsterinsights_sitenote_note":"","_monsterinsights_sitenote_category":0},"product_brand":[],"product_cat":[13072,12291],"product_tag":[],"class_list":{"0":"post-752366","1":"product","2":"type-product","3":"status-publish","5":"product_cat-arastirma-inceleme-referans","6":"product_cat-edebiyat","7":"pa_cilt-ciltsiz","8":"pa_tur-kitap","9":"pa_yayinevi-otuken-nesriyat","10":"pa_yazar-ahmet-bican-ercilasun","12":"first","13":"instock","14":"sale","15":"shipping-taxable","16":"purchasable","17":"product-type-simple"},"_links":{"self":[{"href":"https:\/\/roveyayinevi.com.tr\/index.php\/wp-json\/wp\/v2\/product\/752366","targetHints":{"allow":["GET"]}}],"collection":[{"href":"https:\/\/roveyayinevi.com.tr\/index.php\/wp-json\/wp\/v2\/product"}],"about":[{"href":"https:\/\/roveyayinevi.com.tr\/index.php\/wp-json\/wp\/v2\/types\/product"}],"wp:attachment":[{"href":"https:\/\/roveyayinevi.com.tr\/index.php\/wp-json\/wp\/v2\/media?parent=752366"}],"wp:term":[{"taxonomy":"product_brand","embeddable":true,"href":"https:\/\/roveyayinevi.com.tr\/index.php\/wp-json\/wp\/v2\/product_brand?post=752366"},{"taxonomy":"product_cat","embeddable":true,"href":"https:\/\/roveyayinevi.com.tr\/index.php\/wp-json\/wp\/v2\/product_cat?post=752366"},{"taxonomy":"product_tag","embeddable":true,"href":"https:\/\/roveyayinevi.com.tr\/index.php\/wp-json\/wp\/v2\/product_tag?post=752366"}],"curies":[{"name":"wp","href":"https:\/\/api.w.org\/{rel}","templated":true}]}}