{"id":752363,"date":"2025-08-28T05:14:16","date_gmt":"2025-08-28T02:14:16","guid":{"rendered":"https:\/\/roveyayinevi.com.tr\/index.php\/urun\/uygur-savasi\/"},"modified":"2026-04-16T03:05:53","modified_gmt":"2026-04-16T00:05:53","slug":"uygur-savasi","status":"publish","type":"product","link":"https:\/\/roveyayinevi.com.tr\/index.php\/urun\/uygur-savasi\/","title":{"rendered":"Uygur Sava\u015f\u0131"},"content":{"rendered":"<p>D\u00fcnyan\u0131n en acil insani felaketlerinden biriilk kez k\u00e2milen masaya yat\u0131r\u0131l\u0131yor&#8230; Elinizdeki kitap, \u00c7in&#8217;in ABD \u00f6nderli\u011finde ba\u015flat\u0131lan \u201cTer\u00f6rle K\u00fcresel Sava\u015f\u201d\u0131, Uygur halk\u0131na y\u00f6nelik giderek artan vah\u015fi bask\u0131s\u0131n\u0131 has\u0131ralt\u0131 etmek i\u00e7in nas\u0131l kulland\u0131\u011f\u0131n\u0131 ortaya koyuyor. Kitap, \u00c7in&#8217;in faaliyetlerinin d\u00fcnyan\u0131n d\u00f6rt bir taraf\u0131ndaki devletleri ter\u00f6rle m\u00fccadele ad\u0131 alt\u0131nda etnik az\u0131nl\u0131klara zulmetme ve i\u00e7 muhalefeti \u015fiddetle bast\u0131rma konusunda cesaretlendirdi\u011fini savunuyor. 11 Eyl\u00fcl&#8217;de New York ve Washington&#8217;a yap\u0131lan sald\u0131r\u0131lardan birka\u00e7 hafta sonra \u00c7in h\u00fck\u00fbmeti, \u00e7o\u011funlu\u011fu M\u00fcsl\u00fcman olan Uygur etnik az\u0131nl\u0131\u011f\u0131ndan kaynaklanan ciddi bir ter\u00f6r tehdidiyle kar\u015f\u0131 kar\u015f\u0131ya oldu\u011funu ilan etti.Aradan ge\u00e7en yakla\u015f\u0131k yirmi y\u0131l\u0131n ard\u0131ndan bug\u00fcn, \u00c7in&#8217;de ya\u015fayan on bir milyon Uygurun bir milyondan fazlas\u0131 d\u00fcnyan\u0131n en b\u00fcy\u00fck kitlesel hapis ve g\u00f6zalt\u0131 sistemine d\u00f6n\u00fc\u015fen s\u00f6zde \u201cyeniden e\u011fitim kamplar\u0131\u201dnda hapsedildi. Ana vatanlar\u0131ndaki Uygurlar\u0131n yan\u0131 s\u0131ra m\u00fclteci topluluklar\u0131 ve s\u00fcrg\u00fcndeki Uygurlarla kapsaml\u0131 r\u00f6portajlardan faydalanan Sean Roberts, yaln\u0131zca devlet politikalar\u0131n\u0131 de\u011fil, \u00c7in devletinin bu y\u0131k\u0131c\u0131 programlar\u0131na Uygurlar\u0131n verdi\u011fi tepkileri de anlat\u0131yor.\u00c7in&#8217;in Uygurlara uygulad\u0131\u011f\u0131 k\u00fclt\u00fcrel soyk\u0131r\u0131ma ili\u015fkin anla\u015f\u0131l\u0131r ve geni\u015f kapsaml\u0131 bir analiz ortaya koyan ve \u00c7in Kom\u00fcnist Partisi&#8217;nin uygulad\u0131\u011f\u0131 vah\u015feti hakl\u0131 g\u00f6stermek i\u00e7in t\u00fcretti\u011fi mitleri yalanlayan delilleri objektif olarak ele alan Uygur Sava\u015f\u0131, bu insanl\u0131k dram\u0131n\u0131n en ac\u0131 \u015fekilde par\u00e7as\u0131 olanlar\u0131n seslerinin ilk kez duyulmas\u0131n\u0131 sa\u011fl\u0131yor.<\/p>\n","protected":false},"excerpt":{"rendered":"<p>D\u00fcnyan\u0131n en acil insani felaketlerinden biriilk kez k\u00e2milen masaya yat\u0131r\u0131l\u0131yor&#8230; Elinizdeki kitap, \u00c7in&#8217;in ABD \u00f6nderli\u011finde ba\u015flat\u0131lan \u201cTer\u00f6rle K\u00fcresel Sava\u015f\u201d\u0131, Uygur halk\u0131na y\u00f6nelik giderek artan vah\u015fi bask\u0131s\u0131n\u0131<span class=\"excerpt-hellip\"> [\u2026]<\/span><\/p>\n","protected":false},"featured_media":0,"template":"","meta":{"_monsterinsights_skip_tracking":false,"_monsterinsights_sitenote_active":false,"_monsterinsights_sitenote_note":"","_monsterinsights_sitenote_category":0},"product_brand":[],"product_cat":[12337],"product_tag":[],"class_list":{"0":"post-752363","1":"product","2":"type-product","3":"status-publish","5":"product_cat-politika-siyaset","6":"pa_cilt-ciltsiz","7":"pa_tur-kitap","8":"pa_yayinevi-otuken-nesriyat","9":"pa_yazar-sean-r-roberts","11":"first","12":"instock","13":"sale","14":"shipping-taxable","15":"purchasable","16":"product-type-simple"},"_links":{"self":[{"href":"https:\/\/roveyayinevi.com.tr\/index.php\/wp-json\/wp\/v2\/product\/752363","targetHints":{"allow":["GET"]}}],"collection":[{"href":"https:\/\/roveyayinevi.com.tr\/index.php\/wp-json\/wp\/v2\/product"}],"about":[{"href":"https:\/\/roveyayinevi.com.tr\/index.php\/wp-json\/wp\/v2\/types\/product"}],"wp:attachment":[{"href":"https:\/\/roveyayinevi.com.tr\/index.php\/wp-json\/wp\/v2\/media?parent=752363"}],"wp:term":[{"taxonomy":"product_brand","embeddable":true,"href":"https:\/\/roveyayinevi.com.tr\/index.php\/wp-json\/wp\/v2\/product_brand?post=752363"},{"taxonomy":"product_cat","embeddable":true,"href":"https:\/\/roveyayinevi.com.tr\/index.php\/wp-json\/wp\/v2\/product_cat?post=752363"},{"taxonomy":"product_tag","embeddable":true,"href":"https:\/\/roveyayinevi.com.tr\/index.php\/wp-json\/wp\/v2\/product_tag?post=752363"}],"curies":[{"name":"wp","href":"https:\/\/api.w.org\/{rel}","templated":true}]}}