{"id":752361,"date":"2025-08-28T05:14:13","date_gmt":"2025-08-28T02:14:13","guid":{"rendered":"https:\/\/roveyayinevi.com.tr\/index.php\/urun\/kutsal-gunah\/"},"modified":"2026-04-16T03:05:53","modified_gmt":"2026-04-16T00:05:53","slug":"kutsal-gunah","status":"publish","type":"product","link":"https:\/\/roveyayinevi.com.tr\/index.php\/urun\/kutsal-gunah\/","title":{"rendered":"Kutsal G\u00fcnah"},"content":{"rendered":"<p>\u00c7aresizli\u011fin ve yoklu\u011fun pen\u00e7esinde k\u0131vran\u0131rken ac\u0131mas\u0131z bir tarikat\u0131n eline d\u00fc\u015ferek \u201cse\u00e7ilmi\u015f bakire\u201d olarak kutsanan kimsesiz gen\u00e7 bir k\u0131z\u2026   Tanr\u0131lar\u0131n\u0131n bir kaya taraf\u0131ndan do\u011furuldu\u011funa inanan Mitraist bir yap\u0131lanman\u0131n \u00e7ocuk yurdunda beyni y\u0131kanarak b\u00fcy\u00fct\u00fclen yak\u0131\u015f\u0131kl\u0131 ve sert miza\u00e7l\u0131 bir delikanl\u0131\u2026   Kendilerini Kutsal Fahi\u015feler ve Tap\u0131nak fedaileri aras\u0131ndaki ac\u0131mas\u0131z bir sava\u015f\u0131n ortas\u0131nda bulup yollar\u0131 kesi\u015fen bu iki gencin sanc\u0131l\u0131 a\u015fklar\u0131, kurtulu\u015f m\u00fccadeleleri\u2026 \u201c\u015eeytan ayr\u0131nt\u0131larda gizlidir!\u201d dedirten soluk solu\u011fa bir m\u00fccadele\u2026 <\/p>\n","protected":false},"excerpt":{"rendered":"<p>\u00c7aresizli\u011fin ve yoklu\u011fun pen\u00e7esinde k\u0131vran\u0131rken ac\u0131mas\u0131z bir tarikat\u0131n eline d\u00fc\u015ferek \u201cse\u00e7ilmi\u015f bakire\u201d olarak kutsanan kimsesiz gen\u00e7 bir k\u0131z\u2026 Tanr\u0131lar\u0131n\u0131n bir kaya taraf\u0131ndan do\u011furuldu\u011funa inanan Mitraist bir<span class=\"excerpt-hellip\"> [\u2026]<\/span><\/p>\n","protected":false},"featured_media":0,"template":"","meta":{"_monsterinsights_skip_tracking":false,"_monsterinsights_sitenote_active":false,"_monsterinsights_sitenote_note":"","_monsterinsights_sitenote_category":0},"product_brand":[],"product_cat":[12291,12711],"product_tag":[],"class_list":{"0":"post-752361","1":"product","2":"type-product","3":"status-publish","5":"product_cat-edebiyat","6":"product_cat-roman-oyku","7":"pa_cilt-ciltsiz","8":"pa_tur-kitap","9":"pa_yayinevi-dark-istanbul-yayinlari","10":"pa_yazar-askin-zengin-akkus","12":"first","13":"instock","14":"sale","15":"shipping-taxable","16":"purchasable","17":"product-type-simple"},"_links":{"self":[{"href":"https:\/\/roveyayinevi.com.tr\/index.php\/wp-json\/wp\/v2\/product\/752361","targetHints":{"allow":["GET"]}}],"collection":[{"href":"https:\/\/roveyayinevi.com.tr\/index.php\/wp-json\/wp\/v2\/product"}],"about":[{"href":"https:\/\/roveyayinevi.com.tr\/index.php\/wp-json\/wp\/v2\/types\/product"}],"wp:attachment":[{"href":"https:\/\/roveyayinevi.com.tr\/index.php\/wp-json\/wp\/v2\/media?parent=752361"}],"wp:term":[{"taxonomy":"product_brand","embeddable":true,"href":"https:\/\/roveyayinevi.com.tr\/index.php\/wp-json\/wp\/v2\/product_brand?post=752361"},{"taxonomy":"product_cat","embeddable":true,"href":"https:\/\/roveyayinevi.com.tr\/index.php\/wp-json\/wp\/v2\/product_cat?post=752361"},{"taxonomy":"product_tag","embeddable":true,"href":"https:\/\/roveyayinevi.com.tr\/index.php\/wp-json\/wp\/v2\/product_tag?post=752361"}],"curies":[{"name":"wp","href":"https:\/\/api.w.org\/{rel}","templated":true}]}}