{"id":752357,"date":"2025-08-28T05:14:08","date_gmt":"2025-08-28T02:14:08","guid":{"rendered":"https:\/\/roveyayinevi.com.tr\/index.php\/urun\/yaramiz-derindir\/"},"modified":"2025-11-21T09:24:01","modified_gmt":"2025-11-21T06:24:01","slug":"yaramiz-derindir","status":"publish","type":"product","link":"https:\/\/roveyayinevi.com.tr\/index.php\/urun\/yaramiz-derindir\/","title":{"rendered":"Yaram\u0131z Derindir"},"content":{"rendered":"<p>\u00d6zgu\u0308r Sevgi G\u00f6ral, Yaram\u0131z Derindir-Haf\u0131za Sahas\u0131 ve S\u00f6mu\u0308rgeci Afazi\u2019de, Tu\u0308rkiye\u2019deki (muhalif) haf\u0131za sahas\u0131n\u0131n yol ve y\u00f6ntemlerini yeniden de\u011ferlendirmeye davet ediyor. Fransa\u2019n\u0131n Cezayir\u2019deki i\u015fgal, s\u00f6mu\u0308ru\u0308 ve sava\u015f deneyimiyle birlikte du\u0308\u015fu\u0308nerek, s\u00f6z konusu sahan\u0131n politik \u00e7er\u00e7evesinde bask\u0131n olan hak savunuculu\u011fu temelli; s\u00f6mu\u0308rgecilik ve \u0131rk\u00e7\u0131l\u0131k kaynakl\u0131 devlet \u015fiddeti bi\u00e7imlerini bireysel hak ihlali olarak \u00e7er\u00e7eveleyen; insan haklar\u0131 odakl\u0131 bir politik dilin, yu\u0308kselen neofa\u015fizmler \u00e7a\u011f\u0131ndaki etkisinin s\u0131n\u0131rlar\u0131n\u0131 sorgulat\u0131yor.   \u201cFa\u015fizm bitmi\u015f kapanm\u0131\u015f bir sayfa de\u011fildir; ba\u015fka bi\u00e7imlerde, ba\u015fka kelimelerle, ba\u015fka silahlarla, kahverengi yerine ye\u015fil renkle, asker postal\u0131yla ya da polis copuyla ama ayn\u0131 zamanda parlamentoda ve mahkemelerde, savc\u0131lar\u0131n iddianamelerinde, hu\u0308ku\u0308met kararnamelerinde de, demokrasinin kar\u015f\u0131s\u0131nda de\u011fil demokrasinin i\u00e7inde her zaman yeniden, mutlaka farkl\u0131 \u015fekillerde ve \u00e7ok \u00e7e\u015fitli g\u00f6ru\u0308ngu\u0308lerle zuhur etme kapasitesine sahiptir. Felaketler, biz onlara kar\u015f\u0131 mu\u0308cadele etmezsek, yeniden tekrar ederler.\u201d <\/p>\n","protected":false},"excerpt":{"rendered":"<p>\u00d6zgu\u0308r Sevgi G\u00f6ral, Yaram\u0131z Derindir-Haf\u0131za Sahas\u0131 ve S\u00f6mu\u0308rgeci Afazi\u2019de, Tu\u0308rkiye\u2019deki (muhalif) haf\u0131za sahas\u0131n\u0131n yol ve y\u00f6ntemlerini yeniden de\u011ferlendirmeye davet ediyor. Fransa\u2019n\u0131n Cezayir\u2019deki i\u015fgal, s\u00f6mu\u0308ru\u0308 ve sava\u015f<span class=\"excerpt-hellip\"> [\u2026]<\/span><\/p>\n","protected":false},"featured_media":0,"template":"","meta":{"_monsterinsights_skip_tracking":false,"_monsterinsights_sitenote_active":false,"_monsterinsights_sitenote_note":"","_monsterinsights_sitenote_category":0},"product_brand":[],"product_cat":[12325,12324],"product_tag":[],"class_list":{"0":"post-752357","1":"product","2":"type-product","3":"status-publish","5":"product_cat-diger-sosyoloji","6":"product_cat-sosyoloji","7":"pa_cilt-ciltsiz","8":"pa_tur-kitap","9":"pa_yayinevi-istos-yayincilik","10":"pa_yazar-ozgur-sevgi-goral","12":"first","13":"instock","14":"sale","15":"shipping-taxable","16":"purchasable","17":"product-type-simple"},"_links":{"self":[{"href":"https:\/\/roveyayinevi.com.tr\/index.php\/wp-json\/wp\/v2\/product\/752357","targetHints":{"allow":["GET"]}}],"collection":[{"href":"https:\/\/roveyayinevi.com.tr\/index.php\/wp-json\/wp\/v2\/product"}],"about":[{"href":"https:\/\/roveyayinevi.com.tr\/index.php\/wp-json\/wp\/v2\/types\/product"}],"wp:attachment":[{"href":"https:\/\/roveyayinevi.com.tr\/index.php\/wp-json\/wp\/v2\/media?parent=752357"}],"wp:term":[{"taxonomy":"product_brand","embeddable":true,"href":"https:\/\/roveyayinevi.com.tr\/index.php\/wp-json\/wp\/v2\/product_brand?post=752357"},{"taxonomy":"product_cat","embeddable":true,"href":"https:\/\/roveyayinevi.com.tr\/index.php\/wp-json\/wp\/v2\/product_cat?post=752357"},{"taxonomy":"product_tag","embeddable":true,"href":"https:\/\/roveyayinevi.com.tr\/index.php\/wp-json\/wp\/v2\/product_tag?post=752357"}],"curies":[{"name":"wp","href":"https:\/\/api.w.org\/{rel}","templated":true}]}}