{"id":752355,"date":"2025-08-28T05:14:04","date_gmt":"2025-08-28T02:14:04","guid":{"rendered":"https:\/\/roveyayinevi.com.tr\/index.php\/urun\/kayip-sahislar-burosu\/"},"modified":"2026-04-16T03:05:53","modified_gmt":"2026-04-16T00:05:53","slug":"kayip-sahislar-burosu","status":"publish","type":"product","link":"https:\/\/roveyayinevi.com.tr\/index.php\/urun\/kayip-sahislar-burosu\/","title":{"rendered":"Kay\u0131p \u015eah\u0131slar B\u00fcrosu"},"content":{"rendered":"<p>Be\u015fikta\u015f\u2019taki bir parkta, annesinin refakatinde oynarken esrarengiz \u015fekilde kaybolan be\u015f ya\u015f\u0131ndaki \u00fcst\u00fcn yetenekli \u00e7ocuk Simten\u2019in bulunmas\u0131 i\u00e7in polis dedektifleri zor bir soru\u015fturma y\u00fcr\u00fctmektedirler. \u00d6te yandan Ku\u015ftepe\u2019deki mahallesinde \u00f6zel dedektiflik mesle\u011fi icra etmekte olan medyum Doruk sentetik morfin yard\u0131m\u0131yla transa ge\u00e7ip m\u00fc\u015fterilerinin sorunlar\u0131n\u0131 \u00e7\u00f6z\u00fcme kavu\u015fturmakta ve onlar\u0131n kaderlerini de\u011fi\u015ftirmektedir. Doruk\u2019un vakalar\u0131n uykusuna yatarak gitti\u011fi ve ger\u00e7ek\u00fcst\u00fc bir yer g\u00f6r\u00fcn\u00fcm\u00fcndeki sanayi \u015firketi Cennet A.\u015e.\u2019nin merkez \u00fcss\u00fcndeki kariyeri sayg\u0131n bir seviyeye ula\u015fm\u0131\u015ft\u0131r.   Doruk\u2019un yeni ald\u0131\u011f\u0131 dedektiflik vakas\u0131n\u0131n onu derin bir batakl\u0131\u011fa s\u00fcr\u00fcklemesiyle birlikte giderek daha \u00e7etrefilli hale gelir. K\u00fc\u00e7\u00fck Simten\u2019in dosyas\u0131 kesi\u015fti\u011fi paralel kurgunun \u00e7izgisinde ilerlemeye ba\u015flar ve hik\u00e2yenin s\u00fcrprizli bir noktas\u0131nda, Doruk ve Simten\u2019in kaderleri de birle\u015fir.   \u00d6l\u00fcmc\u00fcl hastal\u0131\u011fa mahk\u00fbm gen\u00e7 medyum Doruk\u2019un parkta oyun oynarken kaybolan bir \u00e7ocu\u011fun polis soru\u015fturmas\u0131na kar\u0131\u015fmas\u0131n\u0131n hik\u00e2yesi olan Kay\u0131p \u015eah\u0131slar B\u00fcrosu, ayn\u0131 zamanda y\u0131llar i\u00e7inde \u00f6zerk bir b\u00f6lge i\u00e7inde kendi k\u00f6ks\u00fcz halk\u0131n\u0131 olu\u015fturmu\u015f devasa bir \u015firketin y\u00f6netim yap\u0131s\u0131n\u0131 sorgular. Polis k\u00fc\u00e7\u00fck Simten\u2019in izini s\u00fcrerken, Doruk\u2019un yolu kad\u0131n dergisi k\u00f6\u015fe yazar\u0131 Meltem\u2019le kesi\u015fir ve onunla birlikte konuk \u00f6\u011frencisi oldu\u011fu Cennet yerle\u015fkesinin yeralt\u0131 l\u00e2birentlerinde metaforlarla dolu bir yolculu\u011fa \u00e7\u0131karlar. <\/p>\n","protected":false},"excerpt":{"rendered":"<p>Be\u015fikta\u015f\u2019taki bir parkta, annesinin refakatinde oynarken esrarengiz \u015fekilde kaybolan be\u015f ya\u015f\u0131ndaki \u00fcst\u00fcn yetenekli \u00e7ocuk Simten\u2019in bulunmas\u0131 i\u00e7in polis dedektifleri zor bir soru\u015fturma y\u00fcr\u00fctmektedirler. \u00d6te yandan Ku\u015ftepe\u2019deki<span class=\"excerpt-hellip\"> [\u2026]<\/span><\/p>\n","protected":false},"featured_media":0,"template":"","meta":{"_monsterinsights_skip_tracking":false,"_monsterinsights_sitenote_active":false,"_monsterinsights_sitenote_note":"","_monsterinsights_sitenote_category":0},"product_brand":[],"product_cat":[12291,12711],"product_tag":[],"class_list":{"0":"post-752355","1":"product","2":"type-product","3":"status-publish","5":"product_cat-edebiyat","6":"product_cat-roman-oyku","7":"pa_cilt-ciltsiz","8":"pa_tur-kitap","9":"pa_yayinevi-dark-istanbul-yayinlari","10":"pa_yazar-ercan-akbay","12":"first","13":"instock","14":"sale","15":"shipping-taxable","16":"purchasable","17":"product-type-simple"},"_links":{"self":[{"href":"https:\/\/roveyayinevi.com.tr\/index.php\/wp-json\/wp\/v2\/product\/752355","targetHints":{"allow":["GET"]}}],"collection":[{"href":"https:\/\/roveyayinevi.com.tr\/index.php\/wp-json\/wp\/v2\/product"}],"about":[{"href":"https:\/\/roveyayinevi.com.tr\/index.php\/wp-json\/wp\/v2\/types\/product"}],"wp:attachment":[{"href":"https:\/\/roveyayinevi.com.tr\/index.php\/wp-json\/wp\/v2\/media?parent=752355"}],"wp:term":[{"taxonomy":"product_brand","embeddable":true,"href":"https:\/\/roveyayinevi.com.tr\/index.php\/wp-json\/wp\/v2\/product_brand?post=752355"},{"taxonomy":"product_cat","embeddable":true,"href":"https:\/\/roveyayinevi.com.tr\/index.php\/wp-json\/wp\/v2\/product_cat?post=752355"},{"taxonomy":"product_tag","embeddable":true,"href":"https:\/\/roveyayinevi.com.tr\/index.php\/wp-json\/wp\/v2\/product_tag?post=752355"}],"curies":[{"name":"wp","href":"https:\/\/api.w.org\/{rel}","templated":true}]}}