{"id":752354,"date":"2025-08-28T05:14:02","date_gmt":"2025-08-28T02:14:02","guid":{"rendered":"https:\/\/roveyayinevi.com.tr\/index.php\/urun\/adi-yok-siirlerin-2\/"},"modified":"2026-04-16T03:05:53","modified_gmt":"2026-04-16T00:05:53","slug":"adi-yok-siirlerin-2","status":"publish","type":"product","link":"https:\/\/roveyayinevi.com.tr\/index.php\/urun\/adi-yok-siirlerin-2\/","title":{"rendered":"Ad\u0131 Yok \u015eiirlerin"},"content":{"rendered":"<p>yazmad\u0131\u011f\u0131m \u015fiirler var bildiklerimden daha fazla belki kendime dahi okumadan bir defa ninnilere yak\u0131n ezgilere kar\u0131\u015f\u0131k seni i\u00e7eren, yazmay\u0131 y\u00fcre\u011fimin almad\u0131\u011f\u0131 r\u00fczg\u00e2ra davetk\u00e2r sonras\u0131nda tan\u0131nmad\u0131\u011f\u0131m asla kar\u015f\u0131la\u015famayaca\u011f\u0131n\u0131z \u015fiirler \u00f6ylesine yaral\u0131 yaln\u0131z.. \u00f6ylesine terk edilmi\u015f ki avuntular dolu tan sanc\u0131lar\u0131 i\u00e7inde susmak gibi..<\/p>\n","protected":false},"excerpt":{"rendered":"<p>yazmad\u0131\u011f\u0131m \u015fiirler var bildiklerimden daha fazla belki kendime dahi okumadan bir defa ninnilere yak\u0131n ezgilere kar\u0131\u015f\u0131k seni i\u00e7eren, yazmay\u0131 y\u00fcre\u011fimin almad\u0131\u011f\u0131 r\u00fczg\u00e2ra davetk\u00e2r sonras\u0131nda tan\u0131nmad\u0131\u011f\u0131m asla<span class=\"excerpt-hellip\"> [\u2026]<\/span><\/p>\n","protected":false},"featured_media":0,"template":"","meta":{"_monsterinsights_skip_tracking":false,"_monsterinsights_sitenote_active":false,"_monsterinsights_sitenote_note":"","_monsterinsights_sitenote_category":0},"product_brand":[],"product_cat":[12291,12509],"product_tag":[],"class_list":{"0":"post-752354","1":"product","2":"type-product","3":"status-publish","5":"product_cat-edebiyat","6":"product_cat-siir","7":"pa_cilt-ciltsiz","8":"pa_tur-kitap","9":"pa_yayinevi-elpis-yayinlari","10":"pa_yazar-umit-yakinci","12":"first","13":"instock","14":"sale","15":"shipping-taxable","16":"purchasable","17":"product-type-simple"},"_links":{"self":[{"href":"https:\/\/roveyayinevi.com.tr\/index.php\/wp-json\/wp\/v2\/product\/752354","targetHints":{"allow":["GET"]}}],"collection":[{"href":"https:\/\/roveyayinevi.com.tr\/index.php\/wp-json\/wp\/v2\/product"}],"about":[{"href":"https:\/\/roveyayinevi.com.tr\/index.php\/wp-json\/wp\/v2\/types\/product"}],"wp:attachment":[{"href":"https:\/\/roveyayinevi.com.tr\/index.php\/wp-json\/wp\/v2\/media?parent=752354"}],"wp:term":[{"taxonomy":"product_brand","embeddable":true,"href":"https:\/\/roveyayinevi.com.tr\/index.php\/wp-json\/wp\/v2\/product_brand?post=752354"},{"taxonomy":"product_cat","embeddable":true,"href":"https:\/\/roveyayinevi.com.tr\/index.php\/wp-json\/wp\/v2\/product_cat?post=752354"},{"taxonomy":"product_tag","embeddable":true,"href":"https:\/\/roveyayinevi.com.tr\/index.php\/wp-json\/wp\/v2\/product_tag?post=752354"}],"curies":[{"name":"wp","href":"https:\/\/api.w.org\/{rel}","templated":true}]}}