{"id":752350,"date":"2025-08-28T05:13:56","date_gmt":"2025-08-28T02:13:56","guid":{"rendered":"https:\/\/roveyayinevi.com.tr\/index.php\/urun\/inan-olsun\/"},"modified":"2026-04-08T03:12:15","modified_gmt":"2026-04-08T00:12:15","slug":"inan-olsun","status":"publish","type":"product","link":"https:\/\/roveyayinevi.com.tr\/index.php\/urun\/inan-olsun\/","title":{"rendered":"\u0130nan Olsun"},"content":{"rendered":"<p>Bollu\u011fa, ba\u015far\u0131ya ve \u015fifaya a\u00e7\u0131lan bu de\u011ferli kap\u0131y\u0131 kendiniz i\u00e7in a\u00e7maya haz\u0131r m\u0131s\u0131n\u0131z?   Her g\u00fcn\u00fcn\u00fcz\u00fc bir \u00f6d\u00fcl gibi ya\u015fay\u0131p imkans\u0131z g\u00f6rd\u00fc\u011f\u00fcn\u00fcz her \u015feyi kendiniz i\u00e7in m\u00fcmk\u00fcn k\u0131larak \u00f6zg\u00fcr olmay\u0131 se\u00e7in.   Bu kitapta amac\u0131m, en iyi versiyonunuza ula\u015fman\u0131z\u0131 sa\u011flamakt\u0131r. Kitapta sizin i\u00e7in haz\u0131rlad\u0131\u011f\u0131m her al\u0131\u015ft\u0131rmay\u0131, meditasyonlar\u0131, rit\u00fcelleri ve his \u00e7al\u0131\u015fmalar\u0131n\u0131 yapt\u0131k\u00e7a kendi de\u011fi\u015fiminizi kutlayarak hayat\u0131n\u0131zda ger\u00e7ek olmas\u0131n\u0131 istedi\u011finiz \u015feylerin sizin \u00e7ekim alan\u0131n\u0131zda belirdi\u011fini g\u00f6receksiniz.<\/p>\n","protected":false},"excerpt":{"rendered":"<p>Bollu\u011fa, ba\u015far\u0131ya ve \u015fifaya a\u00e7\u0131lan bu de\u011ferli kap\u0131y\u0131 kendiniz i\u00e7in a\u00e7maya haz\u0131r m\u0131s\u0131n\u0131z? Her g\u00fcn\u00fcn\u00fcz\u00fc bir \u00f6d\u00fcl gibi ya\u015fay\u0131p imkans\u0131z g\u00f6rd\u00fc\u011f\u00fcn\u00fcz her \u015feyi kendiniz i\u00e7in m\u00fcmk\u00fcn<span class=\"excerpt-hellip\"> [\u2026]<\/span><\/p>\n","protected":false},"featured_media":0,"template":"","meta":{"_monsterinsights_skip_tracking":false,"_monsterinsights_sitenote_active":false,"_monsterinsights_sitenote_note":"","_monsterinsights_sitenote_category":0},"product_brand":[],"product_cat":[12364,12376],"product_tag":[],"class_list":{"0":"post-752350","1":"product","2":"type-product","3":"status-publish","5":"product_cat-genel-konular","6":"product_cat-kisisel-gelisim","7":"pa_cilt-ciltsiz","8":"pa_tur-kitap","9":"pa_yayinevi-perseus","10":"pa_yazar-canan-alp","12":"first","13":"instock","14":"sale","15":"shipping-taxable","16":"purchasable","17":"product-type-simple"},"_links":{"self":[{"href":"https:\/\/roveyayinevi.com.tr\/index.php\/wp-json\/wp\/v2\/product\/752350","targetHints":{"allow":["GET"]}}],"collection":[{"href":"https:\/\/roveyayinevi.com.tr\/index.php\/wp-json\/wp\/v2\/product"}],"about":[{"href":"https:\/\/roveyayinevi.com.tr\/index.php\/wp-json\/wp\/v2\/types\/product"}],"wp:attachment":[{"href":"https:\/\/roveyayinevi.com.tr\/index.php\/wp-json\/wp\/v2\/media?parent=752350"}],"wp:term":[{"taxonomy":"product_brand","embeddable":true,"href":"https:\/\/roveyayinevi.com.tr\/index.php\/wp-json\/wp\/v2\/product_brand?post=752350"},{"taxonomy":"product_cat","embeddable":true,"href":"https:\/\/roveyayinevi.com.tr\/index.php\/wp-json\/wp\/v2\/product_cat?post=752350"},{"taxonomy":"product_tag","embeddable":true,"href":"https:\/\/roveyayinevi.com.tr\/index.php\/wp-json\/wp\/v2\/product_tag?post=752350"}],"curies":[{"name":"wp","href":"https:\/\/api.w.org\/{rel}","templated":true}]}}